{"id":9600,"date":"2016-03-24T14:35:53","date_gmt":"2016-03-24T13:35:53","guid":{"rendered":"http:\/\/lexing.ch\/en\/product\/pack-contrat-hebergement-contrat-type\/"},"modified":"2016-12-10T12:33:09","modified_gmt":"2016-12-10T11:33:09","slug":"pack-contrat-hebergement-contrat-type","status":"publish","type":"product","link":"https:\/\/lexing.ch\/en\/product\/pack-contrat-hebergement-contrat-type\/","title":{"rendered":"Pack contrat h\u00e9bergement ET contrat type"},"content":{"rendered":"<p><strong>Objet :<br \/>\n<\/strong>Ce pack est destin\u00e9 \u00e0 pr\u00e9venir les difficult\u00e9s susceptibles de survenir dans les relations avec un prestataire externe en charge de l\u00b4h\u00e9bergement du site web de votre entreprise. Afin d\u00b4assurer une ad\u00e9quation optimale entre notre offre et les besoins ou souhaits particuliers de votre entreprise,\u00a0des services compl\u00e9mentaires sont \u00e9galement propos\u00e9s.<\/p>\n<p><strong>Services offerts\u00a0:<\/strong><\/p>\n<ul>\n<li>Check-list pr\u00e9liminaire\u00a0(.doc et .odt);<\/li>\n<li>Entretien personnalis\u00e9 d\u00b4\u00e9valuation du projet (une heure) \u00e0 l\u2019un de nos bureaux, via Skype ou par t\u00e9l\u00e9phone (suivant votre choix) ;<\/li>\n<li>\u00c9laboration d\u00b4une check-list personnalis\u00e9e des pr\u00e9cautions \u00e0 observer compte tenu des principales sp\u00e9cificit\u00e9s du projet\u00a0;<\/li>\n<li>Contrat type d\u00b4h\u00e9bergement de site web<\/li>\n<li>Br\u00e8ve consultation comprenant des conseils en vue d\u00b4assurer une bonne utilisation du contrat type<\/li>\n<\/ul>\n","protected":false},"excerpt":{"rendered":"<p>Objet : Ce pack est destin\u00e9 \u00e0 pr\u00e9venir les difficult\u00e9s susceptibles de survenir dans les relations avec un prestataire externe en charge de l\u00b4h\u00e9bergement du site web de votre entreprise. Afin d\u00b4assurer une ad\u00e9quation optimale entre notre offre et les besoins ou souhaits particuliers de votre entreprise,\u00a0des services compl\u00e9mentaires sont \u00e9galement propos\u00e9s. Services offerts\u00a0: Check-list [&hellip;]<\/p>\n","protected":false},"featured_media":0,"comment_status":"open","ping_status":"closed","template":"","meta":{"_acf_changed":false},"product_brand":[],"product_cat":[299],"product_tag":[],"class_list":{"0":"post-9600","1":"product","2":"type-product","3":"status-publish","5":"product_cat-droit-technologies-information-en","7":"first","8":"instock","9":"downloadable","10":"virtual","11":"sold-individually","12":"taxable","13":"purchasable","14":"product-type-simple"},"yoast_head":"<!-- This site is optimized with the Yoast SEO Premium plugin v20.11 (Yoast SEO v27.3) - https:\/\/yoast.com\/product\/yoast-seo-premium-wordpress\/ -->\n<title>Pack contrat h\u00e9bergement ET contrat type - Lexing Switzerland<\/title>\n<meta name=\"robots\" content=\"index, follow, max-snippet:-1, max-image-preview:large, max-video-preview:-1\" \/>\n<link rel=\"canonical\" href=\"https:\/\/lexing.ch\/en\/product\/pack-contrat-hebergement-contrat-type\/\" \/>\n<meta property=\"og:locale\" content=\"en_US\" \/>\n<meta property=\"og:type\" content=\"article\" \/>\n<meta property=\"og:title\" content=\"Pack contrat h\u00e9bergement ET contrat type\" \/>\n<meta property=\"og:description\" content=\"Objet : Ce pack est destin\u00e9 \u00e0 pr\u00e9venir les difficult\u00e9s susceptibles de survenir dans les relations avec un prestataire externe en charge de l\u00b4h\u00e9bergement du site web de votre entreprise. Afin d\u00b4assurer une ad\u00e9quation optimale entre notre offre et les besoins ou souhaits particuliers de votre entreprise,\u00a0des services compl\u00e9mentaires sont \u00e9galement propos\u00e9s. Services offerts\u00a0: Check-list [&hellip;]\" \/>\n<meta property=\"og:url\" content=\"https:\/\/lexing.ch\/en\/product\/pack-contrat-hebergement-contrat-type\/\" \/>\n<meta property=\"og:site_name\" content=\"Lexing Switzerland\" \/>\n<meta property=\"article:publisher\" content=\"https:\/\/www.facebook.com\/Lexing.ch\" \/>\n<meta property=\"article:modified_time\" content=\"2016-12-10T11:33:09+00:00\" \/>\n<meta name=\"twitter:card\" content=\"summary_large_image\" \/>\n<meta name=\"twitter:site\" content=\"@sebastienfanti\" \/>\n<meta name=\"twitter:label1\" content=\"Est. reading time\" \/>\n\t<meta name=\"twitter:data1\" content=\"1 minute\" \/>\n<script type=\"application\/ld+json\" class=\"yoast-schema-graph\">{\"@context\":\"https:\\\/\\\/schema.org\",\"@graph\":[{\"@type\":\"WebPage\",\"@id\":\"https:\\\/\\\/lexing.ch\\\/en\\\/product\\\/pack-contrat-hebergement-contrat-type\\\/\",\"url\":\"https:\\\/\\\/lexing.ch\\\/en\\\/product\\\/pack-contrat-hebergement-contrat-type\\\/\",\"name\":\"Pack contrat h\u00e9bergement ET contrat type - Lexing Switzerland\",\"isPartOf\":{\"@id\":\"https:\\\/\\\/lexing.ch\\\/#website\"},\"datePublished\":\"2016-03-24T13:35:53+00:00\",\"dateModified\":\"2016-12-10T11:33:09+00:00\",\"breadcrumb\":{\"@id\":\"https:\\\/\\\/lexing.ch\\\/en\\\/product\\\/pack-contrat-hebergement-contrat-type\\\/#breadcrumb\"},\"inLanguage\":\"en-US\",\"potentialAction\":[{\"@type\":\"ReadAction\",\"target\":[\"https:\\\/\\\/lexing.ch\\\/en\\\/product\\\/pack-contrat-hebergement-contrat-type\\\/\"]}]},{\"@type\":\"BreadcrumbList\",\"@id\":\"https:\\\/\\\/lexing.ch\\\/en\\\/product\\\/pack-contrat-hebergement-contrat-type\\\/#breadcrumb\",\"itemListElement\":[{\"@type\":\"ListItem\",\"position\":1,\"name\":\"Accueil\",\"item\":\"https:\\\/\\\/lexing.ch\\\/en\\\/\"},{\"@type\":\"ListItem\",\"position\":2,\"name\":\"Products\",\"item\":\"https:\\\/\\\/lexing.ch\\\/en\\\/shop\\\/\"},{\"@type\":\"ListItem\",\"position\":3,\"name\":\"Pack contrat h\u00e9bergement ET contrat type\"}]},{\"@type\":\"WebSite\",\"@id\":\"https:\\\/\\\/lexing.ch\\\/#website\",\"url\":\"https:\\\/\\\/lexing.ch\\\/\",\"name\":\"Lexing Switzerland\",\"description\":\"Common sense. Innovative solutions.\",\"publisher\":{\"@id\":\"https:\\\/\\\/lexing.ch\\\/#organization\"},\"potentialAction\":[{\"@type\":\"SearchAction\",\"target\":{\"@type\":\"EntryPoint\",\"urlTemplate\":\"https:\\\/\\\/lexing.ch\\\/?s={search_term_string}\"},\"query-input\":{\"@type\":\"PropertyValueSpecification\",\"valueRequired\":true,\"valueName\":\"search_term_string\"}}],\"inLanguage\":\"en-US\"},{\"@type\":\"Organization\",\"@id\":\"https:\\\/\\\/lexing.ch\\\/#organization\",\"name\":\"Lexing.ch\",\"url\":\"https:\\\/\\\/lexing.ch\\\/\",\"logo\":{\"@type\":\"ImageObject\",\"inLanguage\":\"en-US\",\"@id\":\"https:\\\/\\\/lexing.ch\\\/#\\\/schema\\\/logo\\\/image\\\/\",\"url\":\"https:\\\/\\\/lexing.ch\\\/wp-content\\\/uploads\\\/2018\\\/02\\\/logo-lexing-ch.png\",\"contentUrl\":\"https:\\\/\\\/lexing.ch\\\/wp-content\\\/uploads\\\/2018\\\/02\\\/logo-lexing-ch.png\",\"width\":\"500\",\"height\":\"174\",\"caption\":\"Lexing.ch\"},\"image\":{\"@id\":\"https:\\\/\\\/lexing.ch\\\/#\\\/schema\\\/logo\\\/image\\\/\"},\"sameAs\":[\"https:\\\/\\\/www.facebook.com\\\/Lexing.ch\",\"https:\\\/\\\/x.com\\\/sebastienfanti\"]}]}<\/script>\n<!-- \/ Yoast SEO Premium plugin. -->","yoast_head_json":{"title":"Pack contrat h\u00e9bergement ET contrat type - Lexing Switzerland","robots":{"index":"index","follow":"follow","max-snippet":"max-snippet:-1","max-image-preview":"max-image-preview:large","max-video-preview":"max-video-preview:-1"},"canonical":"https:\/\/lexing.ch\/en\/product\/pack-contrat-hebergement-contrat-type\/","og_locale":"en_US","og_type":"article","og_title":"Pack contrat h\u00e9bergement ET contrat type","og_description":"Objet : Ce pack est destin\u00e9 \u00e0 pr\u00e9venir les difficult\u00e9s susceptibles de survenir dans les relations avec un prestataire externe en charge de l\u00b4h\u00e9bergement du site web de votre entreprise. Afin d\u00b4assurer une ad\u00e9quation optimale entre notre offre et les besoins ou souhaits particuliers de votre entreprise,\u00a0des services compl\u00e9mentaires sont \u00e9galement propos\u00e9s. Services offerts\u00a0: Check-list [&hellip;]","og_url":"https:\/\/lexing.ch\/en\/product\/pack-contrat-hebergement-contrat-type\/","og_site_name":"Lexing Switzerland","article_publisher":"https:\/\/www.facebook.com\/Lexing.ch","article_modified_time":"2016-12-10T11:33:09+00:00","twitter_card":"summary_large_image","twitter_site":"@sebastienfanti","twitter_misc":{"Est. reading time":"1 minute"},"schema":{"@context":"https:\/\/schema.org","@graph":[{"@type":"WebPage","@id":"https:\/\/lexing.ch\/en\/product\/pack-contrat-hebergement-contrat-type\/","url":"https:\/\/lexing.ch\/en\/product\/pack-contrat-hebergement-contrat-type\/","name":"Pack contrat h\u00e9bergement ET contrat type - Lexing Switzerland","isPartOf":{"@id":"https:\/\/lexing.ch\/#website"},"datePublished":"2016-03-24T13:35:53+00:00","dateModified":"2016-12-10T11:33:09+00:00","breadcrumb":{"@id":"https:\/\/lexing.ch\/en\/product\/pack-contrat-hebergement-contrat-type\/#breadcrumb"},"inLanguage":"en-US","potentialAction":[{"@type":"ReadAction","target":["https:\/\/lexing.ch\/en\/product\/pack-contrat-hebergement-contrat-type\/"]}]},{"@type":"BreadcrumbList","@id":"https:\/\/lexing.ch\/en\/product\/pack-contrat-hebergement-contrat-type\/#breadcrumb","itemListElement":[{"@type":"ListItem","position":1,"name":"Accueil","item":"https:\/\/lexing.ch\/en\/"},{"@type":"ListItem","position":2,"name":"Products","item":"https:\/\/lexing.ch\/en\/shop\/"},{"@type":"ListItem","position":3,"name":"Pack contrat h\u00e9bergement ET contrat type"}]},{"@type":"WebSite","@id":"https:\/\/lexing.ch\/#website","url":"https:\/\/lexing.ch\/","name":"Lexing Switzerland","description":"Common sense. Innovative solutions.","publisher":{"@id":"https:\/\/lexing.ch\/#organization"},"potentialAction":[{"@type":"SearchAction","target":{"@type":"EntryPoint","urlTemplate":"https:\/\/lexing.ch\/?s={search_term_string}"},"query-input":{"@type":"PropertyValueSpecification","valueRequired":true,"valueName":"search_term_string"}}],"inLanguage":"en-US"},{"@type":"Organization","@id":"https:\/\/lexing.ch\/#organization","name":"Lexing.ch","url":"https:\/\/lexing.ch\/","logo":{"@type":"ImageObject","inLanguage":"en-US","@id":"https:\/\/lexing.ch\/#\/schema\/logo\/image\/","url":"https:\/\/lexing.ch\/wp-content\/uploads\/2018\/02\/logo-lexing-ch.png","contentUrl":"https:\/\/lexing.ch\/wp-content\/uploads\/2018\/02\/logo-lexing-ch.png","width":"500","height":"174","caption":"Lexing.ch"},"image":{"@id":"https:\/\/lexing.ch\/#\/schema\/logo\/image\/"},"sameAs":["https:\/\/www.facebook.com\/Lexing.ch","https:\/\/x.com\/sebastienfanti"]}]}},"acf":[],"_links":{"self":[{"href":"https:\/\/lexing.ch\/en\/wp-json\/wp\/v2\/product\/9600","targetHints":{"allow":["GET"]}}],"collection":[{"href":"https:\/\/lexing.ch\/en\/wp-json\/wp\/v2\/product"}],"about":[{"href":"https:\/\/lexing.ch\/en\/wp-json\/wp\/v2\/types\/product"}],"replies":[{"embeddable":true,"href":"https:\/\/lexing.ch\/en\/wp-json\/wp\/v2\/comments?post=9600"}],"wp:attachment":[{"href":"https:\/\/lexing.ch\/en\/wp-json\/wp\/v2\/media?parent=9600"}],"wp:term":[{"taxonomy":"product_brand","embeddable":true,"href":"https:\/\/lexing.ch\/en\/wp-json\/wp\/v2\/product_brand?post=9600"},{"taxonomy":"product_cat","embeddable":true,"href":"https:\/\/lexing.ch\/en\/wp-json\/wp\/v2\/product_cat?post=9600"},{"taxonomy":"product_tag","embeddable":true,"href":"https:\/\/lexing.ch\/en\/wp-json\/wp\/v2\/product_tag?post=9600"}],"curies":[{"name":"wp","href":"https:\/\/api.w.org\/{rel}","templated":true}]}}