{"id":9599,"date":"2016-03-24T14:37:45","date_gmt":"2016-03-24T13:37:45","guid":{"rendered":"http:\/\/lexing.ch\/en\/product\/pack-creation-site-web\/"},"modified":"2016-12-10T12:32:12","modified_gmt":"2016-12-10T11:32:12","slug":"pack-creation-site-web","status":"publish","type":"product","link":"https:\/\/lexing.ch\/en\/product\/pack-creation-site-web\/","title":{"rendered":"Pack cr\u00e9ation site web"},"content":{"rendered":"<p><strong>Objet :<\/strong><br \/>\nL\u00b4exploitation paisible d\u00b4un site web suppose que la relation contractuelle avec le d\u00e9veloppeur ait \u00e9t\u00e9 organis\u00e9e selon des dispositions appropri\u00e9es. Le pr\u00e9sent pack vise pr\u00e9cis\u00e9ment \u00e0 offrir \u00e0 votre entreprise les assurances requises \u00e0 cet \u00e9gard.<\/p>\n<p><strong>Services offerts :<\/strong><\/p>\n<ul>\n<li>Check-list pr\u00e9liminaire\u00a0(.doc et .odt);<\/li>\n<li>Entretien personnalis\u00e9 d\u00b4\u00e9valuation du projet (une heure) \u00e0 l\u2019un de nos bureaux, via Skype ou par t\u00e9l\u00e9phone (suivant votre choix)\u00a0;<\/li>\n<li>\u00c9laboration d\u00b4une check-list personnalis\u00e9e des pr\u00e9cautions \u00e0 observer compte tenu des principales sp\u00e9cificit\u00e9s du projet.<\/li>\n<\/ul>\n<p>&nbsp;<\/p>\n","protected":false},"excerpt":{"rendered":"<p>Objet : L\u00b4exploitation paisible d\u00b4un site web suppose que la relation contractuelle avec le d\u00e9veloppeur ait \u00e9t\u00e9 organis\u00e9e selon des dispositions appropri\u00e9es. Le pr\u00e9sent pack vise pr\u00e9cis\u00e9ment \u00e0 offrir \u00e0 votre entreprise les assurances requises \u00e0 cet \u00e9gard. Services offerts : Check-list pr\u00e9liminaire\u00a0(.doc et .odt); Entretien personnalis\u00e9 d\u00b4\u00e9valuation du projet (une heure) \u00e0 l\u2019un de [&hellip;]<\/p>\n","protected":false},"featured_media":0,"comment_status":"open","ping_status":"closed","template":"","meta":{"_acf_changed":false},"product_brand":[],"product_cat":[299],"product_tag":[],"class_list":{"0":"post-9599","1":"product","2":"type-product","3":"status-publish","5":"product_cat-droit-technologies-information-en","7":"first","8":"instock","9":"downloadable","10":"virtual","11":"sold-individually","12":"taxable","13":"purchasable","14":"product-type-simple"},"yoast_head":"<!-- This site is optimized with the Yoast SEO Premium plugin v20.11 (Yoast SEO v27.3) - https:\/\/yoast.com\/product\/yoast-seo-premium-wordpress\/ -->\n<title>Pack cr\u00e9ation site web - Lexing Switzerland<\/title>\n<meta name=\"robots\" content=\"index, follow, max-snippet:-1, max-image-preview:large, max-video-preview:-1\" \/>\n<link rel=\"canonical\" href=\"https:\/\/lexing.ch\/en\/product\/pack-creation-site-web\/\" \/>\n<meta property=\"og:locale\" content=\"en_US\" \/>\n<meta property=\"og:type\" content=\"article\" \/>\n<meta property=\"og:title\" content=\"Pack cr\u00e9ation site web\" \/>\n<meta property=\"og:description\" content=\"Objet : L\u00b4exploitation paisible d\u00b4un site web suppose que la relation contractuelle avec le d\u00e9veloppeur ait \u00e9t\u00e9 organis\u00e9e selon des dispositions appropri\u00e9es. Le pr\u00e9sent pack vise pr\u00e9cis\u00e9ment \u00e0 offrir \u00e0 votre entreprise les assurances requises \u00e0 cet \u00e9gard. Services offerts : Check-list pr\u00e9liminaire\u00a0(.doc et .odt); Entretien personnalis\u00e9 d\u00b4\u00e9valuation du projet (une heure) \u00e0 l\u2019un de [&hellip;]\" \/>\n<meta property=\"og:url\" content=\"https:\/\/lexing.ch\/en\/product\/pack-creation-site-web\/\" \/>\n<meta property=\"og:site_name\" content=\"Lexing Switzerland\" \/>\n<meta property=\"article:publisher\" content=\"https:\/\/www.facebook.com\/Lexing.ch\" \/>\n<meta property=\"article:modified_time\" content=\"2016-12-10T11:32:12+00:00\" \/>\n<meta name=\"twitter:card\" content=\"summary_large_image\" \/>\n<meta name=\"twitter:site\" content=\"@sebastienfanti\" \/>\n<script type=\"application\/ld+json\" class=\"yoast-schema-graph\">{\"@context\":\"https:\\\/\\\/schema.org\",\"@graph\":[{\"@type\":\"WebPage\",\"@id\":\"https:\\\/\\\/lexing.ch\\\/en\\\/product\\\/pack-creation-site-web\\\/\",\"url\":\"https:\\\/\\\/lexing.ch\\\/en\\\/product\\\/pack-creation-site-web\\\/\",\"name\":\"Pack cr\u00e9ation site web - Lexing Switzerland\",\"isPartOf\":{\"@id\":\"https:\\\/\\\/lexing.ch\\\/#website\"},\"datePublished\":\"2016-03-24T13:37:45+00:00\",\"dateModified\":\"2016-12-10T11:32:12+00:00\",\"breadcrumb\":{\"@id\":\"https:\\\/\\\/lexing.ch\\\/en\\\/product\\\/pack-creation-site-web\\\/#breadcrumb\"},\"inLanguage\":\"en-US\",\"potentialAction\":[{\"@type\":\"ReadAction\",\"target\":[\"https:\\\/\\\/lexing.ch\\\/en\\\/product\\\/pack-creation-site-web\\\/\"]}]},{\"@type\":\"BreadcrumbList\",\"@id\":\"https:\\\/\\\/lexing.ch\\\/en\\\/product\\\/pack-creation-site-web\\\/#breadcrumb\",\"itemListElement\":[{\"@type\":\"ListItem\",\"position\":1,\"name\":\"Accueil\",\"item\":\"https:\\\/\\\/lexing.ch\\\/en\\\/\"},{\"@type\":\"ListItem\",\"position\":2,\"name\":\"Products\",\"item\":\"https:\\\/\\\/lexing.ch\\\/en\\\/shop\\\/\"},{\"@type\":\"ListItem\",\"position\":3,\"name\":\"Pack cr\u00e9ation site web\"}]},{\"@type\":\"WebSite\",\"@id\":\"https:\\\/\\\/lexing.ch\\\/#website\",\"url\":\"https:\\\/\\\/lexing.ch\\\/\",\"name\":\"Lexing Switzerland\",\"description\":\"Common sense. Innovative solutions.\",\"publisher\":{\"@id\":\"https:\\\/\\\/lexing.ch\\\/#organization\"},\"potentialAction\":[{\"@type\":\"SearchAction\",\"target\":{\"@type\":\"EntryPoint\",\"urlTemplate\":\"https:\\\/\\\/lexing.ch\\\/?s={search_term_string}\"},\"query-input\":{\"@type\":\"PropertyValueSpecification\",\"valueRequired\":true,\"valueName\":\"search_term_string\"}}],\"inLanguage\":\"en-US\"},{\"@type\":\"Organization\",\"@id\":\"https:\\\/\\\/lexing.ch\\\/#organization\",\"name\":\"Lexing.ch\",\"url\":\"https:\\\/\\\/lexing.ch\\\/\",\"logo\":{\"@type\":\"ImageObject\",\"inLanguage\":\"en-US\",\"@id\":\"https:\\\/\\\/lexing.ch\\\/#\\\/schema\\\/logo\\\/image\\\/\",\"url\":\"https:\\\/\\\/lexing.ch\\\/wp-content\\\/uploads\\\/2018\\\/02\\\/logo-lexing-ch.png\",\"contentUrl\":\"https:\\\/\\\/lexing.ch\\\/wp-content\\\/uploads\\\/2018\\\/02\\\/logo-lexing-ch.png\",\"width\":\"500\",\"height\":\"174\",\"caption\":\"Lexing.ch\"},\"image\":{\"@id\":\"https:\\\/\\\/lexing.ch\\\/#\\\/schema\\\/logo\\\/image\\\/\"},\"sameAs\":[\"https:\\\/\\\/www.facebook.com\\\/Lexing.ch\",\"https:\\\/\\\/x.com\\\/sebastienfanti\"]}]}<\/script>\n<!-- \/ Yoast SEO Premium plugin. -->","yoast_head_json":{"title":"Pack cr\u00e9ation site web - Lexing Switzerland","robots":{"index":"index","follow":"follow","max-snippet":"max-snippet:-1","max-image-preview":"max-image-preview:large","max-video-preview":"max-video-preview:-1"},"canonical":"https:\/\/lexing.ch\/en\/product\/pack-creation-site-web\/","og_locale":"en_US","og_type":"article","og_title":"Pack cr\u00e9ation site web","og_description":"Objet : L\u00b4exploitation paisible d\u00b4un site web suppose que la relation contractuelle avec le d\u00e9veloppeur ait \u00e9t\u00e9 organis\u00e9e selon des dispositions appropri\u00e9es. Le pr\u00e9sent pack vise pr\u00e9cis\u00e9ment \u00e0 offrir \u00e0 votre entreprise les assurances requises \u00e0 cet \u00e9gard. Services offerts : Check-list pr\u00e9liminaire\u00a0(.doc et .odt); Entretien personnalis\u00e9 d\u00b4\u00e9valuation du projet (une heure) \u00e0 l\u2019un de [&hellip;]","og_url":"https:\/\/lexing.ch\/en\/product\/pack-creation-site-web\/","og_site_name":"Lexing Switzerland","article_publisher":"https:\/\/www.facebook.com\/Lexing.ch","article_modified_time":"2016-12-10T11:32:12+00:00","twitter_card":"summary_large_image","twitter_site":"@sebastienfanti","schema":{"@context":"https:\/\/schema.org","@graph":[{"@type":"WebPage","@id":"https:\/\/lexing.ch\/en\/product\/pack-creation-site-web\/","url":"https:\/\/lexing.ch\/en\/product\/pack-creation-site-web\/","name":"Pack cr\u00e9ation site web - Lexing Switzerland","isPartOf":{"@id":"https:\/\/lexing.ch\/#website"},"datePublished":"2016-03-24T13:37:45+00:00","dateModified":"2016-12-10T11:32:12+00:00","breadcrumb":{"@id":"https:\/\/lexing.ch\/en\/product\/pack-creation-site-web\/#breadcrumb"},"inLanguage":"en-US","potentialAction":[{"@type":"ReadAction","target":["https:\/\/lexing.ch\/en\/product\/pack-creation-site-web\/"]}]},{"@type":"BreadcrumbList","@id":"https:\/\/lexing.ch\/en\/product\/pack-creation-site-web\/#breadcrumb","itemListElement":[{"@type":"ListItem","position":1,"name":"Accueil","item":"https:\/\/lexing.ch\/en\/"},{"@type":"ListItem","position":2,"name":"Products","item":"https:\/\/lexing.ch\/en\/shop\/"},{"@type":"ListItem","position":3,"name":"Pack cr\u00e9ation site web"}]},{"@type":"WebSite","@id":"https:\/\/lexing.ch\/#website","url":"https:\/\/lexing.ch\/","name":"Lexing Switzerland","description":"Common sense. Innovative solutions.","publisher":{"@id":"https:\/\/lexing.ch\/#organization"},"potentialAction":[{"@type":"SearchAction","target":{"@type":"EntryPoint","urlTemplate":"https:\/\/lexing.ch\/?s={search_term_string}"},"query-input":{"@type":"PropertyValueSpecification","valueRequired":true,"valueName":"search_term_string"}}],"inLanguage":"en-US"},{"@type":"Organization","@id":"https:\/\/lexing.ch\/#organization","name":"Lexing.ch","url":"https:\/\/lexing.ch\/","logo":{"@type":"ImageObject","inLanguage":"en-US","@id":"https:\/\/lexing.ch\/#\/schema\/logo\/image\/","url":"https:\/\/lexing.ch\/wp-content\/uploads\/2018\/02\/logo-lexing-ch.png","contentUrl":"https:\/\/lexing.ch\/wp-content\/uploads\/2018\/02\/logo-lexing-ch.png","width":"500","height":"174","caption":"Lexing.ch"},"image":{"@id":"https:\/\/lexing.ch\/#\/schema\/logo\/image\/"},"sameAs":["https:\/\/www.facebook.com\/Lexing.ch","https:\/\/x.com\/sebastienfanti"]}]}},"acf":[],"_links":{"self":[{"href":"https:\/\/lexing.ch\/en\/wp-json\/wp\/v2\/product\/9599","targetHints":{"allow":["GET"]}}],"collection":[{"href":"https:\/\/lexing.ch\/en\/wp-json\/wp\/v2\/product"}],"about":[{"href":"https:\/\/lexing.ch\/en\/wp-json\/wp\/v2\/types\/product"}],"replies":[{"embeddable":true,"href":"https:\/\/lexing.ch\/en\/wp-json\/wp\/v2\/comments?post=9599"}],"wp:attachment":[{"href":"https:\/\/lexing.ch\/en\/wp-json\/wp\/v2\/media?parent=9599"}],"wp:term":[{"taxonomy":"product_brand","embeddable":true,"href":"https:\/\/lexing.ch\/en\/wp-json\/wp\/v2\/product_brand?post=9599"},{"taxonomy":"product_cat","embeddable":true,"href":"https:\/\/lexing.ch\/en\/wp-json\/wp\/v2\/product_cat?post=9599"},{"taxonomy":"product_tag","embeddable":true,"href":"https:\/\/lexing.ch\/en\/wp-json\/wp\/v2\/product_tag?post=9599"}],"curies":[{"name":"wp","href":"https:\/\/api.w.org\/{rel}","templated":true}]}}