{"id":9594,"date":"2016-03-24T14:59:57","date_gmt":"2016-03-24T13:59:57","guid":{"rendered":"http:\/\/lexing.ch\/en\/product\/pack-vie-privee-audit-site-preexistant\/"},"modified":"2016-12-10T12:27:01","modified_gmt":"2016-12-10T11:27:01","slug":"pack-vie-privee-audit-site-preexistant","status":"publish","type":"product","link":"https:\/\/lexing.ch\/en\/product\/pack-vie-privee-audit-site-preexistant\/","title":{"rendered":"Pack vie priv\u00e9e &#8211; audit site pr\u00e9existant"},"content":{"rendered":"<p><strong>Objet\u00a0:<\/strong><br \/>\nAfin de s\u00e9curiser l\u00b4exploitation du site web de votre entreprise et de promouvoir une image positive \u00e0 l\u00b4\u00e9gard des visiteurs et clients, il est essentiel de s\u00b4assurer du respect de la l\u00e9gislation sur la protection de la vie priv\u00e9e. Le pack couvre l\u00b4\u00e9valuation et les conseils en vue de la mise en conformit\u00e9 de votre site web.<\/p>\n<p><b>Services offerts\u00a0:<\/b><\/p>\n<ul>\n<li>Check-list pr\u00e9liminaire\u00a0(.doc et .odt);<\/li>\n<li>Entretien personnalis\u00e9 d\u00b4\u00e9valuation du projet (une heure) \u00e0 l\u2019un de nos bureaux, via Skype ou par t\u00e9l\u00e9phone (suivant votre choix)\u00a0;<\/li>\n<li>\u00c9laboration d\u00b4une consultation personnalis\u00e9e sur les principes \u00e0 observer dans l\u00b4\u00e9volution du site web\u00a0;<\/li>\n<li>\u00c9laboration d\u00b4une police vie priv\u00e9e\u00a0(trois finalit\u00e9s);<\/li>\n<li>S\u00b4il \u00e9chet, introduction et suivi de la d\u00e9claration \u00e0 la Commission de la Protection de la Vie priv\u00e9e de trois finalit\u00e9s\u00a0: la communication de lettres d\u00b4information papier et \u00e9lectronique\u00a0; la gestion de la client\u00e8le et la r\u00e9alisation d\u00b4\u00e9tude de march\u00e9 et la r\u00e9alisation d\u00b4op\u00e9ration d\u00b4information sur les services offerts par le site internet.<\/li>\n<\/ul>\n","protected":false},"excerpt":{"rendered":"<p>Objet\u00a0: Afin de s\u00e9curiser l\u00b4exploitation du site web de votre entreprise et de promouvoir une image positive \u00e0 l\u00b4\u00e9gard des visiteurs et clients, il est essentiel de s\u00b4assurer du respect de la l\u00e9gislation sur la protection de la vie priv\u00e9e. Le pack couvre l\u00b4\u00e9valuation et les conseils en vue de la mise en conformit\u00e9 de [&hellip;]<\/p>\n","protected":false},"featured_media":0,"comment_status":"open","ping_status":"closed","template":"","meta":{"_acf_changed":false},"product_brand":[],"product_cat":[299],"product_tag":[],"class_list":{"0":"post-9594","1":"product","2":"type-product","3":"status-publish","5":"product_cat-droit-technologies-information-en","7":"first","8":"instock","9":"downloadable","10":"virtual","11":"sold-individually","12":"taxable","13":"purchasable","14":"product-type-simple"},"yoast_head":"<!-- This site is optimized with the Yoast SEO Premium plugin v20.11 (Yoast SEO v27.3) - https:\/\/yoast.com\/product\/yoast-seo-premium-wordpress\/ -->\n<title>Pack vie priv\u00e9e - audit site pr\u00e9existant - Lexing Switzerland<\/title>\n<meta name=\"robots\" content=\"index, follow, max-snippet:-1, max-image-preview:large, max-video-preview:-1\" \/>\n<link rel=\"canonical\" href=\"https:\/\/lexing.ch\/en\/product\/pack-vie-privee-audit-site-preexistant\/\" \/>\n<meta property=\"og:locale\" content=\"en_US\" \/>\n<meta property=\"og:type\" content=\"article\" \/>\n<meta property=\"og:title\" content=\"Pack vie priv\u00e9e - audit site pr\u00e9existant\" \/>\n<meta property=\"og:description\" content=\"Objet\u00a0: Afin de s\u00e9curiser l\u00b4exploitation du site web de votre entreprise et de promouvoir une image positive \u00e0 l\u00b4\u00e9gard des visiteurs et clients, il est essentiel de s\u00b4assurer du respect de la l\u00e9gislation sur la protection de la vie priv\u00e9e. Le pack couvre l\u00b4\u00e9valuation et les conseils en vue de la mise en conformit\u00e9 de [&hellip;]\" \/>\n<meta property=\"og:url\" content=\"https:\/\/lexing.ch\/en\/product\/pack-vie-privee-audit-site-preexistant\/\" \/>\n<meta property=\"og:site_name\" content=\"Lexing Switzerland\" \/>\n<meta property=\"article:publisher\" content=\"https:\/\/www.facebook.com\/Lexing.ch\" \/>\n<meta property=\"article:modified_time\" content=\"2016-12-10T11:27:01+00:00\" \/>\n<meta name=\"twitter:card\" content=\"summary_large_image\" \/>\n<meta name=\"twitter:site\" content=\"@sebastienfanti\" \/>\n<meta name=\"twitter:label1\" content=\"Est. reading time\" \/>\n\t<meta name=\"twitter:data1\" content=\"1 minute\" \/>\n<script type=\"application\/ld+json\" class=\"yoast-schema-graph\">{\"@context\":\"https:\\\/\\\/schema.org\",\"@graph\":[{\"@type\":\"WebPage\",\"@id\":\"https:\\\/\\\/lexing.ch\\\/en\\\/product\\\/pack-vie-privee-audit-site-preexistant\\\/\",\"url\":\"https:\\\/\\\/lexing.ch\\\/en\\\/product\\\/pack-vie-privee-audit-site-preexistant\\\/\",\"name\":\"Pack vie priv\u00e9e - audit site pr\u00e9existant - Lexing Switzerland\",\"isPartOf\":{\"@id\":\"https:\\\/\\\/lexing.ch\\\/#website\"},\"datePublished\":\"2016-03-24T13:59:57+00:00\",\"dateModified\":\"2016-12-10T11:27:01+00:00\",\"breadcrumb\":{\"@id\":\"https:\\\/\\\/lexing.ch\\\/en\\\/product\\\/pack-vie-privee-audit-site-preexistant\\\/#breadcrumb\"},\"inLanguage\":\"en-US\",\"potentialAction\":[{\"@type\":\"ReadAction\",\"target\":[\"https:\\\/\\\/lexing.ch\\\/en\\\/product\\\/pack-vie-privee-audit-site-preexistant\\\/\"]}]},{\"@type\":\"BreadcrumbList\",\"@id\":\"https:\\\/\\\/lexing.ch\\\/en\\\/product\\\/pack-vie-privee-audit-site-preexistant\\\/#breadcrumb\",\"itemListElement\":[{\"@type\":\"ListItem\",\"position\":1,\"name\":\"Accueil\",\"item\":\"https:\\\/\\\/lexing.ch\\\/en\\\/\"},{\"@type\":\"ListItem\",\"position\":2,\"name\":\"Products\",\"item\":\"https:\\\/\\\/lexing.ch\\\/en\\\/shop\\\/\"},{\"@type\":\"ListItem\",\"position\":3,\"name\":\"Pack vie priv\u00e9e &#8211; audit site pr\u00e9existant\"}]},{\"@type\":\"WebSite\",\"@id\":\"https:\\\/\\\/lexing.ch\\\/#website\",\"url\":\"https:\\\/\\\/lexing.ch\\\/\",\"name\":\"Lexing Switzerland\",\"description\":\"Common sense. Innovative solutions.\",\"publisher\":{\"@id\":\"https:\\\/\\\/lexing.ch\\\/#organization\"},\"potentialAction\":[{\"@type\":\"SearchAction\",\"target\":{\"@type\":\"EntryPoint\",\"urlTemplate\":\"https:\\\/\\\/lexing.ch\\\/?s={search_term_string}\"},\"query-input\":{\"@type\":\"PropertyValueSpecification\",\"valueRequired\":true,\"valueName\":\"search_term_string\"}}],\"inLanguage\":\"en-US\"},{\"@type\":\"Organization\",\"@id\":\"https:\\\/\\\/lexing.ch\\\/#organization\",\"name\":\"Lexing.ch\",\"url\":\"https:\\\/\\\/lexing.ch\\\/\",\"logo\":{\"@type\":\"ImageObject\",\"inLanguage\":\"en-US\",\"@id\":\"https:\\\/\\\/lexing.ch\\\/#\\\/schema\\\/logo\\\/image\\\/\",\"url\":\"https:\\\/\\\/lexing.ch\\\/wp-content\\\/uploads\\\/2018\\\/02\\\/logo-lexing-ch.png\",\"contentUrl\":\"https:\\\/\\\/lexing.ch\\\/wp-content\\\/uploads\\\/2018\\\/02\\\/logo-lexing-ch.png\",\"width\":\"500\",\"height\":\"174\",\"caption\":\"Lexing.ch\"},\"image\":{\"@id\":\"https:\\\/\\\/lexing.ch\\\/#\\\/schema\\\/logo\\\/image\\\/\"},\"sameAs\":[\"https:\\\/\\\/www.facebook.com\\\/Lexing.ch\",\"https:\\\/\\\/x.com\\\/sebastienfanti\"]}]}<\/script>\n<!-- \/ Yoast SEO Premium plugin. -->","yoast_head_json":{"title":"Pack vie priv\u00e9e - audit site pr\u00e9existant - Lexing Switzerland","robots":{"index":"index","follow":"follow","max-snippet":"max-snippet:-1","max-image-preview":"max-image-preview:large","max-video-preview":"max-video-preview:-1"},"canonical":"https:\/\/lexing.ch\/en\/product\/pack-vie-privee-audit-site-preexistant\/","og_locale":"en_US","og_type":"article","og_title":"Pack vie priv\u00e9e - audit site pr\u00e9existant","og_description":"Objet\u00a0: Afin de s\u00e9curiser l\u00b4exploitation du site web de votre entreprise et de promouvoir une image positive \u00e0 l\u00b4\u00e9gard des visiteurs et clients, il est essentiel de s\u00b4assurer du respect de la l\u00e9gislation sur la protection de la vie priv\u00e9e. Le pack couvre l\u00b4\u00e9valuation et les conseils en vue de la mise en conformit\u00e9 de [&hellip;]","og_url":"https:\/\/lexing.ch\/en\/product\/pack-vie-privee-audit-site-preexistant\/","og_site_name":"Lexing Switzerland","article_publisher":"https:\/\/www.facebook.com\/Lexing.ch","article_modified_time":"2016-12-10T11:27:01+00:00","twitter_card":"summary_large_image","twitter_site":"@sebastienfanti","twitter_misc":{"Est. reading time":"1 minute"},"schema":{"@context":"https:\/\/schema.org","@graph":[{"@type":"WebPage","@id":"https:\/\/lexing.ch\/en\/product\/pack-vie-privee-audit-site-preexistant\/","url":"https:\/\/lexing.ch\/en\/product\/pack-vie-privee-audit-site-preexistant\/","name":"Pack vie priv\u00e9e - audit site pr\u00e9existant - Lexing Switzerland","isPartOf":{"@id":"https:\/\/lexing.ch\/#website"},"datePublished":"2016-03-24T13:59:57+00:00","dateModified":"2016-12-10T11:27:01+00:00","breadcrumb":{"@id":"https:\/\/lexing.ch\/en\/product\/pack-vie-privee-audit-site-preexistant\/#breadcrumb"},"inLanguage":"en-US","potentialAction":[{"@type":"ReadAction","target":["https:\/\/lexing.ch\/en\/product\/pack-vie-privee-audit-site-preexistant\/"]}]},{"@type":"BreadcrumbList","@id":"https:\/\/lexing.ch\/en\/product\/pack-vie-privee-audit-site-preexistant\/#breadcrumb","itemListElement":[{"@type":"ListItem","position":1,"name":"Accueil","item":"https:\/\/lexing.ch\/en\/"},{"@type":"ListItem","position":2,"name":"Products","item":"https:\/\/lexing.ch\/en\/shop\/"},{"@type":"ListItem","position":3,"name":"Pack vie priv\u00e9e &#8211; audit site pr\u00e9existant"}]},{"@type":"WebSite","@id":"https:\/\/lexing.ch\/#website","url":"https:\/\/lexing.ch\/","name":"Lexing Switzerland","description":"Common sense. Innovative solutions.","publisher":{"@id":"https:\/\/lexing.ch\/#organization"},"potentialAction":[{"@type":"SearchAction","target":{"@type":"EntryPoint","urlTemplate":"https:\/\/lexing.ch\/?s={search_term_string}"},"query-input":{"@type":"PropertyValueSpecification","valueRequired":true,"valueName":"search_term_string"}}],"inLanguage":"en-US"},{"@type":"Organization","@id":"https:\/\/lexing.ch\/#organization","name":"Lexing.ch","url":"https:\/\/lexing.ch\/","logo":{"@type":"ImageObject","inLanguage":"en-US","@id":"https:\/\/lexing.ch\/#\/schema\/logo\/image\/","url":"https:\/\/lexing.ch\/wp-content\/uploads\/2018\/02\/logo-lexing-ch.png","contentUrl":"https:\/\/lexing.ch\/wp-content\/uploads\/2018\/02\/logo-lexing-ch.png","width":"500","height":"174","caption":"Lexing.ch"},"image":{"@id":"https:\/\/lexing.ch\/#\/schema\/logo\/image\/"},"sameAs":["https:\/\/www.facebook.com\/Lexing.ch","https:\/\/x.com\/sebastienfanti"]}]}},"acf":[],"_links":{"self":[{"href":"https:\/\/lexing.ch\/en\/wp-json\/wp\/v2\/product\/9594","targetHints":{"allow":["GET"]}}],"collection":[{"href":"https:\/\/lexing.ch\/en\/wp-json\/wp\/v2\/product"}],"about":[{"href":"https:\/\/lexing.ch\/en\/wp-json\/wp\/v2\/types\/product"}],"replies":[{"embeddable":true,"href":"https:\/\/lexing.ch\/en\/wp-json\/wp\/v2\/comments?post=9594"}],"wp:attachment":[{"href":"https:\/\/lexing.ch\/en\/wp-json\/wp\/v2\/media?parent=9594"}],"wp:term":[{"taxonomy":"product_brand","embeddable":true,"href":"https:\/\/lexing.ch\/en\/wp-json\/wp\/v2\/product_brand?post=9594"},{"taxonomy":"product_cat","embeddable":true,"href":"https:\/\/lexing.ch\/en\/wp-json\/wp\/v2\/product_cat?post=9594"},{"taxonomy":"product_tag","embeddable":true,"href":"https:\/\/lexing.ch\/en\/wp-json\/wp\/v2\/product_tag?post=9594"}],"curies":[{"name":"wp","href":"https:\/\/api.w.org\/{rel}","templated":true}]}}