{"id":9578,"date":"2016-03-24T16:17:06","date_gmt":"2016-03-24T15:17:06","guid":{"rendered":"http:\/\/lexing.ch\/en\/product\/pack-contrat-agence-de-pub\/"},"modified":"2017-01-22T15:19:57","modified_gmt":"2017-01-22T14:19:57","slug":"pack-contrat-agence-de-pub","status":"publish","type":"product","link":"https:\/\/lexing.ch\/en\/product\/pack-contrat-agence-de-pub\/","title":{"rendered":"Pack contrat agence de pub"},"content":{"rendered":"<p align=\"justify\">Afin d\u00b4assurer \u00e0 votre entreprise la ma\u00eetrise de l\u00b4exploitation de ses cr\u00e9ations publicitaires, la relation contractuelle avec l\u00b4agence de publicit\u00e9 doit faire l\u00b4objet d\u00b4une attention particuli\u00e8re. Nous vous proposons donc des services visant \u00e0 vous accompagner dans le cadre de cette n\u00e9gociation<\/p>\n<p align=\"justify\"><b>Services offerts : <\/b><\/p>\n<ul>\n<li>Check-list pr\u00e9liminaire\u00a0(.doc OU .odt);<\/li>\n<li>entretien d\u00b4\u00e9valuation de la n\u00e9gociation contractuelle, avec d\u00e9finition d\u00b4une strat\u00e9gie de n\u00e9gociation bas\u00e9e sur une hi\u00e9rarchie de priorit\u00e9s, (1h) \u00e0 l\u2019un de nos bureaux, via Skype ou par t\u00e9l\u00e9phone (suivant votre choix);<\/li>\n<li>(au choix du client) r\u00e9daction d\u00b4un contrat \u00ab\u00a0sur mesure\u00a0\u00bb adapt\u00e9 au projet OU relecture et commentaire du contrat propos\u00e9.<\/li>\n<\/ul>\n<p align=\"justify\"><b>Tarif\u00a0:<\/b><\/p>\n<p align=\"justify\">Le paiement initial de\u00a0<strong>125 EUR (151,25 TVAC)<\/strong>\u00a0couvre la fourniture de la check-list pr\u00e9liminaire\u00a0et l\u00b4entretien personnalis\u00e9 d\u00b4\u00e9valuation juridique du projet.<\/p>\n<p align=\"justify\">En fonction de la complexit\u00e9 du projet\u00a0et du degr\u00e9 d\u00b4implication souhait\u00e9 par le client, un tarif est fix\u00e9 par devis sur la base de notre tarif horaire pr\u00e9f\u00e9rentiel de 125 EUR HTVA (151,25 TVAC).<\/p>\n","protected":false},"excerpt":{"rendered":"<p>Afin d\u00b4assurer \u00e0 votre entreprise la ma\u00eetrise de l\u00b4exploitation de ses cr\u00e9ations publicitaires, la relation contractuelle avec l\u00b4agence de publicit\u00e9 doit faire l\u00b4objet d\u00b4une attention particuli\u00e8re. Nous vous proposons donc des services visant \u00e0 vous accompagner dans le cadre de cette n\u00e9gociation Services offerts : Check-list pr\u00e9liminaire\u00a0(.doc OU .odt); entretien d\u00b4\u00e9valuation de la n\u00e9gociation contractuelle, [&hellip;]<\/p>\n","protected":false},"featured_media":0,"comment_status":"open","ping_status":"closed","template":"","meta":{"_acf_changed":false},"product_brand":[],"product_cat":[],"product_tag":[],"class_list":{"0":"post-9578","1":"product","2":"type-product","3":"status-publish","6":"first","7":"instock","8":"downloadable","9":"virtual","10":"sold-individually","11":"taxable","12":"purchasable","13":"product-type-simple"},"yoast_head":"<!-- This site is optimized with the Yoast SEO Premium plugin v20.11 (Yoast SEO v27.3) - https:\/\/yoast.com\/product\/yoast-seo-premium-wordpress\/ -->\n<title>Pack contrat agence de pub - Lexing Switzerland<\/title>\n<meta name=\"robots\" content=\"index, follow, max-snippet:-1, max-image-preview:large, max-video-preview:-1\" \/>\n<link rel=\"canonical\" href=\"https:\/\/lexing.ch\/en\/product\/pack-contrat-agence-de-pub\/\" \/>\n<meta property=\"og:locale\" content=\"en_US\" \/>\n<meta property=\"og:type\" content=\"article\" \/>\n<meta property=\"og:title\" content=\"Pack contrat agence de pub\" \/>\n<meta property=\"og:description\" content=\"Afin d\u00b4assurer \u00e0 votre entreprise la ma\u00eetrise de l\u00b4exploitation de ses cr\u00e9ations publicitaires, la relation contractuelle avec l\u00b4agence de publicit\u00e9 doit faire l\u00b4objet d\u00b4une attention particuli\u00e8re. Nous vous proposons donc des services visant \u00e0 vous accompagner dans le cadre de cette n\u00e9gociation Services offerts : Check-list pr\u00e9liminaire\u00a0(.doc OU .odt); entretien d\u00b4\u00e9valuation de la n\u00e9gociation contractuelle, [&hellip;]\" \/>\n<meta property=\"og:url\" content=\"https:\/\/lexing.ch\/en\/product\/pack-contrat-agence-de-pub\/\" \/>\n<meta property=\"og:site_name\" content=\"Lexing Switzerland\" \/>\n<meta property=\"article:publisher\" content=\"https:\/\/www.facebook.com\/Lexing.ch\" \/>\n<meta property=\"article:modified_time\" content=\"2017-01-22T14:19:57+00:00\" \/>\n<meta name=\"twitter:card\" content=\"summary_large_image\" \/>\n<meta name=\"twitter:site\" content=\"@sebastienfanti\" \/>\n<meta name=\"twitter:label1\" content=\"Est. reading time\" \/>\n\t<meta name=\"twitter:data1\" content=\"1 minute\" \/>\n<script type=\"application\/ld+json\" class=\"yoast-schema-graph\">{\"@context\":\"https:\\\/\\\/schema.org\",\"@graph\":[{\"@type\":\"WebPage\",\"@id\":\"https:\\\/\\\/lexing.ch\\\/en\\\/product\\\/pack-contrat-agence-de-pub\\\/\",\"url\":\"https:\\\/\\\/lexing.ch\\\/en\\\/product\\\/pack-contrat-agence-de-pub\\\/\",\"name\":\"Pack contrat agence de pub - Lexing Switzerland\",\"isPartOf\":{\"@id\":\"https:\\\/\\\/lexing.ch\\\/#website\"},\"datePublished\":\"2016-03-24T15:17:06+00:00\",\"dateModified\":\"2017-01-22T14:19:57+00:00\",\"breadcrumb\":{\"@id\":\"https:\\\/\\\/lexing.ch\\\/en\\\/product\\\/pack-contrat-agence-de-pub\\\/#breadcrumb\"},\"inLanguage\":\"en-US\",\"potentialAction\":[{\"@type\":\"ReadAction\",\"target\":[\"https:\\\/\\\/lexing.ch\\\/en\\\/product\\\/pack-contrat-agence-de-pub\\\/\"]}]},{\"@type\":\"BreadcrumbList\",\"@id\":\"https:\\\/\\\/lexing.ch\\\/en\\\/product\\\/pack-contrat-agence-de-pub\\\/#breadcrumb\",\"itemListElement\":[{\"@type\":\"ListItem\",\"position\":1,\"name\":\"Accueil\",\"item\":\"https:\\\/\\\/lexing.ch\\\/en\\\/\"},{\"@type\":\"ListItem\",\"position\":2,\"name\":\"Products\",\"item\":\"https:\\\/\\\/lexing.ch\\\/en\\\/shop\\\/\"},{\"@type\":\"ListItem\",\"position\":3,\"name\":\"Pack contrat agence de pub\"}]},{\"@type\":\"WebSite\",\"@id\":\"https:\\\/\\\/lexing.ch\\\/#website\",\"url\":\"https:\\\/\\\/lexing.ch\\\/\",\"name\":\"Lexing Switzerland\",\"description\":\"Common sense. Innovative solutions.\",\"publisher\":{\"@id\":\"https:\\\/\\\/lexing.ch\\\/#organization\"},\"potentialAction\":[{\"@type\":\"SearchAction\",\"target\":{\"@type\":\"EntryPoint\",\"urlTemplate\":\"https:\\\/\\\/lexing.ch\\\/?s={search_term_string}\"},\"query-input\":{\"@type\":\"PropertyValueSpecification\",\"valueRequired\":true,\"valueName\":\"search_term_string\"}}],\"inLanguage\":\"en-US\"},{\"@type\":\"Organization\",\"@id\":\"https:\\\/\\\/lexing.ch\\\/#organization\",\"name\":\"Lexing.ch\",\"url\":\"https:\\\/\\\/lexing.ch\\\/\",\"logo\":{\"@type\":\"ImageObject\",\"inLanguage\":\"en-US\",\"@id\":\"https:\\\/\\\/lexing.ch\\\/#\\\/schema\\\/logo\\\/image\\\/\",\"url\":\"https:\\\/\\\/lexing.ch\\\/wp-content\\\/uploads\\\/2018\\\/02\\\/logo-lexing-ch.png\",\"contentUrl\":\"https:\\\/\\\/lexing.ch\\\/wp-content\\\/uploads\\\/2018\\\/02\\\/logo-lexing-ch.png\",\"width\":\"500\",\"height\":\"174\",\"caption\":\"Lexing.ch\"},\"image\":{\"@id\":\"https:\\\/\\\/lexing.ch\\\/#\\\/schema\\\/logo\\\/image\\\/\"},\"sameAs\":[\"https:\\\/\\\/www.facebook.com\\\/Lexing.ch\",\"https:\\\/\\\/x.com\\\/sebastienfanti\"]}]}<\/script>\n<!-- \/ Yoast SEO Premium plugin. -->","yoast_head_json":{"title":"Pack contrat agence de pub - Lexing Switzerland","robots":{"index":"index","follow":"follow","max-snippet":"max-snippet:-1","max-image-preview":"max-image-preview:large","max-video-preview":"max-video-preview:-1"},"canonical":"https:\/\/lexing.ch\/en\/product\/pack-contrat-agence-de-pub\/","og_locale":"en_US","og_type":"article","og_title":"Pack contrat agence de pub","og_description":"Afin d\u00b4assurer \u00e0 votre entreprise la ma\u00eetrise de l\u00b4exploitation de ses cr\u00e9ations publicitaires, la relation contractuelle avec l\u00b4agence de publicit\u00e9 doit faire l\u00b4objet d\u00b4une attention particuli\u00e8re. Nous vous proposons donc des services visant \u00e0 vous accompagner dans le cadre de cette n\u00e9gociation Services offerts : Check-list pr\u00e9liminaire\u00a0(.doc OU .odt); entretien d\u00b4\u00e9valuation de la n\u00e9gociation contractuelle, [&hellip;]","og_url":"https:\/\/lexing.ch\/en\/product\/pack-contrat-agence-de-pub\/","og_site_name":"Lexing Switzerland","article_publisher":"https:\/\/www.facebook.com\/Lexing.ch","article_modified_time":"2017-01-22T14:19:57+00:00","twitter_card":"summary_large_image","twitter_site":"@sebastienfanti","twitter_misc":{"Est. reading time":"1 minute"},"schema":{"@context":"https:\/\/schema.org","@graph":[{"@type":"WebPage","@id":"https:\/\/lexing.ch\/en\/product\/pack-contrat-agence-de-pub\/","url":"https:\/\/lexing.ch\/en\/product\/pack-contrat-agence-de-pub\/","name":"Pack contrat agence de pub - Lexing Switzerland","isPartOf":{"@id":"https:\/\/lexing.ch\/#website"},"datePublished":"2016-03-24T15:17:06+00:00","dateModified":"2017-01-22T14:19:57+00:00","breadcrumb":{"@id":"https:\/\/lexing.ch\/en\/product\/pack-contrat-agence-de-pub\/#breadcrumb"},"inLanguage":"en-US","potentialAction":[{"@type":"ReadAction","target":["https:\/\/lexing.ch\/en\/product\/pack-contrat-agence-de-pub\/"]}]},{"@type":"BreadcrumbList","@id":"https:\/\/lexing.ch\/en\/product\/pack-contrat-agence-de-pub\/#breadcrumb","itemListElement":[{"@type":"ListItem","position":1,"name":"Accueil","item":"https:\/\/lexing.ch\/en\/"},{"@type":"ListItem","position":2,"name":"Products","item":"https:\/\/lexing.ch\/en\/shop\/"},{"@type":"ListItem","position":3,"name":"Pack contrat agence de pub"}]},{"@type":"WebSite","@id":"https:\/\/lexing.ch\/#website","url":"https:\/\/lexing.ch\/","name":"Lexing Switzerland","description":"Common sense. Innovative solutions.","publisher":{"@id":"https:\/\/lexing.ch\/#organization"},"potentialAction":[{"@type":"SearchAction","target":{"@type":"EntryPoint","urlTemplate":"https:\/\/lexing.ch\/?s={search_term_string}"},"query-input":{"@type":"PropertyValueSpecification","valueRequired":true,"valueName":"search_term_string"}}],"inLanguage":"en-US"},{"@type":"Organization","@id":"https:\/\/lexing.ch\/#organization","name":"Lexing.ch","url":"https:\/\/lexing.ch\/","logo":{"@type":"ImageObject","inLanguage":"en-US","@id":"https:\/\/lexing.ch\/#\/schema\/logo\/image\/","url":"https:\/\/lexing.ch\/wp-content\/uploads\/2018\/02\/logo-lexing-ch.png","contentUrl":"https:\/\/lexing.ch\/wp-content\/uploads\/2018\/02\/logo-lexing-ch.png","width":"500","height":"174","caption":"Lexing.ch"},"image":{"@id":"https:\/\/lexing.ch\/#\/schema\/logo\/image\/"},"sameAs":["https:\/\/www.facebook.com\/Lexing.ch","https:\/\/x.com\/sebastienfanti"]}]}},"acf":[],"_links":{"self":[{"href":"https:\/\/lexing.ch\/en\/wp-json\/wp\/v2\/product\/9578","targetHints":{"allow":["GET"]}}],"collection":[{"href":"https:\/\/lexing.ch\/en\/wp-json\/wp\/v2\/product"}],"about":[{"href":"https:\/\/lexing.ch\/en\/wp-json\/wp\/v2\/types\/product"}],"replies":[{"embeddable":true,"href":"https:\/\/lexing.ch\/en\/wp-json\/wp\/v2\/comments?post=9578"}],"wp:attachment":[{"href":"https:\/\/lexing.ch\/en\/wp-json\/wp\/v2\/media?parent=9578"}],"wp:term":[{"taxonomy":"product_brand","embeddable":true,"href":"https:\/\/lexing.ch\/en\/wp-json\/wp\/v2\/product_brand?post=9578"},{"taxonomy":"product_cat","embeddable":true,"href":"https:\/\/lexing.ch\/en\/wp-json\/wp\/v2\/product_cat?post=9578"},{"taxonomy":"product_tag","embeddable":true,"href":"https:\/\/lexing.ch\/en\/wp-json\/wp\/v2\/product_tag?post=9578"}],"curies":[{"name":"wp","href":"https:\/\/api.w.org\/{rel}","templated":true}]}}