{"id":23670,"date":"2016-11-06T12:29:15","date_gmt":"2016-11-06T11:29:15","guid":{"rendered":"http:\/\/lexing.ch\/en\/?post_type=product&#038;p=23670"},"modified":"2016-12-02T14:27:21","modified_gmt":"2016-12-02T13:27:21","slug":"pack-entretien-evaluation-vie-privee","status":"publish","type":"product","link":"https:\/\/lexing.ch\/en\/product\/pack-entretien-evaluation-vie-privee\/","title":{"rendered":"Pack entretien \u00e9valuation &#8211; Vie priv\u00e9e"},"content":{"rendered":"<p align=\"justify\"><strong>Objet\u00a0:<br \/>\n<\/strong><\/p>\n<p>En vue d\u00b4offrir des services de qualit\u00e9, il nous para\u00eet essentiel de d\u00e9marrer notre collaboration par un entretien d\u00b4\u00e9valuation de votre projet (au cabinet, via\u00a0Skype ou par t\u00e9l\u00e9phone). Cela nous permet de vous proposer l\u00b4offre de services la plus appropri\u00e9e \u00e0 vos besoins, assurant ainsi une utilisation optimale de vos ressources budg\u00e9taires.<\/p>\n<p align=\"justify\"><strong>Services propos\u00e9s: <\/strong><\/p>\n<ul>\n<li>check-list personnalis\u00e9e pr\u00e9alable\u00a0;<\/li>\n<li>entretien personnalis\u00e9 d\u00b4\u00e9valuation du projet (une heure) \u00e0 l\u2019un de nos bureaux, via Skype ou par t\u00e9l\u00e9phone (suivant votre choix).<\/li>\n<\/ul>\n<p align=\"justify\"><strong>Tarif\u00a0:<br \/>\n125 EUR HTVA<\/strong>\u00a0(151,25 EUR TVAC) (<strong>sauf en cas de commande d\u00b4un pack services<\/strong>, car cet entretien est compris dans la plupart de\u00a0nos packs).<\/p>\n","protected":false},"excerpt":{"rendered":"<p>Objet\u00a0: En vue d\u00b4offrir des services de qualit\u00e9, il nous para\u00eet essentiel de d\u00e9marrer notre collaboration par un entretien d\u00b4\u00e9valuation de votre projet (au cabinet, via\u00a0Skype ou par t\u00e9l\u00e9phone). Cela nous permet de vous proposer l\u00b4offre de services la plus appropri\u00e9e \u00e0 vos besoins, assurant ainsi une utilisation optimale de vos ressources budg\u00e9taires. Services propos\u00e9s: [&hellip;]<\/p>\n","protected":false},"featured_media":0,"comment_status":"open","ping_status":"closed","template":"","meta":{"_acf_changed":false},"product_brand":[],"product_cat":[299],"product_tag":[],"class_list":{"0":"post-23670","1":"product","2":"type-product","3":"status-publish","5":"product_cat-droit-technologies-information-en","7":"first","8":"instock","9":"downloadable","10":"virtual","11":"sold-individually","12":"taxable","13":"purchasable","14":"product-type-simple"},"yoast_head":"<!-- This site is optimized with the Yoast SEO Premium plugin v20.11 (Yoast SEO v27.3) - https:\/\/yoast.com\/product\/yoast-seo-premium-wordpress\/ -->\n<title>Pack entretien \u00e9valuation - Vie priv\u00e9e - Lexing Switzerland<\/title>\n<meta name=\"robots\" content=\"index, follow, max-snippet:-1, max-image-preview:large, max-video-preview:-1\" \/>\n<link rel=\"canonical\" href=\"https:\/\/lexing.ch\/en\/product\/pack-entretien-evaluation-vie-privee\/\" \/>\n<meta property=\"og:locale\" content=\"en_US\" \/>\n<meta property=\"og:type\" content=\"article\" \/>\n<meta property=\"og:title\" content=\"Pack entretien \u00e9valuation - Vie priv\u00e9e\" \/>\n<meta property=\"og:description\" content=\"Objet\u00a0: En vue d\u00b4offrir des services de qualit\u00e9, il nous para\u00eet essentiel de d\u00e9marrer notre collaboration par un entretien d\u00b4\u00e9valuation de votre projet (au cabinet, via\u00a0Skype ou par t\u00e9l\u00e9phone). Cela nous permet de vous proposer l\u00b4offre de services la plus appropri\u00e9e \u00e0 vos besoins, assurant ainsi une utilisation optimale de vos ressources budg\u00e9taires. Services propos\u00e9s: [&hellip;]\" \/>\n<meta property=\"og:url\" content=\"https:\/\/lexing.ch\/en\/product\/pack-entretien-evaluation-vie-privee\/\" \/>\n<meta property=\"og:site_name\" content=\"Lexing Switzerland\" \/>\n<meta property=\"article:publisher\" content=\"https:\/\/www.facebook.com\/Lexing.ch\" \/>\n<meta property=\"article:modified_time\" content=\"2016-12-02T13:27:21+00:00\" \/>\n<meta name=\"twitter:card\" content=\"summary_large_image\" \/>\n<meta name=\"twitter:site\" content=\"@sebastienfanti\" \/>\n<meta name=\"twitter:label1\" content=\"Est. reading time\" \/>\n\t<meta name=\"twitter:data1\" content=\"1 minute\" \/>\n<script type=\"application\/ld+json\" class=\"yoast-schema-graph\">{\"@context\":\"https:\\\/\\\/schema.org\",\"@graph\":[{\"@type\":\"WebPage\",\"@id\":\"https:\\\/\\\/lexing.ch\\\/en\\\/product\\\/pack-entretien-evaluation-vie-privee\\\/\",\"url\":\"https:\\\/\\\/lexing.ch\\\/en\\\/product\\\/pack-entretien-evaluation-vie-privee\\\/\",\"name\":\"Pack entretien \u00e9valuation - Vie priv\u00e9e - Lexing Switzerland\",\"isPartOf\":{\"@id\":\"https:\\\/\\\/lexing.ch\\\/#website\"},\"datePublished\":\"2016-11-06T11:29:15+00:00\",\"dateModified\":\"2016-12-02T13:27:21+00:00\",\"breadcrumb\":{\"@id\":\"https:\\\/\\\/lexing.ch\\\/en\\\/product\\\/pack-entretien-evaluation-vie-privee\\\/#breadcrumb\"},\"inLanguage\":\"en-US\",\"potentialAction\":[{\"@type\":\"ReadAction\",\"target\":[\"https:\\\/\\\/lexing.ch\\\/en\\\/product\\\/pack-entretien-evaluation-vie-privee\\\/\"]}]},{\"@type\":\"BreadcrumbList\",\"@id\":\"https:\\\/\\\/lexing.ch\\\/en\\\/product\\\/pack-entretien-evaluation-vie-privee\\\/#breadcrumb\",\"itemListElement\":[{\"@type\":\"ListItem\",\"position\":1,\"name\":\"Accueil\",\"item\":\"https:\\\/\\\/lexing.ch\\\/en\\\/\"},{\"@type\":\"ListItem\",\"position\":2,\"name\":\"Products\",\"item\":\"https:\\\/\\\/lexing.ch\\\/en\\\/shop\\\/\"},{\"@type\":\"ListItem\",\"position\":3,\"name\":\"Pack entretien \u00e9valuation &#8211; Vie priv\u00e9e\"}]},{\"@type\":\"WebSite\",\"@id\":\"https:\\\/\\\/lexing.ch\\\/#website\",\"url\":\"https:\\\/\\\/lexing.ch\\\/\",\"name\":\"Lexing Switzerland\",\"description\":\"Common sense. Innovative solutions.\",\"publisher\":{\"@id\":\"https:\\\/\\\/lexing.ch\\\/#organization\"},\"potentialAction\":[{\"@type\":\"SearchAction\",\"target\":{\"@type\":\"EntryPoint\",\"urlTemplate\":\"https:\\\/\\\/lexing.ch\\\/?s={search_term_string}\"},\"query-input\":{\"@type\":\"PropertyValueSpecification\",\"valueRequired\":true,\"valueName\":\"search_term_string\"}}],\"inLanguage\":\"en-US\"},{\"@type\":\"Organization\",\"@id\":\"https:\\\/\\\/lexing.ch\\\/#organization\",\"name\":\"Lexing.ch\",\"url\":\"https:\\\/\\\/lexing.ch\\\/\",\"logo\":{\"@type\":\"ImageObject\",\"inLanguage\":\"en-US\",\"@id\":\"https:\\\/\\\/lexing.ch\\\/#\\\/schema\\\/logo\\\/image\\\/\",\"url\":\"https:\\\/\\\/lexing.ch\\\/wp-content\\\/uploads\\\/2018\\\/02\\\/logo-lexing-ch.png\",\"contentUrl\":\"https:\\\/\\\/lexing.ch\\\/wp-content\\\/uploads\\\/2018\\\/02\\\/logo-lexing-ch.png\",\"width\":\"500\",\"height\":\"174\",\"caption\":\"Lexing.ch\"},\"image\":{\"@id\":\"https:\\\/\\\/lexing.ch\\\/#\\\/schema\\\/logo\\\/image\\\/\"},\"sameAs\":[\"https:\\\/\\\/www.facebook.com\\\/Lexing.ch\",\"https:\\\/\\\/x.com\\\/sebastienfanti\"]}]}<\/script>\n<!-- \/ Yoast SEO Premium plugin. -->","yoast_head_json":{"title":"Pack entretien \u00e9valuation - Vie priv\u00e9e - Lexing Switzerland","robots":{"index":"index","follow":"follow","max-snippet":"max-snippet:-1","max-image-preview":"max-image-preview:large","max-video-preview":"max-video-preview:-1"},"canonical":"https:\/\/lexing.ch\/en\/product\/pack-entretien-evaluation-vie-privee\/","og_locale":"en_US","og_type":"article","og_title":"Pack entretien \u00e9valuation - Vie priv\u00e9e","og_description":"Objet\u00a0: En vue d\u00b4offrir des services de qualit\u00e9, il nous para\u00eet essentiel de d\u00e9marrer notre collaboration par un entretien d\u00b4\u00e9valuation de votre projet (au cabinet, via\u00a0Skype ou par t\u00e9l\u00e9phone). Cela nous permet de vous proposer l\u00b4offre de services la plus appropri\u00e9e \u00e0 vos besoins, assurant ainsi une utilisation optimale de vos ressources budg\u00e9taires. Services propos\u00e9s: [&hellip;]","og_url":"https:\/\/lexing.ch\/en\/product\/pack-entretien-evaluation-vie-privee\/","og_site_name":"Lexing Switzerland","article_publisher":"https:\/\/www.facebook.com\/Lexing.ch","article_modified_time":"2016-12-02T13:27:21+00:00","twitter_card":"summary_large_image","twitter_site":"@sebastienfanti","twitter_misc":{"Est. reading time":"1 minute"},"schema":{"@context":"https:\/\/schema.org","@graph":[{"@type":"WebPage","@id":"https:\/\/lexing.ch\/en\/product\/pack-entretien-evaluation-vie-privee\/","url":"https:\/\/lexing.ch\/en\/product\/pack-entretien-evaluation-vie-privee\/","name":"Pack entretien \u00e9valuation - Vie priv\u00e9e - Lexing Switzerland","isPartOf":{"@id":"https:\/\/lexing.ch\/#website"},"datePublished":"2016-11-06T11:29:15+00:00","dateModified":"2016-12-02T13:27:21+00:00","breadcrumb":{"@id":"https:\/\/lexing.ch\/en\/product\/pack-entretien-evaluation-vie-privee\/#breadcrumb"},"inLanguage":"en-US","potentialAction":[{"@type":"ReadAction","target":["https:\/\/lexing.ch\/en\/product\/pack-entretien-evaluation-vie-privee\/"]}]},{"@type":"BreadcrumbList","@id":"https:\/\/lexing.ch\/en\/product\/pack-entretien-evaluation-vie-privee\/#breadcrumb","itemListElement":[{"@type":"ListItem","position":1,"name":"Accueil","item":"https:\/\/lexing.ch\/en\/"},{"@type":"ListItem","position":2,"name":"Products","item":"https:\/\/lexing.ch\/en\/shop\/"},{"@type":"ListItem","position":3,"name":"Pack entretien \u00e9valuation &#8211; Vie priv\u00e9e"}]},{"@type":"WebSite","@id":"https:\/\/lexing.ch\/#website","url":"https:\/\/lexing.ch\/","name":"Lexing Switzerland","description":"Common sense. Innovative solutions.","publisher":{"@id":"https:\/\/lexing.ch\/#organization"},"potentialAction":[{"@type":"SearchAction","target":{"@type":"EntryPoint","urlTemplate":"https:\/\/lexing.ch\/?s={search_term_string}"},"query-input":{"@type":"PropertyValueSpecification","valueRequired":true,"valueName":"search_term_string"}}],"inLanguage":"en-US"},{"@type":"Organization","@id":"https:\/\/lexing.ch\/#organization","name":"Lexing.ch","url":"https:\/\/lexing.ch\/","logo":{"@type":"ImageObject","inLanguage":"en-US","@id":"https:\/\/lexing.ch\/#\/schema\/logo\/image\/","url":"https:\/\/lexing.ch\/wp-content\/uploads\/2018\/02\/logo-lexing-ch.png","contentUrl":"https:\/\/lexing.ch\/wp-content\/uploads\/2018\/02\/logo-lexing-ch.png","width":"500","height":"174","caption":"Lexing.ch"},"image":{"@id":"https:\/\/lexing.ch\/#\/schema\/logo\/image\/"},"sameAs":["https:\/\/www.facebook.com\/Lexing.ch","https:\/\/x.com\/sebastienfanti"]}]}},"acf":[],"_links":{"self":[{"href":"https:\/\/lexing.ch\/en\/wp-json\/wp\/v2\/product\/23670","targetHints":{"allow":["GET"]}}],"collection":[{"href":"https:\/\/lexing.ch\/en\/wp-json\/wp\/v2\/product"}],"about":[{"href":"https:\/\/lexing.ch\/en\/wp-json\/wp\/v2\/types\/product"}],"replies":[{"embeddable":true,"href":"https:\/\/lexing.ch\/en\/wp-json\/wp\/v2\/comments?post=23670"}],"wp:attachment":[{"href":"https:\/\/lexing.ch\/en\/wp-json\/wp\/v2\/media?parent=23670"}],"wp:term":[{"taxonomy":"product_brand","embeddable":true,"href":"https:\/\/lexing.ch\/en\/wp-json\/wp\/v2\/product_brand?post=23670"},{"taxonomy":"product_cat","embeddable":true,"href":"https:\/\/lexing.ch\/en\/wp-json\/wp\/v2\/product_cat?post=23670"},{"taxonomy":"product_tag","embeddable":true,"href":"https:\/\/lexing.ch\/en\/wp-json\/wp\/v2\/product_tag?post=23670"}],"curies":[{"name":"wp","href":"https:\/\/api.w.org\/{rel}","templated":true}]}}