{"id":23599,"date":"2016-03-24T16:29:52","date_gmt":"2016-03-24T15:29:52","guid":{"rendered":"http:\/\/lexing.ch\/en\/produit\/contrat-de-licence-de-marque-fr\/"},"modified":"2016-12-02T20:33:43","modified_gmt":"2016-12-02T19:33:43","slug":"contrat-de-licence-de-marque-fr","status":"publish","type":"product","link":"https:\/\/lexing.ch\/en\/product\/contrat-de-licence-de-marque-fr\/","title":{"rendered":"Contrat de licence de marque"},"content":{"rendered":"<p><strong>Contrat :<\/strong><\/p>\n<p>D\u00e9finitions<br \/>\nObjet<br \/>\nLimite des droits conc\u00e9d\u00e9s<br \/>\nTransfert<br \/>\nExclusivit\u00e9 Territoriale<br \/>\nDur\u00e9e<br \/>\nR\u00e9siliation anticip\u00e9e<br \/>\nNon-respect du contrat et r\u00e9solution<br \/>\nEffets de l\u2019Extinction du Contrat<br \/>\nRedevances<br \/>\nObligations du Conc\u00e9dant<br \/>\nObligations du\u00a0Licenci\u00e9<br \/>\nObligations communes aux Parties<br \/>\nGaranties du Conc\u00e9dant<br \/>\nClause de Non-Concurrence<br \/>\nConfidentialit\u00e9<br \/>\nForce Majeure<br \/>\nDivers<br \/>\nLoi applicable et r\u00e9solution des diff\u00e9rend<br \/>\nEntr\u00e9e en vigueur<\/p>\n<p align=\"justify\"><b>Services offerts\u00a0:<br \/>\n<\/b><\/p>\n<p align=\"justify\">Un\u00a0<strong>contrat-type<\/strong>\u00a0de licence de marque r\u00e9pondant aux besoins courants des\u00a0titulaires de marques et licenci\u00e9s.<\/p>\n<p align=\"justify\">Moyennant un suppl\u00e9ment, un contrat\u00a0<strong>sur mesure<\/strong>\u00a0peut \u00eatre r\u00e9dig\u00e9, ce qui se justifie lorsque votre marque\u00a0et\/ou le contexte de n\u00e9gociation pr\u00e9sentent des risques<b>\u00a0<\/b>particuliers.<b><\/b><\/p>\n<p align=\"justify\"><b>Tarif\u00a0:<\/b><\/p>\n<p align=\"justify\"><strong>500\u00a0EUR HTVA (605 TVAC)<\/strong><\/p>\n<p align=\"justify\">En fonction de la complexit\u00e9 du projet\u00a0et du degr\u00e9 d\u00b4implication souhait\u00e9 par le client, un tarif est fix\u00e9 par devis sur la base de notre tarif horaire pr\u00e9f\u00e9rentiel de 125 EUR HTVA (151,25 TVAC),\u00a0au\u00a0terme d\u2019un entretien personnalis\u00e9 d\u00b4\u00e9valuation juridique du projet, pour la r\u00e9daction du\u00a0contrat sur mesure.<\/p>\n","protected":false},"excerpt":{"rendered":"<p>Contrat : D\u00e9finitions Objet Limite des droits conc\u00e9d\u00e9s Transfert Exclusivit\u00e9 Territoriale Dur\u00e9e R\u00e9siliation anticip\u00e9e Non-respect du contrat et r\u00e9solution Effets de l\u2019Extinction du Contrat Redevances Obligations du Conc\u00e9dant Obligations du\u00a0Licenci\u00e9 Obligations communes aux Parties Garanties du Conc\u00e9dant Clause de Non-Concurrence Confidentialit\u00e9 Force Majeure Divers Loi applicable et r\u00e9solution des diff\u00e9rend Entr\u00e9e en vigueur Services offerts\u00a0: [&hellip;]<\/p>\n","protected":false},"featured_media":0,"comment_status":"open","ping_status":"closed","template":"","meta":{"_acf_changed":false},"product_brand":[],"product_cat":[295],"product_tag":[],"class_list":{"0":"post-23599","1":"product","2":"type-product","3":"status-publish","5":"product_cat-propriete-intellectuelle_industrielle-en","7":"first","8":"instock","9":"downloadable","10":"virtual","11":"sold-individually","12":"taxable","13":"purchasable","14":"product-type-simple"},"yoast_head":"<!-- This site is optimized with the Yoast SEO Premium plugin v20.11 (Yoast SEO v27.3) - https:\/\/yoast.com\/product\/yoast-seo-premium-wordpress\/ -->\n<title>Contrat de licence de marque - Lexing Switzerland<\/title>\n<meta name=\"robots\" content=\"index, follow, max-snippet:-1, max-image-preview:large, max-video-preview:-1\" \/>\n<link rel=\"canonical\" href=\"https:\/\/lexing.ch\/en\/product\/contrat-de-licence-de-marque-fr\/\" \/>\n<meta property=\"og:locale\" content=\"en_US\" \/>\n<meta property=\"og:type\" content=\"article\" \/>\n<meta property=\"og:title\" content=\"Contrat de licence de marque\" \/>\n<meta property=\"og:description\" content=\"Contrat : D\u00e9finitions Objet Limite des droits conc\u00e9d\u00e9s Transfert Exclusivit\u00e9 Territoriale Dur\u00e9e R\u00e9siliation anticip\u00e9e Non-respect du contrat et r\u00e9solution Effets de l\u2019Extinction du Contrat Redevances Obligations du Conc\u00e9dant Obligations du\u00a0Licenci\u00e9 Obligations communes aux Parties Garanties du Conc\u00e9dant Clause de Non-Concurrence Confidentialit\u00e9 Force Majeure Divers Loi applicable et r\u00e9solution des diff\u00e9rend Entr\u00e9e en vigueur Services offerts\u00a0: [&hellip;]\" \/>\n<meta property=\"og:url\" content=\"https:\/\/lexing.ch\/en\/product\/contrat-de-licence-de-marque-fr\/\" \/>\n<meta property=\"og:site_name\" content=\"Lexing Switzerland\" \/>\n<meta property=\"article:publisher\" content=\"https:\/\/www.facebook.com\/Lexing.ch\" \/>\n<meta property=\"article:modified_time\" content=\"2016-12-02T19:33:43+00:00\" \/>\n<meta name=\"twitter:card\" content=\"summary_large_image\" \/>\n<meta name=\"twitter:site\" content=\"@sebastienfanti\" \/>\n<meta name=\"twitter:label1\" content=\"Est. reading time\" \/>\n\t<meta name=\"twitter:data1\" content=\"1 minute\" \/>\n<script type=\"application\/ld+json\" class=\"yoast-schema-graph\">{\"@context\":\"https:\\\/\\\/schema.org\",\"@graph\":[{\"@type\":\"WebPage\",\"@id\":\"https:\\\/\\\/lexing.ch\\\/en\\\/product\\\/contrat-de-licence-de-marque-fr\\\/\",\"url\":\"https:\\\/\\\/lexing.ch\\\/en\\\/product\\\/contrat-de-licence-de-marque-fr\\\/\",\"name\":\"Contrat de licence de marque - Lexing Switzerland\",\"isPartOf\":{\"@id\":\"https:\\\/\\\/lexing.ch\\\/#website\"},\"datePublished\":\"2016-03-24T15:29:52+00:00\",\"dateModified\":\"2016-12-02T19:33:43+00:00\",\"breadcrumb\":{\"@id\":\"https:\\\/\\\/lexing.ch\\\/en\\\/product\\\/contrat-de-licence-de-marque-fr\\\/#breadcrumb\"},\"inLanguage\":\"en-US\",\"potentialAction\":[{\"@type\":\"ReadAction\",\"target\":[\"https:\\\/\\\/lexing.ch\\\/en\\\/product\\\/contrat-de-licence-de-marque-fr\\\/\"]}]},{\"@type\":\"BreadcrumbList\",\"@id\":\"https:\\\/\\\/lexing.ch\\\/en\\\/product\\\/contrat-de-licence-de-marque-fr\\\/#breadcrumb\",\"itemListElement\":[{\"@type\":\"ListItem\",\"position\":1,\"name\":\"Accueil\",\"item\":\"https:\\\/\\\/lexing.ch\\\/en\\\/\"},{\"@type\":\"ListItem\",\"position\":2,\"name\":\"Products\",\"item\":\"https:\\\/\\\/lexing.ch\\\/en\\\/shop\\\/\"},{\"@type\":\"ListItem\",\"position\":3,\"name\":\"Contrat de licence de marque\"}]},{\"@type\":\"WebSite\",\"@id\":\"https:\\\/\\\/lexing.ch\\\/#website\",\"url\":\"https:\\\/\\\/lexing.ch\\\/\",\"name\":\"Lexing Switzerland\",\"description\":\"Common sense. Innovative solutions.\",\"publisher\":{\"@id\":\"https:\\\/\\\/lexing.ch\\\/#organization\"},\"potentialAction\":[{\"@type\":\"SearchAction\",\"target\":{\"@type\":\"EntryPoint\",\"urlTemplate\":\"https:\\\/\\\/lexing.ch\\\/?s={search_term_string}\"},\"query-input\":{\"@type\":\"PropertyValueSpecification\",\"valueRequired\":true,\"valueName\":\"search_term_string\"}}],\"inLanguage\":\"en-US\"},{\"@type\":\"Organization\",\"@id\":\"https:\\\/\\\/lexing.ch\\\/#organization\",\"name\":\"Lexing.ch\",\"url\":\"https:\\\/\\\/lexing.ch\\\/\",\"logo\":{\"@type\":\"ImageObject\",\"inLanguage\":\"en-US\",\"@id\":\"https:\\\/\\\/lexing.ch\\\/#\\\/schema\\\/logo\\\/image\\\/\",\"url\":\"https:\\\/\\\/lexing.ch\\\/wp-content\\\/uploads\\\/2018\\\/02\\\/logo-lexing-ch.png\",\"contentUrl\":\"https:\\\/\\\/lexing.ch\\\/wp-content\\\/uploads\\\/2018\\\/02\\\/logo-lexing-ch.png\",\"width\":\"500\",\"height\":\"174\",\"caption\":\"Lexing.ch\"},\"image\":{\"@id\":\"https:\\\/\\\/lexing.ch\\\/#\\\/schema\\\/logo\\\/image\\\/\"},\"sameAs\":[\"https:\\\/\\\/www.facebook.com\\\/Lexing.ch\",\"https:\\\/\\\/x.com\\\/sebastienfanti\"]}]}<\/script>\n<!-- \/ Yoast SEO Premium plugin. -->","yoast_head_json":{"title":"Contrat de licence de marque - Lexing Switzerland","robots":{"index":"index","follow":"follow","max-snippet":"max-snippet:-1","max-image-preview":"max-image-preview:large","max-video-preview":"max-video-preview:-1"},"canonical":"https:\/\/lexing.ch\/en\/product\/contrat-de-licence-de-marque-fr\/","og_locale":"en_US","og_type":"article","og_title":"Contrat de licence de marque","og_description":"Contrat : D\u00e9finitions Objet Limite des droits conc\u00e9d\u00e9s Transfert Exclusivit\u00e9 Territoriale Dur\u00e9e R\u00e9siliation anticip\u00e9e Non-respect du contrat et r\u00e9solution Effets de l\u2019Extinction du Contrat Redevances Obligations du Conc\u00e9dant Obligations du\u00a0Licenci\u00e9 Obligations communes aux Parties Garanties du Conc\u00e9dant Clause de Non-Concurrence Confidentialit\u00e9 Force Majeure Divers Loi applicable et r\u00e9solution des diff\u00e9rend Entr\u00e9e en vigueur Services offerts\u00a0: [&hellip;]","og_url":"https:\/\/lexing.ch\/en\/product\/contrat-de-licence-de-marque-fr\/","og_site_name":"Lexing Switzerland","article_publisher":"https:\/\/www.facebook.com\/Lexing.ch","article_modified_time":"2016-12-02T19:33:43+00:00","twitter_card":"summary_large_image","twitter_site":"@sebastienfanti","twitter_misc":{"Est. reading time":"1 minute"},"schema":{"@context":"https:\/\/schema.org","@graph":[{"@type":"WebPage","@id":"https:\/\/lexing.ch\/en\/product\/contrat-de-licence-de-marque-fr\/","url":"https:\/\/lexing.ch\/en\/product\/contrat-de-licence-de-marque-fr\/","name":"Contrat de licence de marque - Lexing Switzerland","isPartOf":{"@id":"https:\/\/lexing.ch\/#website"},"datePublished":"2016-03-24T15:29:52+00:00","dateModified":"2016-12-02T19:33:43+00:00","breadcrumb":{"@id":"https:\/\/lexing.ch\/en\/product\/contrat-de-licence-de-marque-fr\/#breadcrumb"},"inLanguage":"en-US","potentialAction":[{"@type":"ReadAction","target":["https:\/\/lexing.ch\/en\/product\/contrat-de-licence-de-marque-fr\/"]}]},{"@type":"BreadcrumbList","@id":"https:\/\/lexing.ch\/en\/product\/contrat-de-licence-de-marque-fr\/#breadcrumb","itemListElement":[{"@type":"ListItem","position":1,"name":"Accueil","item":"https:\/\/lexing.ch\/en\/"},{"@type":"ListItem","position":2,"name":"Products","item":"https:\/\/lexing.ch\/en\/shop\/"},{"@type":"ListItem","position":3,"name":"Contrat de licence de marque"}]},{"@type":"WebSite","@id":"https:\/\/lexing.ch\/#website","url":"https:\/\/lexing.ch\/","name":"Lexing Switzerland","description":"Common sense. Innovative solutions.","publisher":{"@id":"https:\/\/lexing.ch\/#organization"},"potentialAction":[{"@type":"SearchAction","target":{"@type":"EntryPoint","urlTemplate":"https:\/\/lexing.ch\/?s={search_term_string}"},"query-input":{"@type":"PropertyValueSpecification","valueRequired":true,"valueName":"search_term_string"}}],"inLanguage":"en-US"},{"@type":"Organization","@id":"https:\/\/lexing.ch\/#organization","name":"Lexing.ch","url":"https:\/\/lexing.ch\/","logo":{"@type":"ImageObject","inLanguage":"en-US","@id":"https:\/\/lexing.ch\/#\/schema\/logo\/image\/","url":"https:\/\/lexing.ch\/wp-content\/uploads\/2018\/02\/logo-lexing-ch.png","contentUrl":"https:\/\/lexing.ch\/wp-content\/uploads\/2018\/02\/logo-lexing-ch.png","width":"500","height":"174","caption":"Lexing.ch"},"image":{"@id":"https:\/\/lexing.ch\/#\/schema\/logo\/image\/"},"sameAs":["https:\/\/www.facebook.com\/Lexing.ch","https:\/\/x.com\/sebastienfanti"]}]}},"acf":[],"_links":{"self":[{"href":"https:\/\/lexing.ch\/en\/wp-json\/wp\/v2\/product\/23599","targetHints":{"allow":["GET"]}}],"collection":[{"href":"https:\/\/lexing.ch\/en\/wp-json\/wp\/v2\/product"}],"about":[{"href":"https:\/\/lexing.ch\/en\/wp-json\/wp\/v2\/types\/product"}],"replies":[{"embeddable":true,"href":"https:\/\/lexing.ch\/en\/wp-json\/wp\/v2\/comments?post=23599"}],"wp:attachment":[{"href":"https:\/\/lexing.ch\/en\/wp-json\/wp\/v2\/media?parent=23599"}],"wp:term":[{"taxonomy":"product_brand","embeddable":true,"href":"https:\/\/lexing.ch\/en\/wp-json\/wp\/v2\/product_brand?post=23599"},{"taxonomy":"product_cat","embeddable":true,"href":"https:\/\/lexing.ch\/en\/wp-json\/wp\/v2\/product_cat?post=23599"},{"taxonomy":"product_tag","embeddable":true,"href":"https:\/\/lexing.ch\/en\/wp-json\/wp\/v2\/product_tag?post=23599"}],"curies":[{"name":"wp","href":"https:\/\/api.w.org\/{rel}","templated":true}]}}