{"id":13732,"date":"2016-03-24T14:31:07","date_gmt":"2016-03-24T13:31:07","guid":{"rendered":"http:\/\/lexing.ch\/de\/product\/pack-conditions-generales-site-web-vitrine\/"},"modified":"2016-12-10T12:36:13","modified_gmt":"2016-12-10T11:36:13","slug":"pack-conditions-generales-site-web-vitrine","status":"publish","type":"product","link":"https:\/\/lexing.ch\/de\/product\/pack-conditions-generales-site-web-vitrine\/","title":{"rendered":"Pack conditions g\u00e9n\u00e9rales site web vitrine"},"content":{"rendered":"<p><strong>Objet :<br \/>\n<\/strong>Ce pack vise \u00e0 encadrer juridiquement les relations entre votre entreprise et les visiteurs et\/ou clients de son site web. Il permet de s\u00e9curiser ces relations et d\u00b4assurer le respect des contraintes l\u00e9gales applicables en mati\u00e8re de services en ligne.<\/p>\n<p><b>Services offerts\u00a0:<\/b><\/p>\n<ul>\n<li>Check-list pr\u00e9liminaire\u00a0;<\/li>\n<li>Entretien personnalis\u00e9 d\u00b4\u00e9valuation du projet (une heure) \u00e0 l\u2019un de nos bureaux, via Skype ou par t\u00e9l\u00e9phone (suivant votre choix) ;<\/li>\n<li>\u00c9laboration de conditions g\u00e9n\u00e9rales \u00ab\u00a0sur mesure\u00a0\u00bb compte tenu des sp\u00e9cificit\u00e9s du projet\u00a0;<\/li>\n<li>R\u00e9daction d\u00b4une br\u00e8ve consultation comportant des conseils quant \u00e0 la mise en place du site web et la pr\u00e9sentation de son contenu (en ce compris les conditions g\u00e9n\u00e9rales) afin d\u00b4assurer la conformit\u00e9 avec les exigences l\u00e9gales applicables<\/li>\n<\/ul>\n<p><b>Tarif\u00a0:<\/b><br \/>\n<strong>375 EUR HTVA<\/strong> (453,75 EUR TVAC) (\u00e0 majorer de\u00a0625 EUR HTVA (756,25 EUR TVAC) si le site contient un module de commerce en ligne)<\/p>\n","protected":false},"excerpt":{"rendered":"<p>Objet : Ce pack vise \u00e0 encadrer juridiquement les relations entre votre entreprise et les visiteurs et\/ou clients de son site web. Il permet de s\u00e9curiser ces relations et d\u00b4assurer le respect des contraintes l\u00e9gales applicables en mati\u00e8re de services en ligne. Services offerts\u00a0: Check-list pr\u00e9liminaire\u00a0; Entretien personnalis\u00e9 d\u00b4\u00e9valuation du projet (une heure) \u00e0 l\u2019un [&hellip;]<\/p>\n","protected":false},"featured_media":0,"comment_status":"open","ping_status":"closed","template":"","meta":{"_acf_changed":false},"product_brand":[],"product_cat":[422],"product_tag":[],"class_list":{"0":"post-13732","1":"product","2":"type-product","3":"status-publish","5":"product_cat-droit-technologies-information-de","7":"first","8":"instock","9":"downloadable","10":"virtual","11":"sold-individually","12":"taxable","13":"purchasable","14":"product-type-simple"},"yoast_head":"<!-- This site is optimized with the Yoast SEO Premium plugin v20.11 (Yoast SEO v27.3) - https:\/\/yoast.com\/product\/yoast-seo-premium-wordpress\/ -->\n<title>Pack conditions g\u00e9n\u00e9rales site web vitrine - Lexing Switzerland<\/title>\n<meta name=\"robots\" content=\"index, follow, max-snippet:-1, max-image-preview:large, max-video-preview:-1\" \/>\n<link rel=\"canonical\" href=\"https:\/\/lexing.ch\/de\/product\/pack-conditions-generales-site-web-vitrine\/\" \/>\n<meta property=\"og:locale\" content=\"de_DE\" \/>\n<meta property=\"og:type\" content=\"article\" \/>\n<meta property=\"og:title\" content=\"Pack conditions g\u00e9n\u00e9rales site web vitrine\" \/>\n<meta property=\"og:description\" content=\"Objet : Ce pack vise \u00e0 encadrer juridiquement les relations entre votre entreprise et les visiteurs et\/ou clients de son site web. Il permet de s\u00e9curiser ces relations et d\u00b4assurer le respect des contraintes l\u00e9gales applicables en mati\u00e8re de services en ligne. Services offerts\u00a0: Check-list pr\u00e9liminaire\u00a0; Entretien personnalis\u00e9 d\u00b4\u00e9valuation du projet (une heure) \u00e0 l\u2019un [&hellip;]\" \/>\n<meta property=\"og:url\" content=\"https:\/\/lexing.ch\/de\/product\/pack-conditions-generales-site-web-vitrine\/\" \/>\n<meta property=\"og:site_name\" content=\"Lexing Switzerland\" \/>\n<meta property=\"article:publisher\" content=\"https:\/\/www.facebook.com\/Lexing.ch\" \/>\n<meta property=\"article:modified_time\" content=\"2016-12-10T11:36:13+00:00\" \/>\n<meta name=\"twitter:card\" content=\"summary_large_image\" \/>\n<meta name=\"twitter:site\" content=\"@sebastienfanti\" \/>\n<meta name=\"twitter:label1\" content=\"Gesch\u00e4tzte Lesezeit\" \/>\n\t<meta name=\"twitter:data1\" content=\"1\u00a0Minute\" \/>\n<script type=\"application\/ld+json\" class=\"yoast-schema-graph\">{\"@context\":\"https:\\\/\\\/schema.org\",\"@graph\":[{\"@type\":\"WebPage\",\"@id\":\"https:\\\/\\\/lexing.ch\\\/de\\\/product\\\/pack-conditions-generales-site-web-vitrine\\\/\",\"url\":\"https:\\\/\\\/lexing.ch\\\/de\\\/product\\\/pack-conditions-generales-site-web-vitrine\\\/\",\"name\":\"Pack conditions g\u00e9n\u00e9rales site web vitrine - Lexing Switzerland\",\"isPartOf\":{\"@id\":\"https:\\\/\\\/lexing.ch\\\/#website\"},\"datePublished\":\"2016-03-24T13:31:07+00:00\",\"dateModified\":\"2016-12-10T11:36:13+00:00\",\"breadcrumb\":{\"@id\":\"https:\\\/\\\/lexing.ch\\\/de\\\/product\\\/pack-conditions-generales-site-web-vitrine\\\/#breadcrumb\"},\"inLanguage\":\"de\",\"potentialAction\":[{\"@type\":\"ReadAction\",\"target\":[\"https:\\\/\\\/lexing.ch\\\/de\\\/product\\\/pack-conditions-generales-site-web-vitrine\\\/\"]}]},{\"@type\":\"BreadcrumbList\",\"@id\":\"https:\\\/\\\/lexing.ch\\\/de\\\/product\\\/pack-conditions-generales-site-web-vitrine\\\/#breadcrumb\",\"itemListElement\":[{\"@type\":\"ListItem\",\"position\":1,\"name\":\"Accueil\",\"item\":\"https:\\\/\\\/lexing.ch\\\/de\\\/\"},{\"@type\":\"ListItem\",\"position\":2,\"name\":\"Products\",\"item\":\"https:\\\/\\\/lexing.ch\\\/en\\\/shop\\\/\"},{\"@type\":\"ListItem\",\"position\":3,\"name\":\"Pack conditions g\u00e9n\u00e9rales site web vitrine\"}]},{\"@type\":\"WebSite\",\"@id\":\"https:\\\/\\\/lexing.ch\\\/#website\",\"url\":\"https:\\\/\\\/lexing.ch\\\/\",\"name\":\"Lexing Switzerland\",\"description\":\"Common sense. Innovative solutions.\",\"publisher\":{\"@id\":\"https:\\\/\\\/lexing.ch\\\/#organization\"},\"potentialAction\":[{\"@type\":\"SearchAction\",\"target\":{\"@type\":\"EntryPoint\",\"urlTemplate\":\"https:\\\/\\\/lexing.ch\\\/?s={search_term_string}\"},\"query-input\":{\"@type\":\"PropertyValueSpecification\",\"valueRequired\":true,\"valueName\":\"search_term_string\"}}],\"inLanguage\":\"de\"},{\"@type\":\"Organization\",\"@id\":\"https:\\\/\\\/lexing.ch\\\/#organization\",\"name\":\"Lexing.ch\",\"url\":\"https:\\\/\\\/lexing.ch\\\/\",\"logo\":{\"@type\":\"ImageObject\",\"inLanguage\":\"de\",\"@id\":\"https:\\\/\\\/lexing.ch\\\/#\\\/schema\\\/logo\\\/image\\\/\",\"url\":\"https:\\\/\\\/lexing.ch\\\/wp-content\\\/uploads\\\/2018\\\/02\\\/logo-lexing-ch.png\",\"contentUrl\":\"https:\\\/\\\/lexing.ch\\\/wp-content\\\/uploads\\\/2018\\\/02\\\/logo-lexing-ch.png\",\"width\":\"500\",\"height\":\"174\",\"caption\":\"Lexing.ch\"},\"image\":{\"@id\":\"https:\\\/\\\/lexing.ch\\\/#\\\/schema\\\/logo\\\/image\\\/\"},\"sameAs\":[\"https:\\\/\\\/www.facebook.com\\\/Lexing.ch\",\"https:\\\/\\\/x.com\\\/sebastienfanti\"]}]}<\/script>\n<!-- \/ Yoast SEO Premium plugin. -->","yoast_head_json":{"title":"Pack conditions g\u00e9n\u00e9rales site web vitrine - Lexing Switzerland","robots":{"index":"index","follow":"follow","max-snippet":"max-snippet:-1","max-image-preview":"max-image-preview:large","max-video-preview":"max-video-preview:-1"},"canonical":"https:\/\/lexing.ch\/de\/product\/pack-conditions-generales-site-web-vitrine\/","og_locale":"de_DE","og_type":"article","og_title":"Pack conditions g\u00e9n\u00e9rales site web vitrine","og_description":"Objet : Ce pack vise \u00e0 encadrer juridiquement les relations entre votre entreprise et les visiteurs et\/ou clients de son site web. Il permet de s\u00e9curiser ces relations et d\u00b4assurer le respect des contraintes l\u00e9gales applicables en mati\u00e8re de services en ligne. Services offerts\u00a0: Check-list pr\u00e9liminaire\u00a0; Entretien personnalis\u00e9 d\u00b4\u00e9valuation du projet (une heure) \u00e0 l\u2019un [&hellip;]","og_url":"https:\/\/lexing.ch\/de\/product\/pack-conditions-generales-site-web-vitrine\/","og_site_name":"Lexing Switzerland","article_publisher":"https:\/\/www.facebook.com\/Lexing.ch","article_modified_time":"2016-12-10T11:36:13+00:00","twitter_card":"summary_large_image","twitter_site":"@sebastienfanti","twitter_misc":{"Gesch\u00e4tzte Lesezeit":"1\u00a0Minute"},"schema":{"@context":"https:\/\/schema.org","@graph":[{"@type":"WebPage","@id":"https:\/\/lexing.ch\/de\/product\/pack-conditions-generales-site-web-vitrine\/","url":"https:\/\/lexing.ch\/de\/product\/pack-conditions-generales-site-web-vitrine\/","name":"Pack conditions g\u00e9n\u00e9rales site web vitrine - Lexing Switzerland","isPartOf":{"@id":"https:\/\/lexing.ch\/#website"},"datePublished":"2016-03-24T13:31:07+00:00","dateModified":"2016-12-10T11:36:13+00:00","breadcrumb":{"@id":"https:\/\/lexing.ch\/de\/product\/pack-conditions-generales-site-web-vitrine\/#breadcrumb"},"inLanguage":"de","potentialAction":[{"@type":"ReadAction","target":["https:\/\/lexing.ch\/de\/product\/pack-conditions-generales-site-web-vitrine\/"]}]},{"@type":"BreadcrumbList","@id":"https:\/\/lexing.ch\/de\/product\/pack-conditions-generales-site-web-vitrine\/#breadcrumb","itemListElement":[{"@type":"ListItem","position":1,"name":"Accueil","item":"https:\/\/lexing.ch\/de\/"},{"@type":"ListItem","position":2,"name":"Products","item":"https:\/\/lexing.ch\/en\/shop\/"},{"@type":"ListItem","position":3,"name":"Pack conditions g\u00e9n\u00e9rales site web vitrine"}]},{"@type":"WebSite","@id":"https:\/\/lexing.ch\/#website","url":"https:\/\/lexing.ch\/","name":"Lexing Switzerland","description":"Common sense. Innovative solutions.","publisher":{"@id":"https:\/\/lexing.ch\/#organization"},"potentialAction":[{"@type":"SearchAction","target":{"@type":"EntryPoint","urlTemplate":"https:\/\/lexing.ch\/?s={search_term_string}"},"query-input":{"@type":"PropertyValueSpecification","valueRequired":true,"valueName":"search_term_string"}}],"inLanguage":"de"},{"@type":"Organization","@id":"https:\/\/lexing.ch\/#organization","name":"Lexing.ch","url":"https:\/\/lexing.ch\/","logo":{"@type":"ImageObject","inLanguage":"de","@id":"https:\/\/lexing.ch\/#\/schema\/logo\/image\/","url":"https:\/\/lexing.ch\/wp-content\/uploads\/2018\/02\/logo-lexing-ch.png","contentUrl":"https:\/\/lexing.ch\/wp-content\/uploads\/2018\/02\/logo-lexing-ch.png","width":"500","height":"174","caption":"Lexing.ch"},"image":{"@id":"https:\/\/lexing.ch\/#\/schema\/logo\/image\/"},"sameAs":["https:\/\/www.facebook.com\/Lexing.ch","https:\/\/x.com\/sebastienfanti"]}]}},"acf":[],"_links":{"self":[{"href":"https:\/\/lexing.ch\/de\/wp-json\/wp\/v2\/product\/13732","targetHints":{"allow":["GET"]}}],"collection":[{"href":"https:\/\/lexing.ch\/de\/wp-json\/wp\/v2\/product"}],"about":[{"href":"https:\/\/lexing.ch\/de\/wp-json\/wp\/v2\/types\/product"}],"replies":[{"embeddable":true,"href":"https:\/\/lexing.ch\/de\/wp-json\/wp\/v2\/comments?post=13732"}],"wp:attachment":[{"href":"https:\/\/lexing.ch\/de\/wp-json\/wp\/v2\/media?parent=13732"}],"wp:term":[{"taxonomy":"product_brand","embeddable":true,"href":"https:\/\/lexing.ch\/de\/wp-json\/wp\/v2\/product_brand?post=13732"},{"taxonomy":"product_cat","embeddable":true,"href":"https:\/\/lexing.ch\/de\/wp-json\/wp\/v2\/product_cat?post=13732"},{"taxonomy":"product_tag","embeddable":true,"href":"https:\/\/lexing.ch\/de\/wp-json\/wp\/v2\/product_tag?post=13732"}],"curies":[{"name":"wp","href":"https:\/\/api.w.org\/{rel}","templated":true}]}}