{"id":13730,"date":"2016-03-24T14:33:23","date_gmt":"2016-03-24T13:33:23","guid":{"rendered":"http:\/\/lexing.ch\/de\/product\/pack-contrat-hebergement\/"},"modified":"2016-12-10T12:34:34","modified_gmt":"2016-12-10T11:34:34","slug":"pack-contrat-hebergement","status":"publish","type":"product","link":"https:\/\/lexing.ch\/de\/product\/pack-contrat-hebergement\/","title":{"rendered":"Pack contrat h\u00e9bergement"},"content":{"rendered":"<p><strong>Objet :<br \/>\n<\/strong>Ce pack est destin\u00e9 \u00e0 pr\u00e9venir les difficult\u00e9s susceptibles de survenir dans les relations avec un prestataire externe en charge de l\u00b4h\u00e9bergement du site web de votre entreprise. Afin d\u00b4assurer une ad\u00e9quation optimale entre notre offre et les besoins ou souhaits particuliers de votre entreprise,\u00a0des services compl\u00e9mentaires sont \u00e9galement propos\u00e9s.<\/p>\n<p><strong>Services offerts\u00a0:<\/strong><\/p>\n<ul>\n<li>Check-list pr\u00e9liminaire ;<\/li>\n<li>Entretien personnalis\u00e9 d\u00b4\u00e9valuation du projet (une heure) \u00e0 l\u2019un de nos bureaux, via Skype ou par t\u00e9l\u00e9phone (suivant votre choix) ;<\/li>\n<li>\u00c9laboration d\u00b4une check-list personnalis\u00e9e des pr\u00e9cautions \u00e0 observer compte tenu des principales sp\u00e9cificit\u00e9s du projet<\/li>\n<\/ul>\n","protected":false},"excerpt":{"rendered":"<p>Objet : Ce pack est destin\u00e9 \u00e0 pr\u00e9venir les difficult\u00e9s susceptibles de survenir dans les relations avec un prestataire externe en charge de l\u00b4h\u00e9bergement du site web de votre entreprise. Afin d\u00b4assurer une ad\u00e9quation optimale entre notre offre et les besoins ou souhaits particuliers de votre entreprise,\u00a0des services compl\u00e9mentaires sont \u00e9galement propos\u00e9s. Services offerts\u00a0: Check-list [&hellip;]<\/p>\n","protected":false},"featured_media":0,"comment_status":"open","ping_status":"closed","template":"","meta":{"_acf_changed":false},"product_brand":[],"product_cat":[422],"product_tag":[],"class_list":{"0":"post-13730","1":"product","2":"type-product","3":"status-publish","5":"product_cat-droit-technologies-information-de","7":"first","8":"instock","9":"downloadable","10":"virtual","11":"sold-individually","12":"taxable","13":"purchasable","14":"product-type-simple"},"yoast_head":"<!-- This site is optimized with the Yoast SEO Premium plugin v20.11 (Yoast SEO v27.3) - https:\/\/yoast.com\/product\/yoast-seo-premium-wordpress\/ -->\n<title>Pack contrat h\u00e9bergement - Lexing Switzerland<\/title>\n<meta name=\"robots\" content=\"index, follow, max-snippet:-1, max-image-preview:large, max-video-preview:-1\" \/>\n<link rel=\"canonical\" href=\"https:\/\/lexing.ch\/de\/product\/pack-contrat-hebergement\/\" \/>\n<meta property=\"og:locale\" content=\"de_DE\" \/>\n<meta property=\"og:type\" content=\"article\" \/>\n<meta property=\"og:title\" content=\"Pack contrat h\u00e9bergement\" \/>\n<meta property=\"og:description\" content=\"Objet : Ce pack est destin\u00e9 \u00e0 pr\u00e9venir les difficult\u00e9s susceptibles de survenir dans les relations avec un prestataire externe en charge de l\u00b4h\u00e9bergement du site web de votre entreprise. Afin d\u00b4assurer une ad\u00e9quation optimale entre notre offre et les besoins ou souhaits particuliers de votre entreprise,\u00a0des services compl\u00e9mentaires sont \u00e9galement propos\u00e9s. Services offerts\u00a0: Check-list [&hellip;]\" \/>\n<meta property=\"og:url\" content=\"https:\/\/lexing.ch\/de\/product\/pack-contrat-hebergement\/\" \/>\n<meta property=\"og:site_name\" content=\"Lexing Switzerland\" \/>\n<meta property=\"article:publisher\" content=\"https:\/\/www.facebook.com\/Lexing.ch\" \/>\n<meta property=\"article:modified_time\" content=\"2016-12-10T11:34:34+00:00\" \/>\n<meta name=\"twitter:card\" content=\"summary_large_image\" \/>\n<meta name=\"twitter:site\" content=\"@sebastienfanti\" \/>\n<meta name=\"twitter:label1\" content=\"Gesch\u00e4tzte Lesezeit\" \/>\n\t<meta name=\"twitter:data1\" content=\"1\u00a0Minute\" \/>\n<script type=\"application\/ld+json\" class=\"yoast-schema-graph\">{\"@context\":\"https:\\\/\\\/schema.org\",\"@graph\":[{\"@type\":\"WebPage\",\"@id\":\"https:\\\/\\\/lexing.ch\\\/de\\\/product\\\/pack-contrat-hebergement\\\/\",\"url\":\"https:\\\/\\\/lexing.ch\\\/de\\\/product\\\/pack-contrat-hebergement\\\/\",\"name\":\"Pack contrat h\u00e9bergement - Lexing Switzerland\",\"isPartOf\":{\"@id\":\"https:\\\/\\\/lexing.ch\\\/#website\"},\"datePublished\":\"2016-03-24T13:33:23+00:00\",\"dateModified\":\"2016-12-10T11:34:34+00:00\",\"breadcrumb\":{\"@id\":\"https:\\\/\\\/lexing.ch\\\/de\\\/product\\\/pack-contrat-hebergement\\\/#breadcrumb\"},\"inLanguage\":\"de\",\"potentialAction\":[{\"@type\":\"ReadAction\",\"target\":[\"https:\\\/\\\/lexing.ch\\\/de\\\/product\\\/pack-contrat-hebergement\\\/\"]}]},{\"@type\":\"BreadcrumbList\",\"@id\":\"https:\\\/\\\/lexing.ch\\\/de\\\/product\\\/pack-contrat-hebergement\\\/#breadcrumb\",\"itemListElement\":[{\"@type\":\"ListItem\",\"position\":1,\"name\":\"Accueil\",\"item\":\"https:\\\/\\\/lexing.ch\\\/de\\\/\"},{\"@type\":\"ListItem\",\"position\":2,\"name\":\"Products\",\"item\":\"https:\\\/\\\/lexing.ch\\\/en\\\/shop\\\/\"},{\"@type\":\"ListItem\",\"position\":3,\"name\":\"Pack contrat h\u00e9bergement\"}]},{\"@type\":\"WebSite\",\"@id\":\"https:\\\/\\\/lexing.ch\\\/#website\",\"url\":\"https:\\\/\\\/lexing.ch\\\/\",\"name\":\"Lexing Switzerland\",\"description\":\"Common sense. Innovative solutions.\",\"publisher\":{\"@id\":\"https:\\\/\\\/lexing.ch\\\/#organization\"},\"potentialAction\":[{\"@type\":\"SearchAction\",\"target\":{\"@type\":\"EntryPoint\",\"urlTemplate\":\"https:\\\/\\\/lexing.ch\\\/?s={search_term_string}\"},\"query-input\":{\"@type\":\"PropertyValueSpecification\",\"valueRequired\":true,\"valueName\":\"search_term_string\"}}],\"inLanguage\":\"de\"},{\"@type\":\"Organization\",\"@id\":\"https:\\\/\\\/lexing.ch\\\/#organization\",\"name\":\"Lexing.ch\",\"url\":\"https:\\\/\\\/lexing.ch\\\/\",\"logo\":{\"@type\":\"ImageObject\",\"inLanguage\":\"de\",\"@id\":\"https:\\\/\\\/lexing.ch\\\/#\\\/schema\\\/logo\\\/image\\\/\",\"url\":\"https:\\\/\\\/lexing.ch\\\/wp-content\\\/uploads\\\/2018\\\/02\\\/logo-lexing-ch.png\",\"contentUrl\":\"https:\\\/\\\/lexing.ch\\\/wp-content\\\/uploads\\\/2018\\\/02\\\/logo-lexing-ch.png\",\"width\":\"500\",\"height\":\"174\",\"caption\":\"Lexing.ch\"},\"image\":{\"@id\":\"https:\\\/\\\/lexing.ch\\\/#\\\/schema\\\/logo\\\/image\\\/\"},\"sameAs\":[\"https:\\\/\\\/www.facebook.com\\\/Lexing.ch\",\"https:\\\/\\\/x.com\\\/sebastienfanti\"]}]}<\/script>\n<!-- \/ Yoast SEO Premium plugin. -->","yoast_head_json":{"title":"Pack contrat h\u00e9bergement - Lexing Switzerland","robots":{"index":"index","follow":"follow","max-snippet":"max-snippet:-1","max-image-preview":"max-image-preview:large","max-video-preview":"max-video-preview:-1"},"canonical":"https:\/\/lexing.ch\/de\/product\/pack-contrat-hebergement\/","og_locale":"de_DE","og_type":"article","og_title":"Pack contrat h\u00e9bergement","og_description":"Objet : Ce pack est destin\u00e9 \u00e0 pr\u00e9venir les difficult\u00e9s susceptibles de survenir dans les relations avec un prestataire externe en charge de l\u00b4h\u00e9bergement du site web de votre entreprise. Afin d\u00b4assurer une ad\u00e9quation optimale entre notre offre et les besoins ou souhaits particuliers de votre entreprise,\u00a0des services compl\u00e9mentaires sont \u00e9galement propos\u00e9s. Services offerts\u00a0: Check-list [&hellip;]","og_url":"https:\/\/lexing.ch\/de\/product\/pack-contrat-hebergement\/","og_site_name":"Lexing Switzerland","article_publisher":"https:\/\/www.facebook.com\/Lexing.ch","article_modified_time":"2016-12-10T11:34:34+00:00","twitter_card":"summary_large_image","twitter_site":"@sebastienfanti","twitter_misc":{"Gesch\u00e4tzte Lesezeit":"1\u00a0Minute"},"schema":{"@context":"https:\/\/schema.org","@graph":[{"@type":"WebPage","@id":"https:\/\/lexing.ch\/de\/product\/pack-contrat-hebergement\/","url":"https:\/\/lexing.ch\/de\/product\/pack-contrat-hebergement\/","name":"Pack contrat h\u00e9bergement - Lexing Switzerland","isPartOf":{"@id":"https:\/\/lexing.ch\/#website"},"datePublished":"2016-03-24T13:33:23+00:00","dateModified":"2016-12-10T11:34:34+00:00","breadcrumb":{"@id":"https:\/\/lexing.ch\/de\/product\/pack-contrat-hebergement\/#breadcrumb"},"inLanguage":"de","potentialAction":[{"@type":"ReadAction","target":["https:\/\/lexing.ch\/de\/product\/pack-contrat-hebergement\/"]}]},{"@type":"BreadcrumbList","@id":"https:\/\/lexing.ch\/de\/product\/pack-contrat-hebergement\/#breadcrumb","itemListElement":[{"@type":"ListItem","position":1,"name":"Accueil","item":"https:\/\/lexing.ch\/de\/"},{"@type":"ListItem","position":2,"name":"Products","item":"https:\/\/lexing.ch\/en\/shop\/"},{"@type":"ListItem","position":3,"name":"Pack contrat h\u00e9bergement"}]},{"@type":"WebSite","@id":"https:\/\/lexing.ch\/#website","url":"https:\/\/lexing.ch\/","name":"Lexing Switzerland","description":"Common sense. Innovative solutions.","publisher":{"@id":"https:\/\/lexing.ch\/#organization"},"potentialAction":[{"@type":"SearchAction","target":{"@type":"EntryPoint","urlTemplate":"https:\/\/lexing.ch\/?s={search_term_string}"},"query-input":{"@type":"PropertyValueSpecification","valueRequired":true,"valueName":"search_term_string"}}],"inLanguage":"de"},{"@type":"Organization","@id":"https:\/\/lexing.ch\/#organization","name":"Lexing.ch","url":"https:\/\/lexing.ch\/","logo":{"@type":"ImageObject","inLanguage":"de","@id":"https:\/\/lexing.ch\/#\/schema\/logo\/image\/","url":"https:\/\/lexing.ch\/wp-content\/uploads\/2018\/02\/logo-lexing-ch.png","contentUrl":"https:\/\/lexing.ch\/wp-content\/uploads\/2018\/02\/logo-lexing-ch.png","width":"500","height":"174","caption":"Lexing.ch"},"image":{"@id":"https:\/\/lexing.ch\/#\/schema\/logo\/image\/"},"sameAs":["https:\/\/www.facebook.com\/Lexing.ch","https:\/\/x.com\/sebastienfanti"]}]}},"acf":[],"_links":{"self":[{"href":"https:\/\/lexing.ch\/de\/wp-json\/wp\/v2\/product\/13730","targetHints":{"allow":["GET"]}}],"collection":[{"href":"https:\/\/lexing.ch\/de\/wp-json\/wp\/v2\/product"}],"about":[{"href":"https:\/\/lexing.ch\/de\/wp-json\/wp\/v2\/types\/product"}],"replies":[{"embeddable":true,"href":"https:\/\/lexing.ch\/de\/wp-json\/wp\/v2\/comments?post=13730"}],"wp:attachment":[{"href":"https:\/\/lexing.ch\/de\/wp-json\/wp\/v2\/media?parent=13730"}],"wp:term":[{"taxonomy":"product_brand","embeddable":true,"href":"https:\/\/lexing.ch\/de\/wp-json\/wp\/v2\/product_brand?post=13730"},{"taxonomy":"product_cat","embeddable":true,"href":"https:\/\/lexing.ch\/de\/wp-json\/wp\/v2\/product_cat?post=13730"},{"taxonomy":"product_tag","embeddable":true,"href":"https:\/\/lexing.ch\/de\/wp-json\/wp\/v2\/product_tag?post=13730"}],"curies":[{"name":"wp","href":"https:\/\/api.w.org\/{rel}","templated":true}]}}