{"id":13721,"date":"2016-03-24T14:47:39","date_gmt":"2016-03-24T13:47:39","guid":{"rendered":"http:\/\/lexing.ch\/de\/product\/pack-enregistrement-nom-de-domaine\/"},"modified":"2016-11-06T12:35:04","modified_gmt":"2016-11-06T11:35:04","slug":"pack-enregistrement-nom-de-domaine","status":"publish","type":"product","link":"https:\/\/lexing.ch\/de\/product\/pack-enregistrement-nom-de-domaine\/","title":{"rendered":"Pack enregistrement nom de domaine"},"content":{"rendered":"<p><b>Objet\u00a0:<\/b><br \/>\nLa visibilit\u00e9 de votre pr\u00e9sence sur internet peut \u00eatre renforc\u00e9e par le choix d\u00b4un nom de domaine \u00ab\u00a0parleur\u00a0\u00bb, susceptible de vous distinguer de la concurrence. Nous vous proposons un pack visant \u00e0 vous accompagner dans ces d\u00e9marches.<\/p>\n<p><b>Services offerts\u00a0: <\/b><\/p>\n<ul>\n<li>Check-list pr\u00e9liminaire\u00a0(.doc et .odt);<\/li>\n<li>V\u00e9rification de la disponibilit\u00e9 du nom de domaine (bases de donn\u00e9es whois dans les principaux domaines \u00e0 convenir\u00a0; Twitter\u00a0; Facebook\u00a0; LinkedIn)<\/li>\n<li>D\u00e9marche d\u00b4enregistrement<\/li>\n<li>Suivi de la proc\u00e9dure d\u00b4enregistrement<\/li>\n<\/ul>\n<p><b>Tarif\u00a0:<br \/>\n<\/b><strong>175 EUR HTVA<\/strong> (208,12 EUR TVAC) (la taxe d\u00b4enregistrement due pour l\u00b4un des noms de domaine .be, .com, .net, .biz, .eu, .fr, .co.uk, .de, .nl, .org, .info, .tv pour la premi\u00e8re ann\u00e9e est comprise dans le prix).<\/p>\n<p>Demandez nous prix\u00a0<a href=\"mailto:jf.henrotte@lexing.ch\">par courriel<\/a> pour un autre nom de domaine ou pluralit\u00e9.<\/p>\n","protected":false},"excerpt":{"rendered":"<p>Objet\u00a0: La visibilit\u00e9 de votre pr\u00e9sence sur internet peut \u00eatre renforc\u00e9e par le choix d\u00b4un nom de domaine \u00ab\u00a0parleur\u00a0\u00bb, susceptible de vous distinguer de la concurrence. Nous vous proposons un pack visant \u00e0 vous accompagner dans ces d\u00e9marches. Services offerts\u00a0: Check-list pr\u00e9liminaire\u00a0(.doc et .odt); V\u00e9rification de la disponibilit\u00e9 du nom de domaine (bases de donn\u00e9es [&hellip;]<\/p>\n","protected":false},"featured_media":0,"comment_status":"open","ping_status":"closed","template":"","meta":{"_acf_changed":false},"product_brand":[],"product_cat":[422],"product_tag":[],"class_list":{"0":"post-13721","1":"product","2":"type-product","3":"status-publish","5":"product_cat-droit-technologies-information-de","7":"first","8":"instock","9":"downloadable","10":"virtual","11":"sold-individually","12":"taxable","13":"purchasable","14":"product-type-simple"},"yoast_head":"<!-- This site is optimized with the Yoast SEO Premium plugin v20.11 (Yoast SEO v27.3) - https:\/\/yoast.com\/product\/yoast-seo-premium-wordpress\/ -->\n<title>Pack enregistrement nom de domaine - Lexing Switzerland<\/title>\n<meta name=\"robots\" content=\"index, follow, max-snippet:-1, max-image-preview:large, max-video-preview:-1\" \/>\n<link rel=\"canonical\" href=\"https:\/\/lexing.ch\/de\/product\/pack-enregistrement-nom-de-domaine\/\" \/>\n<meta property=\"og:locale\" content=\"de_DE\" \/>\n<meta property=\"og:type\" content=\"article\" \/>\n<meta property=\"og:title\" content=\"Pack enregistrement nom de domaine\" \/>\n<meta property=\"og:description\" content=\"Objet\u00a0: La visibilit\u00e9 de votre pr\u00e9sence sur internet peut \u00eatre renforc\u00e9e par le choix d\u00b4un nom de domaine \u00ab\u00a0parleur\u00a0\u00bb, susceptible de vous distinguer de la concurrence. Nous vous proposons un pack visant \u00e0 vous accompagner dans ces d\u00e9marches. Services offerts\u00a0: Check-list pr\u00e9liminaire\u00a0(.doc et .odt); V\u00e9rification de la disponibilit\u00e9 du nom de domaine (bases de donn\u00e9es [&hellip;]\" \/>\n<meta property=\"og:url\" content=\"https:\/\/lexing.ch\/de\/product\/pack-enregistrement-nom-de-domaine\/\" \/>\n<meta property=\"og:site_name\" content=\"Lexing Switzerland\" \/>\n<meta property=\"article:publisher\" content=\"https:\/\/www.facebook.com\/Lexing.ch\" \/>\n<meta property=\"article:modified_time\" content=\"2016-11-06T11:35:04+00:00\" \/>\n<meta name=\"twitter:card\" content=\"summary_large_image\" \/>\n<meta name=\"twitter:site\" content=\"@sebastienfanti\" \/>\n<meta name=\"twitter:label1\" content=\"Gesch\u00e4tzte Lesezeit\" \/>\n\t<meta name=\"twitter:data1\" content=\"1\u00a0Minute\" \/>\n<script type=\"application\/ld+json\" class=\"yoast-schema-graph\">{\"@context\":\"https:\\\/\\\/schema.org\",\"@graph\":[{\"@type\":\"WebPage\",\"@id\":\"https:\\\/\\\/lexing.ch\\\/de\\\/product\\\/pack-enregistrement-nom-de-domaine\\\/\",\"url\":\"https:\\\/\\\/lexing.ch\\\/de\\\/product\\\/pack-enregistrement-nom-de-domaine\\\/\",\"name\":\"Pack enregistrement nom de domaine - Lexing Switzerland\",\"isPartOf\":{\"@id\":\"https:\\\/\\\/lexing.ch\\\/#website\"},\"datePublished\":\"2016-03-24T13:47:39+00:00\",\"dateModified\":\"2016-11-06T11:35:04+00:00\",\"breadcrumb\":{\"@id\":\"https:\\\/\\\/lexing.ch\\\/de\\\/product\\\/pack-enregistrement-nom-de-domaine\\\/#breadcrumb\"},\"inLanguage\":\"de\",\"potentialAction\":[{\"@type\":\"ReadAction\",\"target\":[\"https:\\\/\\\/lexing.ch\\\/de\\\/product\\\/pack-enregistrement-nom-de-domaine\\\/\"]}]},{\"@type\":\"BreadcrumbList\",\"@id\":\"https:\\\/\\\/lexing.ch\\\/de\\\/product\\\/pack-enregistrement-nom-de-domaine\\\/#breadcrumb\",\"itemListElement\":[{\"@type\":\"ListItem\",\"position\":1,\"name\":\"Accueil\",\"item\":\"https:\\\/\\\/lexing.ch\\\/de\\\/\"},{\"@type\":\"ListItem\",\"position\":2,\"name\":\"Products\",\"item\":\"https:\\\/\\\/lexing.ch\\\/en\\\/shop\\\/\"},{\"@type\":\"ListItem\",\"position\":3,\"name\":\"Pack enregistrement nom de domaine\"}]},{\"@type\":\"WebSite\",\"@id\":\"https:\\\/\\\/lexing.ch\\\/#website\",\"url\":\"https:\\\/\\\/lexing.ch\\\/\",\"name\":\"Lexing Switzerland\",\"description\":\"Common sense. Innovative solutions.\",\"publisher\":{\"@id\":\"https:\\\/\\\/lexing.ch\\\/#organization\"},\"potentialAction\":[{\"@type\":\"SearchAction\",\"target\":{\"@type\":\"EntryPoint\",\"urlTemplate\":\"https:\\\/\\\/lexing.ch\\\/?s={search_term_string}\"},\"query-input\":{\"@type\":\"PropertyValueSpecification\",\"valueRequired\":true,\"valueName\":\"search_term_string\"}}],\"inLanguage\":\"de\"},{\"@type\":\"Organization\",\"@id\":\"https:\\\/\\\/lexing.ch\\\/#organization\",\"name\":\"Lexing.ch\",\"url\":\"https:\\\/\\\/lexing.ch\\\/\",\"logo\":{\"@type\":\"ImageObject\",\"inLanguage\":\"de\",\"@id\":\"https:\\\/\\\/lexing.ch\\\/#\\\/schema\\\/logo\\\/image\\\/\",\"url\":\"https:\\\/\\\/lexing.ch\\\/wp-content\\\/uploads\\\/2018\\\/02\\\/logo-lexing-ch.png\",\"contentUrl\":\"https:\\\/\\\/lexing.ch\\\/wp-content\\\/uploads\\\/2018\\\/02\\\/logo-lexing-ch.png\",\"width\":\"500\",\"height\":\"174\",\"caption\":\"Lexing.ch\"},\"image\":{\"@id\":\"https:\\\/\\\/lexing.ch\\\/#\\\/schema\\\/logo\\\/image\\\/\"},\"sameAs\":[\"https:\\\/\\\/www.facebook.com\\\/Lexing.ch\",\"https:\\\/\\\/x.com\\\/sebastienfanti\"]}]}<\/script>\n<!-- \/ Yoast SEO Premium plugin. -->","yoast_head_json":{"title":"Pack enregistrement nom de domaine - Lexing Switzerland","robots":{"index":"index","follow":"follow","max-snippet":"max-snippet:-1","max-image-preview":"max-image-preview:large","max-video-preview":"max-video-preview:-1"},"canonical":"https:\/\/lexing.ch\/de\/product\/pack-enregistrement-nom-de-domaine\/","og_locale":"de_DE","og_type":"article","og_title":"Pack enregistrement nom de domaine","og_description":"Objet\u00a0: La visibilit\u00e9 de votre pr\u00e9sence sur internet peut \u00eatre renforc\u00e9e par le choix d\u00b4un nom de domaine \u00ab\u00a0parleur\u00a0\u00bb, susceptible de vous distinguer de la concurrence. Nous vous proposons un pack visant \u00e0 vous accompagner dans ces d\u00e9marches. Services offerts\u00a0: Check-list pr\u00e9liminaire\u00a0(.doc et .odt); V\u00e9rification de la disponibilit\u00e9 du nom de domaine (bases de donn\u00e9es [&hellip;]","og_url":"https:\/\/lexing.ch\/de\/product\/pack-enregistrement-nom-de-domaine\/","og_site_name":"Lexing Switzerland","article_publisher":"https:\/\/www.facebook.com\/Lexing.ch","article_modified_time":"2016-11-06T11:35:04+00:00","twitter_card":"summary_large_image","twitter_site":"@sebastienfanti","twitter_misc":{"Gesch\u00e4tzte Lesezeit":"1\u00a0Minute"},"schema":{"@context":"https:\/\/schema.org","@graph":[{"@type":"WebPage","@id":"https:\/\/lexing.ch\/de\/product\/pack-enregistrement-nom-de-domaine\/","url":"https:\/\/lexing.ch\/de\/product\/pack-enregistrement-nom-de-domaine\/","name":"Pack enregistrement nom de domaine - Lexing Switzerland","isPartOf":{"@id":"https:\/\/lexing.ch\/#website"},"datePublished":"2016-03-24T13:47:39+00:00","dateModified":"2016-11-06T11:35:04+00:00","breadcrumb":{"@id":"https:\/\/lexing.ch\/de\/product\/pack-enregistrement-nom-de-domaine\/#breadcrumb"},"inLanguage":"de","potentialAction":[{"@type":"ReadAction","target":["https:\/\/lexing.ch\/de\/product\/pack-enregistrement-nom-de-domaine\/"]}]},{"@type":"BreadcrumbList","@id":"https:\/\/lexing.ch\/de\/product\/pack-enregistrement-nom-de-domaine\/#breadcrumb","itemListElement":[{"@type":"ListItem","position":1,"name":"Accueil","item":"https:\/\/lexing.ch\/de\/"},{"@type":"ListItem","position":2,"name":"Products","item":"https:\/\/lexing.ch\/en\/shop\/"},{"@type":"ListItem","position":3,"name":"Pack enregistrement nom de domaine"}]},{"@type":"WebSite","@id":"https:\/\/lexing.ch\/#website","url":"https:\/\/lexing.ch\/","name":"Lexing Switzerland","description":"Common sense. Innovative solutions.","publisher":{"@id":"https:\/\/lexing.ch\/#organization"},"potentialAction":[{"@type":"SearchAction","target":{"@type":"EntryPoint","urlTemplate":"https:\/\/lexing.ch\/?s={search_term_string}"},"query-input":{"@type":"PropertyValueSpecification","valueRequired":true,"valueName":"search_term_string"}}],"inLanguage":"de"},{"@type":"Organization","@id":"https:\/\/lexing.ch\/#organization","name":"Lexing.ch","url":"https:\/\/lexing.ch\/","logo":{"@type":"ImageObject","inLanguage":"de","@id":"https:\/\/lexing.ch\/#\/schema\/logo\/image\/","url":"https:\/\/lexing.ch\/wp-content\/uploads\/2018\/02\/logo-lexing-ch.png","contentUrl":"https:\/\/lexing.ch\/wp-content\/uploads\/2018\/02\/logo-lexing-ch.png","width":"500","height":"174","caption":"Lexing.ch"},"image":{"@id":"https:\/\/lexing.ch\/#\/schema\/logo\/image\/"},"sameAs":["https:\/\/www.facebook.com\/Lexing.ch","https:\/\/x.com\/sebastienfanti"]}]}},"acf":[],"_links":{"self":[{"href":"https:\/\/lexing.ch\/de\/wp-json\/wp\/v2\/product\/13721","targetHints":{"allow":["GET"]}}],"collection":[{"href":"https:\/\/lexing.ch\/de\/wp-json\/wp\/v2\/product"}],"about":[{"href":"https:\/\/lexing.ch\/de\/wp-json\/wp\/v2\/types\/product"}],"replies":[{"embeddable":true,"href":"https:\/\/lexing.ch\/de\/wp-json\/wp\/v2\/comments?post=13721"}],"wp:attachment":[{"href":"https:\/\/lexing.ch\/de\/wp-json\/wp\/v2\/media?parent=13721"}],"wp:term":[{"taxonomy":"product_brand","embeddable":true,"href":"https:\/\/lexing.ch\/de\/wp-json\/wp\/v2\/product_brand?post=13721"},{"taxonomy":"product_cat","embeddable":true,"href":"https:\/\/lexing.ch\/de\/wp-json\/wp\/v2\/product_cat?post=13721"},{"taxonomy":"product_tag","embeddable":true,"href":"https:\/\/lexing.ch\/de\/wp-json\/wp\/v2\/product_tag?post=13721"}],"curies":[{"name":"wp","href":"https:\/\/api.w.org\/{rel}","templated":true}]}}