{"id":13713,"date":"2016-03-24T15:02:56","date_gmt":"2016-03-24T14:02:56","guid":{"rendered":"http:\/\/lexing.ch\/de\/product\/pack-vie-privee-futur-site\/"},"modified":"2016-12-10T12:26:09","modified_gmt":"2016-12-10T11:26:09","slug":"pack-vie-privee-futur-site","status":"publish","type":"product","link":"https:\/\/lexing.ch\/de\/product\/pack-vie-privee-futur-site\/","title":{"rendered":"Pack vie priv\u00e9e &#8211; futur site"},"content":{"rendered":"<p><strong>Objet\u00a0:<br \/>\n<\/strong>Le pack permet la mise en \u0153uvre d\u00b4une gestion efficace des contraintes l\u00e9gales li\u00e9es au traitement de donn\u00e9es \u00e0 caract\u00e8re personnelle effectu\u00e9 dans le cadre d\u00b4un site pour un co\u00fbt tr\u00e8s raisonnable.<\/p>\n<p>La police vie priv\u00e9e constitue le document cl\u00e9 dans la gestion des traitements de donn\u00e9es effectu\u00e9s via vitre site web. Elle permet d\u00b4informer les visiteurs et\/ou clients sur leurs droits et permet en outre d\u00b4attirer l\u00b4attention sur le fait que votre entreprise est soucieuse du respect de la vie priv\u00e9e de ses clients.<\/p>\n<p><b>Services offerts\u00a0:<\/b><\/p>\n<ul>\n<li>Check-list pr\u00e9liminaire ;<\/li>\n<li>Entretien personnalis\u00e9 d\u00b4\u00e9valuation du projet (une heure) \u00e0 l\u2019un de nos bureaux, via Skype ou par t\u00e9l\u00e9phone (suivant votre choix)\u00a0;<\/li>\n<li>\u00c9laboration de recommandations personnalis\u00e9es sur les pr\u00e9cautions \u00e0 prendre dans la conception et l\u00b4\u00e9volution du site web\u00a0;<\/li>\n<li>\u00c9laboration d\u00b4une police vie priv\u00e9e\u00a0(trois finalit\u00e9s);<\/li>\n<\/ul>\n<p>Introduction et suivi de la d\u00e9claration \u00e0 la Commission de la Protection de la Vie priv\u00e9e de trois finalit\u00e9s\u00a0: la communication de lettres d\u00b4information papier et \u00e9lectronique\u00a0; la gestion de la client\u00e8le et la r\u00e9alisation d\u00b4\u00e9tude de march\u00e9 et la r\u00e9alisation d\u00b4op\u00e9ration d\u00b4information sur les services offerts par le site internet.<\/p>\n","protected":false},"excerpt":{"rendered":"<p>Objet\u00a0: Le pack permet la mise en \u0153uvre d\u00b4une gestion efficace des contraintes l\u00e9gales li\u00e9es au traitement de donn\u00e9es \u00e0 caract\u00e8re personnelle effectu\u00e9 dans le cadre d\u00b4un site pour un co\u00fbt tr\u00e8s raisonnable. La police vie priv\u00e9e constitue le document cl\u00e9 dans la gestion des traitements de donn\u00e9es effectu\u00e9s via vitre site web. Elle permet [&hellip;]<\/p>\n","protected":false},"featured_media":0,"comment_status":"open","ping_status":"closed","template":"","meta":{"_acf_changed":false},"product_brand":[],"product_cat":[422],"product_tag":[],"class_list":{"0":"post-13713","1":"product","2":"type-product","3":"status-publish","5":"product_cat-droit-technologies-information-de","7":"first","8":"instock","9":"downloadable","10":"virtual","11":"sold-individually","12":"taxable","13":"purchasable","14":"product-type-simple"},"yoast_head":"<!-- This site is optimized with the Yoast SEO Premium plugin v20.11 (Yoast SEO v27.3) - https:\/\/yoast.com\/product\/yoast-seo-premium-wordpress\/ -->\n<title>Pack vie priv\u00e9e - futur site - Lexing Switzerland<\/title>\n<meta name=\"robots\" content=\"index, follow, max-snippet:-1, max-image-preview:large, max-video-preview:-1\" \/>\n<link rel=\"canonical\" href=\"https:\/\/lexing.ch\/de\/product\/pack-vie-privee-futur-site\/\" \/>\n<meta property=\"og:locale\" content=\"de_DE\" \/>\n<meta property=\"og:type\" content=\"article\" \/>\n<meta property=\"og:title\" content=\"Pack vie priv\u00e9e - futur site\" \/>\n<meta property=\"og:description\" content=\"Objet\u00a0: Le pack permet la mise en \u0153uvre d\u00b4une gestion efficace des contraintes l\u00e9gales li\u00e9es au traitement de donn\u00e9es \u00e0 caract\u00e8re personnelle effectu\u00e9 dans le cadre d\u00b4un site pour un co\u00fbt tr\u00e8s raisonnable. La police vie priv\u00e9e constitue le document cl\u00e9 dans la gestion des traitements de donn\u00e9es effectu\u00e9s via vitre site web. Elle permet [&hellip;]\" \/>\n<meta property=\"og:url\" content=\"https:\/\/lexing.ch\/de\/product\/pack-vie-privee-futur-site\/\" \/>\n<meta property=\"og:site_name\" content=\"Lexing Switzerland\" \/>\n<meta property=\"article:publisher\" content=\"https:\/\/www.facebook.com\/Lexing.ch\" \/>\n<meta property=\"article:modified_time\" content=\"2016-12-10T11:26:09+00:00\" \/>\n<meta name=\"twitter:card\" content=\"summary_large_image\" \/>\n<meta name=\"twitter:site\" content=\"@sebastienfanti\" \/>\n<meta name=\"twitter:label1\" content=\"Gesch\u00e4tzte Lesezeit\" \/>\n\t<meta name=\"twitter:data1\" content=\"1\u00a0Minute\" \/>\n<script type=\"application\/ld+json\" class=\"yoast-schema-graph\">{\"@context\":\"https:\\\/\\\/schema.org\",\"@graph\":[{\"@type\":\"WebPage\",\"@id\":\"https:\\\/\\\/lexing.ch\\\/de\\\/product\\\/pack-vie-privee-futur-site\\\/\",\"url\":\"https:\\\/\\\/lexing.ch\\\/de\\\/product\\\/pack-vie-privee-futur-site\\\/\",\"name\":\"Pack vie priv\u00e9e - futur site - Lexing Switzerland\",\"isPartOf\":{\"@id\":\"https:\\\/\\\/lexing.ch\\\/#website\"},\"datePublished\":\"2016-03-24T14:02:56+00:00\",\"dateModified\":\"2016-12-10T11:26:09+00:00\",\"breadcrumb\":{\"@id\":\"https:\\\/\\\/lexing.ch\\\/de\\\/product\\\/pack-vie-privee-futur-site\\\/#breadcrumb\"},\"inLanguage\":\"de\",\"potentialAction\":[{\"@type\":\"ReadAction\",\"target\":[\"https:\\\/\\\/lexing.ch\\\/de\\\/product\\\/pack-vie-privee-futur-site\\\/\"]}]},{\"@type\":\"BreadcrumbList\",\"@id\":\"https:\\\/\\\/lexing.ch\\\/de\\\/product\\\/pack-vie-privee-futur-site\\\/#breadcrumb\",\"itemListElement\":[{\"@type\":\"ListItem\",\"position\":1,\"name\":\"Accueil\",\"item\":\"https:\\\/\\\/lexing.ch\\\/de\\\/\"},{\"@type\":\"ListItem\",\"position\":2,\"name\":\"Products\",\"item\":\"https:\\\/\\\/lexing.ch\\\/en\\\/shop\\\/\"},{\"@type\":\"ListItem\",\"position\":3,\"name\":\"Pack vie priv\u00e9e &#8211; futur site\"}]},{\"@type\":\"WebSite\",\"@id\":\"https:\\\/\\\/lexing.ch\\\/#website\",\"url\":\"https:\\\/\\\/lexing.ch\\\/\",\"name\":\"Lexing Switzerland\",\"description\":\"Common sense. Innovative solutions.\",\"publisher\":{\"@id\":\"https:\\\/\\\/lexing.ch\\\/#organization\"},\"potentialAction\":[{\"@type\":\"SearchAction\",\"target\":{\"@type\":\"EntryPoint\",\"urlTemplate\":\"https:\\\/\\\/lexing.ch\\\/?s={search_term_string}\"},\"query-input\":{\"@type\":\"PropertyValueSpecification\",\"valueRequired\":true,\"valueName\":\"search_term_string\"}}],\"inLanguage\":\"de\"},{\"@type\":\"Organization\",\"@id\":\"https:\\\/\\\/lexing.ch\\\/#organization\",\"name\":\"Lexing.ch\",\"url\":\"https:\\\/\\\/lexing.ch\\\/\",\"logo\":{\"@type\":\"ImageObject\",\"inLanguage\":\"de\",\"@id\":\"https:\\\/\\\/lexing.ch\\\/#\\\/schema\\\/logo\\\/image\\\/\",\"url\":\"https:\\\/\\\/lexing.ch\\\/wp-content\\\/uploads\\\/2018\\\/02\\\/logo-lexing-ch.png\",\"contentUrl\":\"https:\\\/\\\/lexing.ch\\\/wp-content\\\/uploads\\\/2018\\\/02\\\/logo-lexing-ch.png\",\"width\":\"500\",\"height\":\"174\",\"caption\":\"Lexing.ch\"},\"image\":{\"@id\":\"https:\\\/\\\/lexing.ch\\\/#\\\/schema\\\/logo\\\/image\\\/\"},\"sameAs\":[\"https:\\\/\\\/www.facebook.com\\\/Lexing.ch\",\"https:\\\/\\\/x.com\\\/sebastienfanti\"]}]}<\/script>\n<!-- \/ Yoast SEO Premium plugin. -->","yoast_head_json":{"title":"Pack vie priv\u00e9e - futur site - Lexing Switzerland","robots":{"index":"index","follow":"follow","max-snippet":"max-snippet:-1","max-image-preview":"max-image-preview:large","max-video-preview":"max-video-preview:-1"},"canonical":"https:\/\/lexing.ch\/de\/product\/pack-vie-privee-futur-site\/","og_locale":"de_DE","og_type":"article","og_title":"Pack vie priv\u00e9e - futur site","og_description":"Objet\u00a0: Le pack permet la mise en \u0153uvre d\u00b4une gestion efficace des contraintes l\u00e9gales li\u00e9es au traitement de donn\u00e9es \u00e0 caract\u00e8re personnelle effectu\u00e9 dans le cadre d\u00b4un site pour un co\u00fbt tr\u00e8s raisonnable. La police vie priv\u00e9e constitue le document cl\u00e9 dans la gestion des traitements de donn\u00e9es effectu\u00e9s via vitre site web. Elle permet [&hellip;]","og_url":"https:\/\/lexing.ch\/de\/product\/pack-vie-privee-futur-site\/","og_site_name":"Lexing Switzerland","article_publisher":"https:\/\/www.facebook.com\/Lexing.ch","article_modified_time":"2016-12-10T11:26:09+00:00","twitter_card":"summary_large_image","twitter_site":"@sebastienfanti","twitter_misc":{"Gesch\u00e4tzte Lesezeit":"1\u00a0Minute"},"schema":{"@context":"https:\/\/schema.org","@graph":[{"@type":"WebPage","@id":"https:\/\/lexing.ch\/de\/product\/pack-vie-privee-futur-site\/","url":"https:\/\/lexing.ch\/de\/product\/pack-vie-privee-futur-site\/","name":"Pack vie priv\u00e9e - futur site - Lexing Switzerland","isPartOf":{"@id":"https:\/\/lexing.ch\/#website"},"datePublished":"2016-03-24T14:02:56+00:00","dateModified":"2016-12-10T11:26:09+00:00","breadcrumb":{"@id":"https:\/\/lexing.ch\/de\/product\/pack-vie-privee-futur-site\/#breadcrumb"},"inLanguage":"de","potentialAction":[{"@type":"ReadAction","target":["https:\/\/lexing.ch\/de\/product\/pack-vie-privee-futur-site\/"]}]},{"@type":"BreadcrumbList","@id":"https:\/\/lexing.ch\/de\/product\/pack-vie-privee-futur-site\/#breadcrumb","itemListElement":[{"@type":"ListItem","position":1,"name":"Accueil","item":"https:\/\/lexing.ch\/de\/"},{"@type":"ListItem","position":2,"name":"Products","item":"https:\/\/lexing.ch\/en\/shop\/"},{"@type":"ListItem","position":3,"name":"Pack vie priv\u00e9e &#8211; futur site"}]},{"@type":"WebSite","@id":"https:\/\/lexing.ch\/#website","url":"https:\/\/lexing.ch\/","name":"Lexing Switzerland","description":"Common sense. Innovative solutions.","publisher":{"@id":"https:\/\/lexing.ch\/#organization"},"potentialAction":[{"@type":"SearchAction","target":{"@type":"EntryPoint","urlTemplate":"https:\/\/lexing.ch\/?s={search_term_string}"},"query-input":{"@type":"PropertyValueSpecification","valueRequired":true,"valueName":"search_term_string"}}],"inLanguage":"de"},{"@type":"Organization","@id":"https:\/\/lexing.ch\/#organization","name":"Lexing.ch","url":"https:\/\/lexing.ch\/","logo":{"@type":"ImageObject","inLanguage":"de","@id":"https:\/\/lexing.ch\/#\/schema\/logo\/image\/","url":"https:\/\/lexing.ch\/wp-content\/uploads\/2018\/02\/logo-lexing-ch.png","contentUrl":"https:\/\/lexing.ch\/wp-content\/uploads\/2018\/02\/logo-lexing-ch.png","width":"500","height":"174","caption":"Lexing.ch"},"image":{"@id":"https:\/\/lexing.ch\/#\/schema\/logo\/image\/"},"sameAs":["https:\/\/www.facebook.com\/Lexing.ch","https:\/\/x.com\/sebastienfanti"]}]}},"acf":[],"_links":{"self":[{"href":"https:\/\/lexing.ch\/de\/wp-json\/wp\/v2\/product\/13713","targetHints":{"allow":["GET"]}}],"collection":[{"href":"https:\/\/lexing.ch\/de\/wp-json\/wp\/v2\/product"}],"about":[{"href":"https:\/\/lexing.ch\/de\/wp-json\/wp\/v2\/types\/product"}],"replies":[{"embeddable":true,"href":"https:\/\/lexing.ch\/de\/wp-json\/wp\/v2\/comments?post=13713"}],"wp:attachment":[{"href":"https:\/\/lexing.ch\/de\/wp-json\/wp\/v2\/media?parent=13713"}],"wp:term":[{"taxonomy":"product_brand","embeddable":true,"href":"https:\/\/lexing.ch\/de\/wp-json\/wp\/v2\/product_brand?post=13713"},{"taxonomy":"product_cat","embeddable":true,"href":"https:\/\/lexing.ch\/de\/wp-json\/wp\/v2\/product_cat?post=13713"},{"taxonomy":"product_tag","embeddable":true,"href":"https:\/\/lexing.ch\/de\/wp-json\/wp\/v2\/product_tag?post=13713"}],"curies":[{"name":"wp","href":"https:\/\/api.w.org\/{rel}","templated":true}]}}