{"id":13711,"date":"2016-03-24T15:07:08","date_gmt":"2016-03-24T14:07:08","guid":{"rendered":"http:\/\/lexing.ch\/de\/product\/pack-vie-privee-tic-travail\/"},"modified":"2016-12-10T12:24:16","modified_gmt":"2016-12-10T11:24:16","slug":"pack-vie-privee-tic-travail","status":"publish","type":"product","link":"https:\/\/lexing.ch\/de\/product\/pack-vie-privee-tic-travail\/","title":{"rendered":"Pack Vie priv\u00e9e TIC au travail"},"content":{"rendered":"<p align=\"justify\"><strong>Objet\u00a0:<br \/>\n<\/strong>Les entreprises mettent des outils informatiques \u00e0 la disposition de leurs employ\u00e9s. La question des limites de l\u00b4usage de ces outils est un sujet d\u00e9licat, compte tenu du droit du travailleur au respect de sa vie priv\u00e9e, y compris sur son lieu de travail. La lic\u00e9it\u00e9 des modes de preuve r\u00e9colt\u00e9s par des outils technologiques sur le lieu de travail constitue \u00e9galement un enjeu important pour les entreprises. Ce pack vise \u00e0 informer l\u00b4entreprise sur ses droits et devoirs, afin de lui assurer la l\u00e9galit\u00e9 et donc l\u00b4efficacit\u00e9 de son utilisation des technologies de l\u00b4information et de la communication.<\/p>\n<p align=\"justify\"><b>Services offerts\u00a0:<\/b><\/p>\n<ul>\n<li>Check-list pr\u00e9liminaire<\/li>\n<li>Entretien personnalis\u00e9 d\u00b4\u00e9valuation du projet (une heure) \u00e0 l\u2019un de nos bureaux, via Skype ou par t\u00e9l\u00e9phone (suivant votre choix) ;<\/li>\n<li>R\u00e9daction d\u00b4une consultation comportant des recommandations pratiques \u00e0 destination de l\u00b4entreprise afin d\u00b4assurer la conformit\u00e9 de son usage des TIC dans ses relations avec ses employ\u00e9s\u00a0;<\/li>\n<\/ul>\n<p align=\"justify\"><b>Tarif\u00a0:<\/b><br \/>\nLe paiement initial de <strong>125 EUR (151,25 EUR TVAC) couvre<\/strong> la fourniture de la\u00a0 Check-list pr\u00e9liminaire\u00a0et l\u00b4entretien personnalis\u00e9 d\u00b4\u00e9valuation juridique du projet.<\/p>\n<p align=\"justify\">En fonction de la complexit\u00e9 de la situation telle qu\u00b4elle aura pu \u00eatre analys\u00e9e lors de l\u00b4entretien d\u00b4\u00e9valuation, un devis sera propos\u00e9 sur la base de notre tarif horaire pr\u00e9f\u00e9rentiel de 125 EUR (151,25 EUR TVAC).<\/p>\n","protected":false},"excerpt":{"rendered":"<p>Objet\u00a0: Les entreprises mettent des outils informatiques \u00e0 la disposition de leurs employ\u00e9s. La question des limites de l\u00b4usage de ces outils est un sujet d\u00e9licat, compte tenu du droit du travailleur au respect de sa vie priv\u00e9e, y compris sur son lieu de travail. La lic\u00e9it\u00e9 des modes de preuve r\u00e9colt\u00e9s par des outils [&hellip;]<\/p>\n","protected":false},"featured_media":0,"comment_status":"open","ping_status":"closed","template":"","meta":{"_acf_changed":false},"product_brand":[],"product_cat":[422],"product_tag":[],"class_list":{"0":"post-13711","1":"product","2":"type-product","3":"status-publish","5":"product_cat-droit-technologies-information-de","7":"first","8":"instock","9":"downloadable","10":"virtual","11":"sold-individually","12":"taxable","13":"purchasable","14":"product-type-simple"},"yoast_head":"<!-- This site is optimized with the Yoast SEO Premium plugin v20.11 (Yoast SEO v27.3) - https:\/\/yoast.com\/product\/yoast-seo-premium-wordpress\/ -->\n<title>Pack Vie priv\u00e9e TIC au travail - Lexing Switzerland<\/title>\n<meta name=\"robots\" content=\"index, follow, max-snippet:-1, max-image-preview:large, max-video-preview:-1\" \/>\n<link rel=\"canonical\" href=\"https:\/\/lexing.ch\/de\/product\/pack-vie-privee-tic-travail\/\" \/>\n<meta property=\"og:locale\" content=\"de_DE\" \/>\n<meta property=\"og:type\" content=\"article\" \/>\n<meta property=\"og:title\" content=\"Pack Vie priv\u00e9e TIC au travail\" \/>\n<meta property=\"og:description\" content=\"Objet\u00a0: Les entreprises mettent des outils informatiques \u00e0 la disposition de leurs employ\u00e9s. La question des limites de l\u00b4usage de ces outils est un sujet d\u00e9licat, compte tenu du droit du travailleur au respect de sa vie priv\u00e9e, y compris sur son lieu de travail. La lic\u00e9it\u00e9 des modes de preuve r\u00e9colt\u00e9s par des outils [&hellip;]\" \/>\n<meta property=\"og:url\" content=\"https:\/\/lexing.ch\/de\/product\/pack-vie-privee-tic-travail\/\" \/>\n<meta property=\"og:site_name\" content=\"Lexing Switzerland\" \/>\n<meta property=\"article:publisher\" content=\"https:\/\/www.facebook.com\/Lexing.ch\" \/>\n<meta property=\"article:modified_time\" content=\"2016-12-10T11:24:16+00:00\" \/>\n<meta name=\"twitter:card\" content=\"summary_large_image\" \/>\n<meta name=\"twitter:site\" content=\"@sebastienfanti\" \/>\n<meta name=\"twitter:label1\" content=\"Gesch\u00e4tzte Lesezeit\" \/>\n\t<meta name=\"twitter:data1\" content=\"1\u00a0Minute\" \/>\n<script type=\"application\/ld+json\" class=\"yoast-schema-graph\">{\"@context\":\"https:\\\/\\\/schema.org\",\"@graph\":[{\"@type\":\"WebPage\",\"@id\":\"https:\\\/\\\/lexing.ch\\\/de\\\/product\\\/pack-vie-privee-tic-travail\\\/\",\"url\":\"https:\\\/\\\/lexing.ch\\\/de\\\/product\\\/pack-vie-privee-tic-travail\\\/\",\"name\":\"Pack Vie priv\u00e9e TIC au travail - Lexing Switzerland\",\"isPartOf\":{\"@id\":\"https:\\\/\\\/lexing.ch\\\/#website\"},\"datePublished\":\"2016-03-24T14:07:08+00:00\",\"dateModified\":\"2016-12-10T11:24:16+00:00\",\"breadcrumb\":{\"@id\":\"https:\\\/\\\/lexing.ch\\\/de\\\/product\\\/pack-vie-privee-tic-travail\\\/#breadcrumb\"},\"inLanguage\":\"de\",\"potentialAction\":[{\"@type\":\"ReadAction\",\"target\":[\"https:\\\/\\\/lexing.ch\\\/de\\\/product\\\/pack-vie-privee-tic-travail\\\/\"]}]},{\"@type\":\"BreadcrumbList\",\"@id\":\"https:\\\/\\\/lexing.ch\\\/de\\\/product\\\/pack-vie-privee-tic-travail\\\/#breadcrumb\",\"itemListElement\":[{\"@type\":\"ListItem\",\"position\":1,\"name\":\"Accueil\",\"item\":\"https:\\\/\\\/lexing.ch\\\/de\\\/\"},{\"@type\":\"ListItem\",\"position\":2,\"name\":\"Products\",\"item\":\"https:\\\/\\\/lexing.ch\\\/en\\\/shop\\\/\"},{\"@type\":\"ListItem\",\"position\":3,\"name\":\"Pack Vie priv\u00e9e TIC au travail\"}]},{\"@type\":\"WebSite\",\"@id\":\"https:\\\/\\\/lexing.ch\\\/#website\",\"url\":\"https:\\\/\\\/lexing.ch\\\/\",\"name\":\"Lexing Switzerland\",\"description\":\"Common sense. Innovative solutions.\",\"publisher\":{\"@id\":\"https:\\\/\\\/lexing.ch\\\/#organization\"},\"potentialAction\":[{\"@type\":\"SearchAction\",\"target\":{\"@type\":\"EntryPoint\",\"urlTemplate\":\"https:\\\/\\\/lexing.ch\\\/?s={search_term_string}\"},\"query-input\":{\"@type\":\"PropertyValueSpecification\",\"valueRequired\":true,\"valueName\":\"search_term_string\"}}],\"inLanguage\":\"de\"},{\"@type\":\"Organization\",\"@id\":\"https:\\\/\\\/lexing.ch\\\/#organization\",\"name\":\"Lexing.ch\",\"url\":\"https:\\\/\\\/lexing.ch\\\/\",\"logo\":{\"@type\":\"ImageObject\",\"inLanguage\":\"de\",\"@id\":\"https:\\\/\\\/lexing.ch\\\/#\\\/schema\\\/logo\\\/image\\\/\",\"url\":\"https:\\\/\\\/lexing.ch\\\/wp-content\\\/uploads\\\/2018\\\/02\\\/logo-lexing-ch.png\",\"contentUrl\":\"https:\\\/\\\/lexing.ch\\\/wp-content\\\/uploads\\\/2018\\\/02\\\/logo-lexing-ch.png\",\"width\":\"500\",\"height\":\"174\",\"caption\":\"Lexing.ch\"},\"image\":{\"@id\":\"https:\\\/\\\/lexing.ch\\\/#\\\/schema\\\/logo\\\/image\\\/\"},\"sameAs\":[\"https:\\\/\\\/www.facebook.com\\\/Lexing.ch\",\"https:\\\/\\\/x.com\\\/sebastienfanti\"]}]}<\/script>\n<!-- \/ Yoast SEO Premium plugin. -->","yoast_head_json":{"title":"Pack Vie priv\u00e9e TIC au travail - Lexing Switzerland","robots":{"index":"index","follow":"follow","max-snippet":"max-snippet:-1","max-image-preview":"max-image-preview:large","max-video-preview":"max-video-preview:-1"},"canonical":"https:\/\/lexing.ch\/de\/product\/pack-vie-privee-tic-travail\/","og_locale":"de_DE","og_type":"article","og_title":"Pack Vie priv\u00e9e TIC au travail","og_description":"Objet\u00a0: Les entreprises mettent des outils informatiques \u00e0 la disposition de leurs employ\u00e9s. La question des limites de l\u00b4usage de ces outils est un sujet d\u00e9licat, compte tenu du droit du travailleur au respect de sa vie priv\u00e9e, y compris sur son lieu de travail. La lic\u00e9it\u00e9 des modes de preuve r\u00e9colt\u00e9s par des outils [&hellip;]","og_url":"https:\/\/lexing.ch\/de\/product\/pack-vie-privee-tic-travail\/","og_site_name":"Lexing Switzerland","article_publisher":"https:\/\/www.facebook.com\/Lexing.ch","article_modified_time":"2016-12-10T11:24:16+00:00","twitter_card":"summary_large_image","twitter_site":"@sebastienfanti","twitter_misc":{"Gesch\u00e4tzte Lesezeit":"1\u00a0Minute"},"schema":{"@context":"https:\/\/schema.org","@graph":[{"@type":"WebPage","@id":"https:\/\/lexing.ch\/de\/product\/pack-vie-privee-tic-travail\/","url":"https:\/\/lexing.ch\/de\/product\/pack-vie-privee-tic-travail\/","name":"Pack Vie priv\u00e9e TIC au travail - Lexing Switzerland","isPartOf":{"@id":"https:\/\/lexing.ch\/#website"},"datePublished":"2016-03-24T14:07:08+00:00","dateModified":"2016-12-10T11:24:16+00:00","breadcrumb":{"@id":"https:\/\/lexing.ch\/de\/product\/pack-vie-privee-tic-travail\/#breadcrumb"},"inLanguage":"de","potentialAction":[{"@type":"ReadAction","target":["https:\/\/lexing.ch\/de\/product\/pack-vie-privee-tic-travail\/"]}]},{"@type":"BreadcrumbList","@id":"https:\/\/lexing.ch\/de\/product\/pack-vie-privee-tic-travail\/#breadcrumb","itemListElement":[{"@type":"ListItem","position":1,"name":"Accueil","item":"https:\/\/lexing.ch\/de\/"},{"@type":"ListItem","position":2,"name":"Products","item":"https:\/\/lexing.ch\/en\/shop\/"},{"@type":"ListItem","position":3,"name":"Pack Vie priv\u00e9e TIC au travail"}]},{"@type":"WebSite","@id":"https:\/\/lexing.ch\/#website","url":"https:\/\/lexing.ch\/","name":"Lexing Switzerland","description":"Common sense. Innovative solutions.","publisher":{"@id":"https:\/\/lexing.ch\/#organization"},"potentialAction":[{"@type":"SearchAction","target":{"@type":"EntryPoint","urlTemplate":"https:\/\/lexing.ch\/?s={search_term_string}"},"query-input":{"@type":"PropertyValueSpecification","valueRequired":true,"valueName":"search_term_string"}}],"inLanguage":"de"},{"@type":"Organization","@id":"https:\/\/lexing.ch\/#organization","name":"Lexing.ch","url":"https:\/\/lexing.ch\/","logo":{"@type":"ImageObject","inLanguage":"de","@id":"https:\/\/lexing.ch\/#\/schema\/logo\/image\/","url":"https:\/\/lexing.ch\/wp-content\/uploads\/2018\/02\/logo-lexing-ch.png","contentUrl":"https:\/\/lexing.ch\/wp-content\/uploads\/2018\/02\/logo-lexing-ch.png","width":"500","height":"174","caption":"Lexing.ch"},"image":{"@id":"https:\/\/lexing.ch\/#\/schema\/logo\/image\/"},"sameAs":["https:\/\/www.facebook.com\/Lexing.ch","https:\/\/x.com\/sebastienfanti"]}]}},"acf":[],"_links":{"self":[{"href":"https:\/\/lexing.ch\/de\/wp-json\/wp\/v2\/product\/13711","targetHints":{"allow":["GET"]}}],"collection":[{"href":"https:\/\/lexing.ch\/de\/wp-json\/wp\/v2\/product"}],"about":[{"href":"https:\/\/lexing.ch\/de\/wp-json\/wp\/v2\/types\/product"}],"replies":[{"embeddable":true,"href":"https:\/\/lexing.ch\/de\/wp-json\/wp\/v2\/comments?post=13711"}],"wp:attachment":[{"href":"https:\/\/lexing.ch\/de\/wp-json\/wp\/v2\/media?parent=13711"}],"wp:term":[{"taxonomy":"product_brand","embeddable":true,"href":"https:\/\/lexing.ch\/de\/wp-json\/wp\/v2\/product_brand?post=13711"},{"taxonomy":"product_cat","embeddable":true,"href":"https:\/\/lexing.ch\/de\/wp-json\/wp\/v2\/product_cat?post=13711"},{"taxonomy":"product_tag","embeddable":true,"href":"https:\/\/lexing.ch\/de\/wp-json\/wp\/v2\/product_tag?post=13711"}],"curies":[{"name":"wp","href":"https:\/\/api.w.org\/{rel}","templated":true}]}}