{"id":13673,"date":"2016-03-24T16:21:20","date_gmt":"2016-03-24T15:21:20","guid":{"rendered":"http:\/\/lexing.ch\/de\/product\/pack-evaluation-dune-campagne-publicitaire\/"},"modified":"2017-01-22T15:18:11","modified_gmt":"2017-01-22T14:18:11","slug":"pack-evaluation-dune-campagne-publicitaire","status":"publish","type":"product","link":"https:\/\/lexing.ch\/de\/product\/pack-evaluation-dune-campagne-publicitaire\/","title":{"rendered":"Pack \u00e9valuation d\u00b4une campagne publicitaire"},"content":{"rendered":"<p align=\"justify\">Une campagne publicitaire r\u00e9ussie a pour effet d\u00b4attirer l\u00b4attention sur les activit\u00e9s de votre entreprise. Par cons\u00e9quent, il convient d\u00b4\u00e9viter tout accroc avec les concurrents, les autorit\u00e9s de surveillance du march\u00e9 ou les consommateurs. La prudence recommande donc une \u00e9valuation juridique de la campagne avant son lancement. Nous vous proposons un pack de services permettant d\u00b4encadrer votre projet.<\/p>\n<p align=\"justify\"><strong>Services offerts\u00a0:<\/strong><\/p>\n<ul>\n<li>Check-list pr\u00e9liminaire\u00a0(.doc OU .odt);<\/li>\n<li>Entretien personnalis\u00e9 d\u00b4\u00e9valuation du projet (une heure) \u00e0 l\u2019un de nos bureaux, via Skype ou par t\u00e9l\u00e9phone (suivant votre choix) ;<\/li>\n<li>\u00c9laboration d\u00b4une consultation personnalis\u00e9e sur l\u00b4analyse des risques juridiques \u00e9ventuels et sur les pr\u00e9cautions \u00e0 prendre dans la conception et la mise en oeuvre de la campagne publicitaire ;<\/li>\n<\/ul>\n<p align=\"justify\">\u00a0<strong>Tarif\u00a0:<br \/>\n<\/strong><br \/>\nLe paiement initial de <strong>125 EUR (151,25 TVAC)<\/strong> couvre la fourniture de la check-list pr\u00e9liminaire\u00a0et l\u00b4entretien personnalis\u00e9 d\u00b4\u00e9valuation juridique du projet.<\/p>\n<p align=\"justify\">En fonction de la complexit\u00e9 du projet\u00a0et du degr\u00e9 d\u00b4implication souhait\u00e9 par le client, un tarif est fix\u00e9 par devis sur la base de notre tarif horaire pr\u00e9f\u00e9rentiel de 125 EUR HTVA (151,25 TVAC).<\/p>\n","protected":false},"excerpt":{"rendered":"<p>Une campagne publicitaire r\u00e9ussie a pour effet d\u00b4attirer l\u00b4attention sur les activit\u00e9s de votre entreprise. Par cons\u00e9quent, il convient d\u00b4\u00e9viter tout accroc avec les concurrents, les autorit\u00e9s de surveillance du march\u00e9 ou les consommateurs. La prudence recommande donc une \u00e9valuation juridique de la campagne avant son lancement. Nous vous proposons un pack de services permettant [&hellip;]<\/p>\n","protected":false},"featured_media":0,"comment_status":"open","ping_status":"closed","template":"","meta":{"_acf_changed":false},"product_brand":[],"product_cat":[],"product_tag":[],"class_list":{"0":"post-13673","1":"product","2":"type-product","3":"status-publish","6":"first","7":"instock","8":"downloadable","9":"virtual","10":"sold-individually","11":"taxable","12":"purchasable","13":"product-type-simple"},"yoast_head":"<!-- This site is optimized with the Yoast SEO Premium plugin v20.11 (Yoast SEO v27.3) - https:\/\/yoast.com\/product\/yoast-seo-premium-wordpress\/ -->\n<title>Pack \u00e9valuation d\u00b4une campagne publicitaire - Lexing Switzerland<\/title>\n<meta name=\"robots\" content=\"index, follow, max-snippet:-1, max-image-preview:large, max-video-preview:-1\" \/>\n<link rel=\"canonical\" href=\"https:\/\/lexing.ch\/de\/product\/pack-evaluation-dune-campagne-publicitaire\/\" \/>\n<meta property=\"og:locale\" content=\"de_DE\" \/>\n<meta property=\"og:type\" content=\"article\" \/>\n<meta property=\"og:title\" content=\"Pack \u00e9valuation d\u00b4une campagne publicitaire\" \/>\n<meta property=\"og:description\" content=\"Une campagne publicitaire r\u00e9ussie a pour effet d\u00b4attirer l\u00b4attention sur les activit\u00e9s de votre entreprise. Par cons\u00e9quent, il convient d\u00b4\u00e9viter tout accroc avec les concurrents, les autorit\u00e9s de surveillance du march\u00e9 ou les consommateurs. La prudence recommande donc une \u00e9valuation juridique de la campagne avant son lancement. Nous vous proposons un pack de services permettant [&hellip;]\" \/>\n<meta property=\"og:url\" content=\"https:\/\/lexing.ch\/de\/product\/pack-evaluation-dune-campagne-publicitaire\/\" \/>\n<meta property=\"og:site_name\" content=\"Lexing Switzerland\" \/>\n<meta property=\"article:publisher\" content=\"https:\/\/www.facebook.com\/Lexing.ch\" \/>\n<meta property=\"article:modified_time\" content=\"2017-01-22T14:18:11+00:00\" \/>\n<meta name=\"twitter:card\" content=\"summary_large_image\" \/>\n<meta name=\"twitter:site\" content=\"@sebastienfanti\" \/>\n<meta name=\"twitter:label1\" content=\"Gesch\u00e4tzte Lesezeit\" \/>\n\t<meta name=\"twitter:data1\" content=\"1\u00a0Minute\" \/>\n<script type=\"application\/ld+json\" class=\"yoast-schema-graph\">{\"@context\":\"https:\\\/\\\/schema.org\",\"@graph\":[{\"@type\":\"WebPage\",\"@id\":\"https:\\\/\\\/lexing.ch\\\/de\\\/product\\\/pack-evaluation-dune-campagne-publicitaire\\\/\",\"url\":\"https:\\\/\\\/lexing.ch\\\/de\\\/product\\\/pack-evaluation-dune-campagne-publicitaire\\\/\",\"name\":\"Pack \u00e9valuation d\u00b4une campagne publicitaire - Lexing Switzerland\",\"isPartOf\":{\"@id\":\"https:\\\/\\\/lexing.ch\\\/#website\"},\"datePublished\":\"2016-03-24T15:21:20+00:00\",\"dateModified\":\"2017-01-22T14:18:11+00:00\",\"breadcrumb\":{\"@id\":\"https:\\\/\\\/lexing.ch\\\/de\\\/product\\\/pack-evaluation-dune-campagne-publicitaire\\\/#breadcrumb\"},\"inLanguage\":\"de\",\"potentialAction\":[{\"@type\":\"ReadAction\",\"target\":[\"https:\\\/\\\/lexing.ch\\\/de\\\/product\\\/pack-evaluation-dune-campagne-publicitaire\\\/\"]}]},{\"@type\":\"BreadcrumbList\",\"@id\":\"https:\\\/\\\/lexing.ch\\\/de\\\/product\\\/pack-evaluation-dune-campagne-publicitaire\\\/#breadcrumb\",\"itemListElement\":[{\"@type\":\"ListItem\",\"position\":1,\"name\":\"Accueil\",\"item\":\"https:\\\/\\\/lexing.ch\\\/de\\\/\"},{\"@type\":\"ListItem\",\"position\":2,\"name\":\"Products\",\"item\":\"https:\\\/\\\/lexing.ch\\\/en\\\/shop\\\/\"},{\"@type\":\"ListItem\",\"position\":3,\"name\":\"Pack \u00e9valuation d\u00b4une campagne publicitaire\"}]},{\"@type\":\"WebSite\",\"@id\":\"https:\\\/\\\/lexing.ch\\\/#website\",\"url\":\"https:\\\/\\\/lexing.ch\\\/\",\"name\":\"Lexing Switzerland\",\"description\":\"Common sense. Innovative solutions.\",\"publisher\":{\"@id\":\"https:\\\/\\\/lexing.ch\\\/#organization\"},\"potentialAction\":[{\"@type\":\"SearchAction\",\"target\":{\"@type\":\"EntryPoint\",\"urlTemplate\":\"https:\\\/\\\/lexing.ch\\\/?s={search_term_string}\"},\"query-input\":{\"@type\":\"PropertyValueSpecification\",\"valueRequired\":true,\"valueName\":\"search_term_string\"}}],\"inLanguage\":\"de\"},{\"@type\":\"Organization\",\"@id\":\"https:\\\/\\\/lexing.ch\\\/#organization\",\"name\":\"Lexing.ch\",\"url\":\"https:\\\/\\\/lexing.ch\\\/\",\"logo\":{\"@type\":\"ImageObject\",\"inLanguage\":\"de\",\"@id\":\"https:\\\/\\\/lexing.ch\\\/#\\\/schema\\\/logo\\\/image\\\/\",\"url\":\"https:\\\/\\\/lexing.ch\\\/wp-content\\\/uploads\\\/2018\\\/02\\\/logo-lexing-ch.png\",\"contentUrl\":\"https:\\\/\\\/lexing.ch\\\/wp-content\\\/uploads\\\/2018\\\/02\\\/logo-lexing-ch.png\",\"width\":\"500\",\"height\":\"174\",\"caption\":\"Lexing.ch\"},\"image\":{\"@id\":\"https:\\\/\\\/lexing.ch\\\/#\\\/schema\\\/logo\\\/image\\\/\"},\"sameAs\":[\"https:\\\/\\\/www.facebook.com\\\/Lexing.ch\",\"https:\\\/\\\/x.com\\\/sebastienfanti\"]}]}<\/script>\n<!-- \/ Yoast SEO Premium plugin. -->","yoast_head_json":{"title":"Pack \u00e9valuation d\u00b4une campagne publicitaire - Lexing Switzerland","robots":{"index":"index","follow":"follow","max-snippet":"max-snippet:-1","max-image-preview":"max-image-preview:large","max-video-preview":"max-video-preview:-1"},"canonical":"https:\/\/lexing.ch\/de\/product\/pack-evaluation-dune-campagne-publicitaire\/","og_locale":"de_DE","og_type":"article","og_title":"Pack \u00e9valuation d\u00b4une campagne publicitaire","og_description":"Une campagne publicitaire r\u00e9ussie a pour effet d\u00b4attirer l\u00b4attention sur les activit\u00e9s de votre entreprise. Par cons\u00e9quent, il convient d\u00b4\u00e9viter tout accroc avec les concurrents, les autorit\u00e9s de surveillance du march\u00e9 ou les consommateurs. La prudence recommande donc une \u00e9valuation juridique de la campagne avant son lancement. Nous vous proposons un pack de services permettant [&hellip;]","og_url":"https:\/\/lexing.ch\/de\/product\/pack-evaluation-dune-campagne-publicitaire\/","og_site_name":"Lexing Switzerland","article_publisher":"https:\/\/www.facebook.com\/Lexing.ch","article_modified_time":"2017-01-22T14:18:11+00:00","twitter_card":"summary_large_image","twitter_site":"@sebastienfanti","twitter_misc":{"Gesch\u00e4tzte Lesezeit":"1\u00a0Minute"},"schema":{"@context":"https:\/\/schema.org","@graph":[{"@type":"WebPage","@id":"https:\/\/lexing.ch\/de\/product\/pack-evaluation-dune-campagne-publicitaire\/","url":"https:\/\/lexing.ch\/de\/product\/pack-evaluation-dune-campagne-publicitaire\/","name":"Pack \u00e9valuation d\u00b4une campagne publicitaire - Lexing Switzerland","isPartOf":{"@id":"https:\/\/lexing.ch\/#website"},"datePublished":"2016-03-24T15:21:20+00:00","dateModified":"2017-01-22T14:18:11+00:00","breadcrumb":{"@id":"https:\/\/lexing.ch\/de\/product\/pack-evaluation-dune-campagne-publicitaire\/#breadcrumb"},"inLanguage":"de","potentialAction":[{"@type":"ReadAction","target":["https:\/\/lexing.ch\/de\/product\/pack-evaluation-dune-campagne-publicitaire\/"]}]},{"@type":"BreadcrumbList","@id":"https:\/\/lexing.ch\/de\/product\/pack-evaluation-dune-campagne-publicitaire\/#breadcrumb","itemListElement":[{"@type":"ListItem","position":1,"name":"Accueil","item":"https:\/\/lexing.ch\/de\/"},{"@type":"ListItem","position":2,"name":"Products","item":"https:\/\/lexing.ch\/en\/shop\/"},{"@type":"ListItem","position":3,"name":"Pack \u00e9valuation d\u00b4une campagne publicitaire"}]},{"@type":"WebSite","@id":"https:\/\/lexing.ch\/#website","url":"https:\/\/lexing.ch\/","name":"Lexing Switzerland","description":"Common sense. Innovative solutions.","publisher":{"@id":"https:\/\/lexing.ch\/#organization"},"potentialAction":[{"@type":"SearchAction","target":{"@type":"EntryPoint","urlTemplate":"https:\/\/lexing.ch\/?s={search_term_string}"},"query-input":{"@type":"PropertyValueSpecification","valueRequired":true,"valueName":"search_term_string"}}],"inLanguage":"de"},{"@type":"Organization","@id":"https:\/\/lexing.ch\/#organization","name":"Lexing.ch","url":"https:\/\/lexing.ch\/","logo":{"@type":"ImageObject","inLanguage":"de","@id":"https:\/\/lexing.ch\/#\/schema\/logo\/image\/","url":"https:\/\/lexing.ch\/wp-content\/uploads\/2018\/02\/logo-lexing-ch.png","contentUrl":"https:\/\/lexing.ch\/wp-content\/uploads\/2018\/02\/logo-lexing-ch.png","width":"500","height":"174","caption":"Lexing.ch"},"image":{"@id":"https:\/\/lexing.ch\/#\/schema\/logo\/image\/"},"sameAs":["https:\/\/www.facebook.com\/Lexing.ch","https:\/\/x.com\/sebastienfanti"]}]}},"acf":[],"_links":{"self":[{"href":"https:\/\/lexing.ch\/de\/wp-json\/wp\/v2\/product\/13673","targetHints":{"allow":["GET"]}}],"collection":[{"href":"https:\/\/lexing.ch\/de\/wp-json\/wp\/v2\/product"}],"about":[{"href":"https:\/\/lexing.ch\/de\/wp-json\/wp\/v2\/types\/product"}],"replies":[{"embeddable":true,"href":"https:\/\/lexing.ch\/de\/wp-json\/wp\/v2\/comments?post=13673"}],"wp:attachment":[{"href":"https:\/\/lexing.ch\/de\/wp-json\/wp\/v2\/media?parent=13673"}],"wp:term":[{"taxonomy":"product_brand","embeddable":true,"href":"https:\/\/lexing.ch\/de\/wp-json\/wp\/v2\/product_brand?post=13673"},{"taxonomy":"product_cat","embeddable":true,"href":"https:\/\/lexing.ch\/de\/wp-json\/wp\/v2\/product_cat?post=13673"},{"taxonomy":"product_tag","embeddable":true,"href":"https:\/\/lexing.ch\/de\/wp-json\/wp\/v2\/product_tag?post=13673"}],"curies":[{"name":"wp","href":"https:\/\/api.w.org\/{rel}","templated":true}]}}