{"id":13653,"date":"2016-03-24T16:54:57","date_gmt":"2016-03-24T15:54:57","guid":{"rendered":"http:\/\/lexing.ch\/de\/product\/pack-contrat-de-confidentialite\/"},"modified":"2017-01-23T10:40:24","modified_gmt":"2017-01-23T09:40:24","slug":"pack-contrat-de-confidentialite","status":"publish","type":"product","link":"https:\/\/lexing.ch\/de\/product\/pack-contrat-de-confidentialite\/","title":{"rendered":"Contrat de confidentialit\u00e9"},"content":{"rendered":"<p align=\"justify\"><strong>Objet\u00a0:<\/strong><br \/>\nExposer ses projets ou r\u00e9alisations en cours \u00e0 un tiers expose votre entreprise au risque de vous faire piller vos id\u00e9es si le tiers concern\u00e9 n\u00b4est pas digne de confiance. Nous vous proposons donc un contrat\u00a0permettant de soumettre les tiers \u00e0 un engagement contractuel de confidentialit\u00e9, ce qui facilite la sanction en cas d\u00b4abus de votre confiance.<\/p>\n<p align=\"justify\"><b>Services offerts\u00a0:<br \/>\n<\/b>Un <strong>contrat-type<\/strong> de confidentialit\u00e9 (.doc et .odt) offrant une bonne protection de<b> <\/b>base vis-\u00e0-vis des tiers avec lesquels vous n\u00e9gociez des partenariats en vue de l\u00b4exploitation de vos id\u00e9es ou cr\u00e9ations en cours de r\u00e9alisation.<\/p>\n<p align=\"justify\">Moyennant un suppl\u00e9ment, un contrat <strong>sur mesure<\/strong> peut \u00eatre r\u00e9dig\u00e9, ce qui se justifie lorsque votre cr\u00e9ation et\/ou le contexte de n\u00e9gociation avec le tiers pr\u00e9sentent des risques<b> <\/b>particuliers.<b><\/b><\/p>\n<p align=\"justify\"><b>Tarif\u00a0:<\/b><\/p>\n<p align=\"justify\"><strong>175 EUR HTVA (211,75 TVAC)<\/strong><\/p>\n<p align=\"justify\">En fonction de la complexit\u00e9 du projet\u00a0et du degr\u00e9 d\u00b4implication souhait\u00e9 par le client, un tarif est fix\u00e9 par devis sur la base de notre tarif horaire pr\u00e9f\u00e9rentiel de 125 EUR HTVA (151,25 TVAC),\u00a0au\u00a0terme d&#8217;un entretien personnalis\u00e9 d\u00b4\u00e9valuation juridique du projet, pour la r\u00e9daction du\u00a0contrat sur mesure.<\/p>\n","protected":false},"excerpt":{"rendered":"<p>Objet\u00a0: Exposer ses projets ou r\u00e9alisations en cours \u00e0 un tiers expose votre entreprise au risque de vous faire piller vos id\u00e9es si le tiers concern\u00e9 n\u00b4est pas digne de confiance. Nous vous proposons donc un contrat\u00a0permettant de soumettre les tiers \u00e0 un engagement contractuel de confidentialit\u00e9, ce qui facilite la sanction en cas d\u00b4abus [&hellip;]<\/p>\n","protected":false},"featured_media":0,"comment_status":"open","ping_status":"closed","template":"","meta":{"_acf_changed":false},"product_brand":[],"product_cat":[418],"product_tag":[],"class_list":{"0":"post-13653","1":"product","2":"type-product","3":"status-publish","5":"product_cat-propriete-intellectuelle_industrielle-de","7":"first","8":"instock","9":"downloadable","10":"virtual","11":"sold-individually","12":"taxable","13":"purchasable","14":"product-type-simple"},"yoast_head":"<!-- This site is optimized with the Yoast SEO Premium plugin v20.11 (Yoast SEO v27.3) - https:\/\/yoast.com\/product\/yoast-seo-premium-wordpress\/ -->\n<title>Contrat de confidentialit\u00e9 - Lexing Switzerland<\/title>\n<meta name=\"robots\" content=\"index, follow, max-snippet:-1, max-image-preview:large, max-video-preview:-1\" \/>\n<link rel=\"canonical\" href=\"https:\/\/lexing.ch\/de\/product\/pack-contrat-de-confidentialite\/\" \/>\n<meta property=\"og:locale\" content=\"de_DE\" \/>\n<meta property=\"og:type\" content=\"article\" \/>\n<meta property=\"og:title\" content=\"Contrat de confidentialit\u00e9\" \/>\n<meta property=\"og:description\" content=\"Objet\u00a0: Exposer ses projets ou r\u00e9alisations en cours \u00e0 un tiers expose votre entreprise au risque de vous faire piller vos id\u00e9es si le tiers concern\u00e9 n\u00b4est pas digne de confiance. Nous vous proposons donc un contrat\u00a0permettant de soumettre les tiers \u00e0 un engagement contractuel de confidentialit\u00e9, ce qui facilite la sanction en cas d\u00b4abus [&hellip;]\" \/>\n<meta property=\"og:url\" content=\"https:\/\/lexing.ch\/de\/product\/pack-contrat-de-confidentialite\/\" \/>\n<meta property=\"og:site_name\" content=\"Lexing Switzerland\" \/>\n<meta property=\"article:publisher\" content=\"https:\/\/www.facebook.com\/Lexing.ch\" \/>\n<meta property=\"article:modified_time\" content=\"2017-01-23T09:40:24+00:00\" \/>\n<meta name=\"twitter:card\" content=\"summary_large_image\" \/>\n<meta name=\"twitter:site\" content=\"@sebastienfanti\" \/>\n<meta name=\"twitter:label1\" content=\"Gesch\u00e4tzte Lesezeit\" \/>\n\t<meta name=\"twitter:data1\" content=\"1\u00a0Minute\" \/>\n<script type=\"application\/ld+json\" class=\"yoast-schema-graph\">{\"@context\":\"https:\\\/\\\/schema.org\",\"@graph\":[{\"@type\":\"WebPage\",\"@id\":\"https:\\\/\\\/lexing.ch\\\/de\\\/product\\\/pack-contrat-de-confidentialite\\\/\",\"url\":\"https:\\\/\\\/lexing.ch\\\/de\\\/product\\\/pack-contrat-de-confidentialite\\\/\",\"name\":\"Contrat de confidentialit\u00e9 - Lexing Switzerland\",\"isPartOf\":{\"@id\":\"https:\\\/\\\/lexing.ch\\\/#website\"},\"datePublished\":\"2016-03-24T15:54:57+00:00\",\"dateModified\":\"2017-01-23T09:40:24+00:00\",\"breadcrumb\":{\"@id\":\"https:\\\/\\\/lexing.ch\\\/de\\\/product\\\/pack-contrat-de-confidentialite\\\/#breadcrumb\"},\"inLanguage\":\"de\",\"potentialAction\":[{\"@type\":\"ReadAction\",\"target\":[\"https:\\\/\\\/lexing.ch\\\/de\\\/product\\\/pack-contrat-de-confidentialite\\\/\"]}]},{\"@type\":\"BreadcrumbList\",\"@id\":\"https:\\\/\\\/lexing.ch\\\/de\\\/product\\\/pack-contrat-de-confidentialite\\\/#breadcrumb\",\"itemListElement\":[{\"@type\":\"ListItem\",\"position\":1,\"name\":\"Accueil\",\"item\":\"https:\\\/\\\/lexing.ch\\\/de\\\/\"},{\"@type\":\"ListItem\",\"position\":2,\"name\":\"Products\",\"item\":\"https:\\\/\\\/lexing.ch\\\/en\\\/shop\\\/\"},{\"@type\":\"ListItem\",\"position\":3,\"name\":\"Contrat de confidentialit\u00e9\"}]},{\"@type\":\"WebSite\",\"@id\":\"https:\\\/\\\/lexing.ch\\\/#website\",\"url\":\"https:\\\/\\\/lexing.ch\\\/\",\"name\":\"Lexing Switzerland\",\"description\":\"Common sense. Innovative solutions.\",\"publisher\":{\"@id\":\"https:\\\/\\\/lexing.ch\\\/#organization\"},\"potentialAction\":[{\"@type\":\"SearchAction\",\"target\":{\"@type\":\"EntryPoint\",\"urlTemplate\":\"https:\\\/\\\/lexing.ch\\\/?s={search_term_string}\"},\"query-input\":{\"@type\":\"PropertyValueSpecification\",\"valueRequired\":true,\"valueName\":\"search_term_string\"}}],\"inLanguage\":\"de\"},{\"@type\":\"Organization\",\"@id\":\"https:\\\/\\\/lexing.ch\\\/#organization\",\"name\":\"Lexing.ch\",\"url\":\"https:\\\/\\\/lexing.ch\\\/\",\"logo\":{\"@type\":\"ImageObject\",\"inLanguage\":\"de\",\"@id\":\"https:\\\/\\\/lexing.ch\\\/#\\\/schema\\\/logo\\\/image\\\/\",\"url\":\"https:\\\/\\\/lexing.ch\\\/wp-content\\\/uploads\\\/2018\\\/02\\\/logo-lexing-ch.png\",\"contentUrl\":\"https:\\\/\\\/lexing.ch\\\/wp-content\\\/uploads\\\/2018\\\/02\\\/logo-lexing-ch.png\",\"width\":\"500\",\"height\":\"174\",\"caption\":\"Lexing.ch\"},\"image\":{\"@id\":\"https:\\\/\\\/lexing.ch\\\/#\\\/schema\\\/logo\\\/image\\\/\"},\"sameAs\":[\"https:\\\/\\\/www.facebook.com\\\/Lexing.ch\",\"https:\\\/\\\/x.com\\\/sebastienfanti\"]}]}<\/script>\n<!-- \/ Yoast SEO Premium plugin. -->","yoast_head_json":{"title":"Contrat de confidentialit\u00e9 - Lexing Switzerland","robots":{"index":"index","follow":"follow","max-snippet":"max-snippet:-1","max-image-preview":"max-image-preview:large","max-video-preview":"max-video-preview:-1"},"canonical":"https:\/\/lexing.ch\/de\/product\/pack-contrat-de-confidentialite\/","og_locale":"de_DE","og_type":"article","og_title":"Contrat de confidentialit\u00e9","og_description":"Objet\u00a0: Exposer ses projets ou r\u00e9alisations en cours \u00e0 un tiers expose votre entreprise au risque de vous faire piller vos id\u00e9es si le tiers concern\u00e9 n\u00b4est pas digne de confiance. Nous vous proposons donc un contrat\u00a0permettant de soumettre les tiers \u00e0 un engagement contractuel de confidentialit\u00e9, ce qui facilite la sanction en cas d\u00b4abus [&hellip;]","og_url":"https:\/\/lexing.ch\/de\/product\/pack-contrat-de-confidentialite\/","og_site_name":"Lexing Switzerland","article_publisher":"https:\/\/www.facebook.com\/Lexing.ch","article_modified_time":"2017-01-23T09:40:24+00:00","twitter_card":"summary_large_image","twitter_site":"@sebastienfanti","twitter_misc":{"Gesch\u00e4tzte Lesezeit":"1\u00a0Minute"},"schema":{"@context":"https:\/\/schema.org","@graph":[{"@type":"WebPage","@id":"https:\/\/lexing.ch\/de\/product\/pack-contrat-de-confidentialite\/","url":"https:\/\/lexing.ch\/de\/product\/pack-contrat-de-confidentialite\/","name":"Contrat de confidentialit\u00e9 - Lexing Switzerland","isPartOf":{"@id":"https:\/\/lexing.ch\/#website"},"datePublished":"2016-03-24T15:54:57+00:00","dateModified":"2017-01-23T09:40:24+00:00","breadcrumb":{"@id":"https:\/\/lexing.ch\/de\/product\/pack-contrat-de-confidentialite\/#breadcrumb"},"inLanguage":"de","potentialAction":[{"@type":"ReadAction","target":["https:\/\/lexing.ch\/de\/product\/pack-contrat-de-confidentialite\/"]}]},{"@type":"BreadcrumbList","@id":"https:\/\/lexing.ch\/de\/product\/pack-contrat-de-confidentialite\/#breadcrumb","itemListElement":[{"@type":"ListItem","position":1,"name":"Accueil","item":"https:\/\/lexing.ch\/de\/"},{"@type":"ListItem","position":2,"name":"Products","item":"https:\/\/lexing.ch\/en\/shop\/"},{"@type":"ListItem","position":3,"name":"Contrat de confidentialit\u00e9"}]},{"@type":"WebSite","@id":"https:\/\/lexing.ch\/#website","url":"https:\/\/lexing.ch\/","name":"Lexing Switzerland","description":"Common sense. Innovative solutions.","publisher":{"@id":"https:\/\/lexing.ch\/#organization"},"potentialAction":[{"@type":"SearchAction","target":{"@type":"EntryPoint","urlTemplate":"https:\/\/lexing.ch\/?s={search_term_string}"},"query-input":{"@type":"PropertyValueSpecification","valueRequired":true,"valueName":"search_term_string"}}],"inLanguage":"de"},{"@type":"Organization","@id":"https:\/\/lexing.ch\/#organization","name":"Lexing.ch","url":"https:\/\/lexing.ch\/","logo":{"@type":"ImageObject","inLanguage":"de","@id":"https:\/\/lexing.ch\/#\/schema\/logo\/image\/","url":"https:\/\/lexing.ch\/wp-content\/uploads\/2018\/02\/logo-lexing-ch.png","contentUrl":"https:\/\/lexing.ch\/wp-content\/uploads\/2018\/02\/logo-lexing-ch.png","width":"500","height":"174","caption":"Lexing.ch"},"image":{"@id":"https:\/\/lexing.ch\/#\/schema\/logo\/image\/"},"sameAs":["https:\/\/www.facebook.com\/Lexing.ch","https:\/\/x.com\/sebastienfanti"]}]}},"acf":[],"_links":{"self":[{"href":"https:\/\/lexing.ch\/de\/wp-json\/wp\/v2\/product\/13653","targetHints":{"allow":["GET"]}}],"collection":[{"href":"https:\/\/lexing.ch\/de\/wp-json\/wp\/v2\/product"}],"about":[{"href":"https:\/\/lexing.ch\/de\/wp-json\/wp\/v2\/types\/product"}],"replies":[{"embeddable":true,"href":"https:\/\/lexing.ch\/de\/wp-json\/wp\/v2\/comments?post=13653"}],"wp:attachment":[{"href":"https:\/\/lexing.ch\/de\/wp-json\/wp\/v2\/media?parent=13653"}],"wp:term":[{"taxonomy":"product_brand","embeddable":true,"href":"https:\/\/lexing.ch\/de\/wp-json\/wp\/v2\/product_brand?post=13653"},{"taxonomy":"product_cat","embeddable":true,"href":"https:\/\/lexing.ch\/de\/wp-json\/wp\/v2\/product_cat?post=13653"},{"taxonomy":"product_tag","embeddable":true,"href":"https:\/\/lexing.ch\/de\/wp-json\/wp\/v2\/product_tag?post=13653"}],"curies":[{"name":"wp","href":"https:\/\/api.w.org\/{rel}","templated":true}]}}