{"id":13651,"date":"2016-03-24T16:58:16","date_gmt":"2016-03-24T15:58:16","guid":{"rendered":"http:\/\/lexing.ch\/de\/product\/pack-dessinmodele-benelux\/"},"modified":"2016-12-02T20:20:23","modified_gmt":"2016-12-02T19:20:23","slug":"pack-dessinmodele-benelux","status":"publish","type":"product","link":"https:\/\/lexing.ch\/de\/product\/pack-dessinmodele-benelux\/","title":{"rendered":"Pack dessin\/mod\u00e8le Benelux"},"content":{"rendered":"<p><b>Objet\u00a0:<br \/>\n<\/b>Le dessin ou mod\u00e8le permet d\u00b4obtenir un droit exclusif sur l\u00b4aspect ext\u00e9rieur d\u00b4un produit utilitaire. Nous vous proposons un pack de services couvrant les formalit\u00e9s n\u00e9cessaires \u00e0 l\u00b4acquisition de tels droits ainsi que le suivi de la proc\u00e9dure.<\/p>\n<p><b>Services offerts\u00a0:<\/b><\/p>\n<ul>\n<li>Check-list pr\u00e9liminaire\u00a0(.doc et .odt);<\/li>\n<li>Analyse des chances de succ\u00e8s de la demande<\/li>\n<li>Analyse des classes de produits pour lesquelles la protection est souhaitable<\/li>\n<li>D\u00e9marche d\u00b4enregistrement<\/li>\n<li>Suivi de la proc\u00e9dure d\u00b4enregistrement en contact avec l\u00b4organisme officiel (sauf en cas de refus de l&#8217;organisme)<\/li>\n<li>Information sur l\u00b4\u00e9volution de la proc\u00e9dure<\/li>\n<\/ul>\n<p><b>Tarif\u00a0:<\/b><br \/>\n<strong>500 EUR HTVA (605 EUR TVAC)<\/strong><\/p>\n<p>Il convient <strong>d\u00b4ajouter<\/strong> \u00e0 ce tarif les taxes \u00e0 payer \u00e0 l\u00b4organisme officiel en charge de l\u00b4enregistrement des dessins et mod\u00e8les (<strong>108 EUR<\/strong> pour un dessin ou mod\u00e8le Benelux).<\/p>\n<p>En cas de refus d\u00b4enregistrement par l\u00b4organisme officiel, nous vous en informons et, si vous en faites express\u00e9ment la demande, analysons vos chances de succ\u00e8s et nous chargeons des suites \u00e0 r\u00e9server au refus, sur la base de notre tarif horaire pr\u00e9f\u00e9rentiel de 125 EUR HTVA (151,25 TVAC).<\/p>\n","protected":false},"excerpt":{"rendered":"<p>Objet\u00a0: Le dessin ou mod\u00e8le permet d\u00b4obtenir un droit exclusif sur l\u00b4aspect ext\u00e9rieur d\u00b4un produit utilitaire. Nous vous proposons un pack de services couvrant les formalit\u00e9s n\u00e9cessaires \u00e0 l\u00b4acquisition de tels droits ainsi que le suivi de la proc\u00e9dure. Services offerts\u00a0: Check-list pr\u00e9liminaire\u00a0(.doc et .odt); Analyse des chances de succ\u00e8s de la demande Analyse des [&hellip;]<\/p>\n","protected":false},"featured_media":0,"comment_status":"open","ping_status":"closed","template":"","meta":{"_acf_changed":false},"product_brand":[],"product_cat":[418],"product_tag":[],"class_list":{"0":"post-13651","1":"product","2":"type-product","3":"status-publish","5":"product_cat-propriete-intellectuelle_industrielle-de","7":"first","8":"instock","9":"downloadable","10":"virtual","11":"sold-individually","12":"taxable","13":"purchasable","14":"product-type-simple"},"yoast_head":"<!-- This site is optimized with the Yoast SEO Premium plugin v20.11 (Yoast SEO v27.3) - https:\/\/yoast.com\/product\/yoast-seo-premium-wordpress\/ -->\n<title>Pack dessin\/mod\u00e8le Benelux - Lexing Switzerland<\/title>\n<meta name=\"robots\" content=\"index, follow, max-snippet:-1, max-image-preview:large, max-video-preview:-1\" \/>\n<link rel=\"canonical\" href=\"https:\/\/lexing.ch\/de\/product\/pack-dessinmodele-benelux\/\" \/>\n<meta property=\"og:locale\" content=\"de_DE\" \/>\n<meta property=\"og:type\" content=\"article\" \/>\n<meta property=\"og:title\" content=\"Pack dessin\/mod\u00e8le Benelux\" \/>\n<meta property=\"og:description\" content=\"Objet\u00a0: Le dessin ou mod\u00e8le permet d\u00b4obtenir un droit exclusif sur l\u00b4aspect ext\u00e9rieur d\u00b4un produit utilitaire. Nous vous proposons un pack de services couvrant les formalit\u00e9s n\u00e9cessaires \u00e0 l\u00b4acquisition de tels droits ainsi que le suivi de la proc\u00e9dure. Services offerts\u00a0: Check-list pr\u00e9liminaire\u00a0(.doc et .odt); Analyse des chances de succ\u00e8s de la demande Analyse des [&hellip;]\" \/>\n<meta property=\"og:url\" content=\"https:\/\/lexing.ch\/de\/product\/pack-dessinmodele-benelux\/\" \/>\n<meta property=\"og:site_name\" content=\"Lexing Switzerland\" \/>\n<meta property=\"article:publisher\" content=\"https:\/\/www.facebook.com\/Lexing.ch\" \/>\n<meta property=\"article:modified_time\" content=\"2016-12-02T19:20:23+00:00\" \/>\n<meta name=\"twitter:card\" content=\"summary_large_image\" \/>\n<meta name=\"twitter:site\" content=\"@sebastienfanti\" \/>\n<meta name=\"twitter:label1\" content=\"Gesch\u00e4tzte Lesezeit\" \/>\n\t<meta name=\"twitter:data1\" content=\"1\u00a0Minute\" \/>\n<script type=\"application\/ld+json\" class=\"yoast-schema-graph\">{\"@context\":\"https:\\\/\\\/schema.org\",\"@graph\":[{\"@type\":\"WebPage\",\"@id\":\"https:\\\/\\\/lexing.ch\\\/de\\\/product\\\/pack-dessinmodele-benelux\\\/\",\"url\":\"https:\\\/\\\/lexing.ch\\\/de\\\/product\\\/pack-dessinmodele-benelux\\\/\",\"name\":\"Pack dessin\\\/mod\u00e8le Benelux - Lexing Switzerland\",\"isPartOf\":{\"@id\":\"https:\\\/\\\/lexing.ch\\\/#website\"},\"datePublished\":\"2016-03-24T15:58:16+00:00\",\"dateModified\":\"2016-12-02T19:20:23+00:00\",\"breadcrumb\":{\"@id\":\"https:\\\/\\\/lexing.ch\\\/de\\\/product\\\/pack-dessinmodele-benelux\\\/#breadcrumb\"},\"inLanguage\":\"de\",\"potentialAction\":[{\"@type\":\"ReadAction\",\"target\":[\"https:\\\/\\\/lexing.ch\\\/de\\\/product\\\/pack-dessinmodele-benelux\\\/\"]}]},{\"@type\":\"BreadcrumbList\",\"@id\":\"https:\\\/\\\/lexing.ch\\\/de\\\/product\\\/pack-dessinmodele-benelux\\\/#breadcrumb\",\"itemListElement\":[{\"@type\":\"ListItem\",\"position\":1,\"name\":\"Accueil\",\"item\":\"https:\\\/\\\/lexing.ch\\\/de\\\/\"},{\"@type\":\"ListItem\",\"position\":2,\"name\":\"Products\",\"item\":\"https:\\\/\\\/lexing.ch\\\/en\\\/shop\\\/\"},{\"@type\":\"ListItem\",\"position\":3,\"name\":\"Pack dessin\\\/mod\u00e8le Benelux\"}]},{\"@type\":\"WebSite\",\"@id\":\"https:\\\/\\\/lexing.ch\\\/#website\",\"url\":\"https:\\\/\\\/lexing.ch\\\/\",\"name\":\"Lexing Switzerland\",\"description\":\"Common sense. Innovative solutions.\",\"publisher\":{\"@id\":\"https:\\\/\\\/lexing.ch\\\/#organization\"},\"potentialAction\":[{\"@type\":\"SearchAction\",\"target\":{\"@type\":\"EntryPoint\",\"urlTemplate\":\"https:\\\/\\\/lexing.ch\\\/?s={search_term_string}\"},\"query-input\":{\"@type\":\"PropertyValueSpecification\",\"valueRequired\":true,\"valueName\":\"search_term_string\"}}],\"inLanguage\":\"de\"},{\"@type\":\"Organization\",\"@id\":\"https:\\\/\\\/lexing.ch\\\/#organization\",\"name\":\"Lexing.ch\",\"url\":\"https:\\\/\\\/lexing.ch\\\/\",\"logo\":{\"@type\":\"ImageObject\",\"inLanguage\":\"de\",\"@id\":\"https:\\\/\\\/lexing.ch\\\/#\\\/schema\\\/logo\\\/image\\\/\",\"url\":\"https:\\\/\\\/lexing.ch\\\/wp-content\\\/uploads\\\/2018\\\/02\\\/logo-lexing-ch.png\",\"contentUrl\":\"https:\\\/\\\/lexing.ch\\\/wp-content\\\/uploads\\\/2018\\\/02\\\/logo-lexing-ch.png\",\"width\":\"500\",\"height\":\"174\",\"caption\":\"Lexing.ch\"},\"image\":{\"@id\":\"https:\\\/\\\/lexing.ch\\\/#\\\/schema\\\/logo\\\/image\\\/\"},\"sameAs\":[\"https:\\\/\\\/www.facebook.com\\\/Lexing.ch\",\"https:\\\/\\\/x.com\\\/sebastienfanti\"]}]}<\/script>\n<!-- \/ Yoast SEO Premium plugin. -->","yoast_head_json":{"title":"Pack dessin\/mod\u00e8le Benelux - Lexing Switzerland","robots":{"index":"index","follow":"follow","max-snippet":"max-snippet:-1","max-image-preview":"max-image-preview:large","max-video-preview":"max-video-preview:-1"},"canonical":"https:\/\/lexing.ch\/de\/product\/pack-dessinmodele-benelux\/","og_locale":"de_DE","og_type":"article","og_title":"Pack dessin\/mod\u00e8le Benelux","og_description":"Objet\u00a0: Le dessin ou mod\u00e8le permet d\u00b4obtenir un droit exclusif sur l\u00b4aspect ext\u00e9rieur d\u00b4un produit utilitaire. Nous vous proposons un pack de services couvrant les formalit\u00e9s n\u00e9cessaires \u00e0 l\u00b4acquisition de tels droits ainsi que le suivi de la proc\u00e9dure. Services offerts\u00a0: Check-list pr\u00e9liminaire\u00a0(.doc et .odt); Analyse des chances de succ\u00e8s de la demande Analyse des [&hellip;]","og_url":"https:\/\/lexing.ch\/de\/product\/pack-dessinmodele-benelux\/","og_site_name":"Lexing Switzerland","article_publisher":"https:\/\/www.facebook.com\/Lexing.ch","article_modified_time":"2016-12-02T19:20:23+00:00","twitter_card":"summary_large_image","twitter_site":"@sebastienfanti","twitter_misc":{"Gesch\u00e4tzte Lesezeit":"1\u00a0Minute"},"schema":{"@context":"https:\/\/schema.org","@graph":[{"@type":"WebPage","@id":"https:\/\/lexing.ch\/de\/product\/pack-dessinmodele-benelux\/","url":"https:\/\/lexing.ch\/de\/product\/pack-dessinmodele-benelux\/","name":"Pack dessin\/mod\u00e8le Benelux - Lexing Switzerland","isPartOf":{"@id":"https:\/\/lexing.ch\/#website"},"datePublished":"2016-03-24T15:58:16+00:00","dateModified":"2016-12-02T19:20:23+00:00","breadcrumb":{"@id":"https:\/\/lexing.ch\/de\/product\/pack-dessinmodele-benelux\/#breadcrumb"},"inLanguage":"de","potentialAction":[{"@type":"ReadAction","target":["https:\/\/lexing.ch\/de\/product\/pack-dessinmodele-benelux\/"]}]},{"@type":"BreadcrumbList","@id":"https:\/\/lexing.ch\/de\/product\/pack-dessinmodele-benelux\/#breadcrumb","itemListElement":[{"@type":"ListItem","position":1,"name":"Accueil","item":"https:\/\/lexing.ch\/de\/"},{"@type":"ListItem","position":2,"name":"Products","item":"https:\/\/lexing.ch\/en\/shop\/"},{"@type":"ListItem","position":3,"name":"Pack dessin\/mod\u00e8le Benelux"}]},{"@type":"WebSite","@id":"https:\/\/lexing.ch\/#website","url":"https:\/\/lexing.ch\/","name":"Lexing Switzerland","description":"Common sense. Innovative solutions.","publisher":{"@id":"https:\/\/lexing.ch\/#organization"},"potentialAction":[{"@type":"SearchAction","target":{"@type":"EntryPoint","urlTemplate":"https:\/\/lexing.ch\/?s={search_term_string}"},"query-input":{"@type":"PropertyValueSpecification","valueRequired":true,"valueName":"search_term_string"}}],"inLanguage":"de"},{"@type":"Organization","@id":"https:\/\/lexing.ch\/#organization","name":"Lexing.ch","url":"https:\/\/lexing.ch\/","logo":{"@type":"ImageObject","inLanguage":"de","@id":"https:\/\/lexing.ch\/#\/schema\/logo\/image\/","url":"https:\/\/lexing.ch\/wp-content\/uploads\/2018\/02\/logo-lexing-ch.png","contentUrl":"https:\/\/lexing.ch\/wp-content\/uploads\/2018\/02\/logo-lexing-ch.png","width":"500","height":"174","caption":"Lexing.ch"},"image":{"@id":"https:\/\/lexing.ch\/#\/schema\/logo\/image\/"},"sameAs":["https:\/\/www.facebook.com\/Lexing.ch","https:\/\/x.com\/sebastienfanti"]}]}},"acf":[],"_links":{"self":[{"href":"https:\/\/lexing.ch\/de\/wp-json\/wp\/v2\/product\/13651","targetHints":{"allow":["GET"]}}],"collection":[{"href":"https:\/\/lexing.ch\/de\/wp-json\/wp\/v2\/product"}],"about":[{"href":"https:\/\/lexing.ch\/de\/wp-json\/wp\/v2\/types\/product"}],"replies":[{"embeddable":true,"href":"https:\/\/lexing.ch\/de\/wp-json\/wp\/v2\/comments?post=13651"}],"wp:attachment":[{"href":"https:\/\/lexing.ch\/de\/wp-json\/wp\/v2\/media?parent=13651"}],"wp:term":[{"taxonomy":"product_brand","embeddable":true,"href":"https:\/\/lexing.ch\/de\/wp-json\/wp\/v2\/product_brand?post=13651"},{"taxonomy":"product_cat","embeddable":true,"href":"https:\/\/lexing.ch\/de\/wp-json\/wp\/v2\/product_cat?post=13651"},{"taxonomy":"product_tag","embeddable":true,"href":"https:\/\/lexing.ch\/de\/wp-json\/wp\/v2\/product_tag?post=13651"}],"curies":[{"name":"wp","href":"https:\/\/api.w.org\/{rel}","templated":true}]}}