{"id":10228,"date":"2016-01-08T15:40:33","date_gmt":"2016-01-08T14:40:33","guid":{"rendered":"http:\/\/lexing.ch\/de\/valeurs\/"},"modified":"2024-01-05T17:04:04","modified_gmt":"2024-01-05T16:04:04","slug":"werte","status":"publish","type":"page","link":"https:\/\/lexing.ch\/de\/verein\/werte\/","title":{"rendered":"Werte"},"content":{"rendered":"<h3>Was ist unser Bestreben?<\/h3>\n<p>Vier Werte sind unser Antrieb:<\/p>\n<p><strong>Innovation<\/strong><\/p>\n<p>Innovation um ihrer selbst willen, aber auch Innovation durch das Verst\u00e4ndnis von Innovation in der Industrie ist zweifellos unser markantester Wert, der am deutlichsten zeigt, was die Kanzlei ausmacht.<\/p>\n<p>Innovation ist ihr sichtbarstes Markenzeichen.<\/p>\n<p>Die Geschichte von Lexing, die Vision des Rechts, die sie antreibt, und ihre Entwicklungsperspektiven k\u00f6nnen nur durch das Prisma der Innovation gelesen werden, die im \u00dcbrigen das gesamte Management der Kanzlei durchdringt. Wie unser Gr\u00fcnder es so treffend formulierte, streben wir danach, &#8222;vom Recht der Innovation zur Innovation des Rechts&#8220; zu gelangen.<\/p>\n<p><strong>Exzellenz<\/strong><\/p>\n<p>Exzellenz bedeutet &#8222;herausragende Qualit\u00e4t&#8220;. Es ist diese Qualit\u00e4t der Dienstleistungen, die die Mitglieder der Kanzlei tagt\u00e4glich f\u00fcr ihre Mandanten erbringen.<\/p>\n<p>Um den Wert der Exzellenz zu kultivieren, st\u00fctzt sich die Kanzlei seit seiner Gr\u00fcndung auf eine Politik des Wissensmanagements und eine effiziente Methodik f\u00fcr die Erbringung seiner Dienstleistungen. Dieser Ansatz zielt darauf ab, die Arbeit jedes Einzelnen auf Kanzleiebene aufzuwerten, um Effizienz und Exzellenz zu erreichen.<\/p>\n<p><strong>Eleganz<\/strong><\/p>\n<p>Eleganz ist einer der Grundwerte der Kanzlei. Sie dr\u00fcckt sich in der Loyalit\u00e4t und Transparenz der Beziehungen aus, die jedes Mitglied der Kanzlei mit den Personen aufbaut, die ihm die Verteidigung ihrer Interessen anvertrauen, aber auch in der Einhaltung der wesentlichen Regeln des Anwaltsberufs in allen Situationen und der Ethikkodex f\u00fcr Rechtsanw\u00e4lte.<\/p>\n<p><strong>Die W\u00fcrde<\/strong><\/p>\n<p>Die W\u00fcrde ist eines der Grundprinzipien des Rechtsanwaltsberufs. Sie ist die Achtung, die der Rechtsanwalt sich selbst, seinen Mandanten und allen anderen gegen\u00fcber hat. Die Mitglieder der Anwaltschaft verpflichten sich zu untadeligem Verhalten, damit ihr Verdienst, ihr Wert und die Achtung, die ihnen entgegengebracht wird, nicht beeintr\u00e4chtigt werden. Die W\u00fcrde des Rechtsanwalts ist nicht nur seine Ehre und sein Ruf, sondern auch die W\u00fcrde der Kanzlei, die er vertritt.<\/p>\n<h3>Wie setzen wir dies in der Praxis um?<\/h3>\n<p>In erster Linie sind wir bestrebt, <strong>Ihr Anliegen zu verstehen<\/strong>.<\/p>\n<p>Dies geschieht durch aktives und einf\u00fchlsames Zuh\u00f6ren, aber auch durch eine gr\u00fcndliche Kenntnis sowohl Ihrer Arbeitsweise als auch Ihres \u00d6kosystems: Ihrer Zw\u00e4nge, Ihrer Konkurrenten, Ihrer Partner.<\/p>\n<p>Wir reagieren <strong>schnell <\/strong>und sind uns der Herausforderungen bewusst, mit denen Sie konfrontiert sind, und liefern Ihnen unverz\u00fcglich Antworten.<\/p>\n<p>Wir verstehen unsere Aufgabe nicht nur darin, die Regeln des Rechts zu beschreiben, sondern <strong>pragmatische<\/strong>, rechtlich solide <strong>L\u00f6sungen<\/strong> zu finden, die sicherstellen, dass Ihre Ziele erreicht werden.<\/p>\n<p>Wir befassen uns auch mit k\u00fcnftigen Entwicklungen des Rechts und k\u00f6nnen so zur Dauerhaftigkeit der angebotenen juristischen L\u00f6sungen beitragen. Aus diesem Grund besteht unser Team aus kreativen und <a href=\"https:\/\/lexing.be\/de\/faehigkeiten\/sachverstand\/\"><strong>spezialisierten<\/strong><\/a> Juristen. Unsere Kanzlei hat au\u00dferdem\u00a0sehr enge Verbindungen zur<strong> <a href=\"https:\/\/lexing.be\/de\/akademie\/bibliographie\/\">akademischen<\/a><\/strong> Welt. Viele unserer Anw\u00e4lte \u00fcbernehmen Lehrauftr\u00e4ge an den wichtigsten Universit\u00e4ten.<\/p>\n<p>Unsere Anw\u00e4ltinnen und Anw\u00e4lte sind mehrsprachig und weltoffen. Dank Lexing, einem <a href=\"https:\/\/lexing.be\/de\/land\/\"><strong>internationalen Netzwerk von Anw\u00e4lten<\/strong><\/a>, die unsere Werte teilen, k\u00f6nnen wir Ihre Projekte auf allen Kontinenten begleiten.<\/p>\n<p>Wir nehmen unsere <a href=\"https:\/\/lexing.ch\/de\/verein\/gemeinschaft\/\"><strong>gesellschaftliche Verantwortung<\/strong><\/a> sehr ernst. Aus diesem Grund sind unsere Aktivit\u00e4ten auf eine nachhaltige Entwicklung ausgerichtet, wir bek\u00e4mpfen Mobbing und unterst\u00fctzen die Kunst.<\/p>\n<p>Wir bieten Ihnen ein <strong>transparentes, attraktives und auf Ihre Projekte zugeschnittenes Honorarniveau<\/strong>.<\/p>\n<h3>Was bieten wir an?<\/h3>\n<p>Wir begleiten und unterst\u00fctzen Sie bei der Verfolgung Ihrer\u00a0<strong>unternehmerischen Ziele<\/strong>.<\/p>\n<p>Wir teilen <strong>rechtliche Informationen<\/strong> mit Ihnen durch Schulungen (intern oder extern), Newsletter und einen Rechtsbeobachtungsdienst.<\/p>\n<p>Wir geben Ihnen nicht nur rechtliche Beleuchtung Ihrer Aktivit\u00e4ten, wir steigern den <strong>Wert<\/strong> Ihrer Aktivit\u00e4ten.<\/p>\n<p>Wir begleiten Sie bei allen Ihren rechtlichen Schritten, sowohl in der\u00a0<strong>Beratung<\/strong>\u00a0als auch im Stadium des\u00a0<strong>Gerichtsverfahrens<\/strong>. Wann immer es m\u00f6glich ist, versuchen wir, den Konflikt durch Verhandlungen und kollaboratives Recht zu l\u00f6sen. Wenn dies nicht m\u00f6glich ist, verteidigen wir Sie respektvoll, aber entschlossen.<\/p>\n","protected":false},"excerpt":{"rendered":"<p>Was ist unser Bestreben? Vier Werte sind unser Antrieb: Innovation Innovation um ihrer selbst willen, aber auch Innovation durch das Verst\u00e4ndnis von Innovation in der Industrie ist zweifellos unser markantester Wert, der am deutlichsten zeigt, was die Kanzlei ausmacht. Innovation ist ihr sichtbarstes Markenzeichen. Die Geschichte von Lexing, die Vision des Rechts, die sie antreibt, [&hellip;]<\/p>\n","protected":false},"author":1,"featured_media":0,"parent":10233,"menu_order":75,"comment_status":"closed","ping_status":"closed","template":"template\/valor.php","meta":{"_acf_changed":false,"footnotes":""},"class_list":["post-10228","page","type-page","status-publish","hentry"],"yoast_head":"<!-- This site is optimized with the Yoast SEO Premium plugin v20.11 (Yoast SEO v27.3) - https:\/\/yoast.com\/product\/yoast-seo-premium-wordpress\/ -->\n<title>Werte - Lexing Switzerland<\/title>\n<meta name=\"robots\" content=\"index, follow, max-snippet:-1, max-image-preview:large, max-video-preview:-1\" \/>\n<link rel=\"canonical\" href=\"https:\/\/lexing.ch\/de\/verein\/werte\/\" \/>\n<meta property=\"og:locale\" content=\"de_DE\" \/>\n<meta property=\"og:type\" content=\"article\" \/>\n<meta property=\"og:title\" content=\"Werte\" \/>\n<meta property=\"og:description\" content=\"Was ist unser Bestreben? Vier Werte sind unser Antrieb: Innovation Innovation um ihrer selbst willen, aber auch Innovation durch das Verst\u00e4ndnis von Innovation in der Industrie ist zweifellos unser markantester Wert, der am deutlichsten zeigt, was die Kanzlei ausmacht. Innovation ist ihr sichtbarstes Markenzeichen. Die Geschichte von Lexing, die Vision des Rechts, die sie antreibt, [&hellip;]\" \/>\n<meta property=\"og:url\" content=\"https:\/\/lexing.ch\/de\/verein\/werte\/\" \/>\n<meta property=\"og:site_name\" content=\"Lexing Switzerland\" \/>\n<meta property=\"article:publisher\" content=\"https:\/\/www.facebook.com\/Lexing.ch\" \/>\n<meta property=\"article:modified_time\" content=\"2024-01-05T16:04:04+00:00\" \/>\n<meta name=\"twitter:card\" content=\"summary_large_image\" \/>\n<meta name=\"twitter:site\" content=\"@sebastienfanti\" \/>\n<meta name=\"twitter:label1\" content=\"Gesch\u00e4tzte Lesezeit\" \/>\n\t<meta name=\"twitter:data1\" content=\"4\u00a0Minuten\" \/>\n<script type=\"application\/ld+json\" class=\"yoast-schema-graph\">{\"@context\":\"https:\\\/\\\/schema.org\",\"@graph\":[{\"@type\":\"WebPage\",\"@id\":\"https:\\\/\\\/lexing.ch\\\/de\\\/verein\\\/werte\\\/\",\"url\":\"https:\\\/\\\/lexing.ch\\\/de\\\/verein\\\/werte\\\/\",\"name\":\"Werte - Lexing Switzerland\",\"isPartOf\":{\"@id\":\"https:\\\/\\\/lexing.ch\\\/#website\"},\"datePublished\":\"2016-01-08T14:40:33+00:00\",\"dateModified\":\"2024-01-05T16:04:04+00:00\",\"breadcrumb\":{\"@id\":\"https:\\\/\\\/lexing.ch\\\/de\\\/verein\\\/werte\\\/#breadcrumb\"},\"inLanguage\":\"de\",\"potentialAction\":[{\"@type\":\"ReadAction\",\"target\":[\"https:\\\/\\\/lexing.ch\\\/de\\\/verein\\\/werte\\\/\"]}]},{\"@type\":\"BreadcrumbList\",\"@id\":\"https:\\\/\\\/lexing.ch\\\/de\\\/verein\\\/werte\\\/#breadcrumb\",\"itemListElement\":[{\"@type\":\"ListItem\",\"position\":1,\"name\":\"Accueil\",\"item\":\"https:\\\/\\\/lexing.ch\\\/de\\\/\"},{\"@type\":\"ListItem\",\"position\":2,\"name\":\"Verein\",\"item\":\"https:\\\/\\\/lexing.ch\\\/association\\\/\"},{\"@type\":\"ListItem\",\"position\":3,\"name\":\"Werte\"}]},{\"@type\":\"WebSite\",\"@id\":\"https:\\\/\\\/lexing.ch\\\/#website\",\"url\":\"https:\\\/\\\/lexing.ch\\\/\",\"name\":\"Lexing Switzerland\",\"description\":\"Common sense. Innovative solutions.\",\"publisher\":{\"@id\":\"https:\\\/\\\/lexing.ch\\\/#organization\"},\"potentialAction\":[{\"@type\":\"SearchAction\",\"target\":{\"@type\":\"EntryPoint\",\"urlTemplate\":\"https:\\\/\\\/lexing.ch\\\/?s={search_term_string}\"},\"query-input\":{\"@type\":\"PropertyValueSpecification\",\"valueRequired\":true,\"valueName\":\"search_term_string\"}}],\"inLanguage\":\"de\"},{\"@type\":\"Organization\",\"@id\":\"https:\\\/\\\/lexing.ch\\\/#organization\",\"name\":\"Lexing.ch\",\"url\":\"https:\\\/\\\/lexing.ch\\\/\",\"logo\":{\"@type\":\"ImageObject\",\"inLanguage\":\"de\",\"@id\":\"https:\\\/\\\/lexing.ch\\\/#\\\/schema\\\/logo\\\/image\\\/\",\"url\":\"https:\\\/\\\/lexing.ch\\\/wp-content\\\/uploads\\\/2018\\\/02\\\/logo-lexing-ch.png\",\"contentUrl\":\"https:\\\/\\\/lexing.ch\\\/wp-content\\\/uploads\\\/2018\\\/02\\\/logo-lexing-ch.png\",\"width\":\"500\",\"height\":\"174\",\"caption\":\"Lexing.ch\"},\"image\":{\"@id\":\"https:\\\/\\\/lexing.ch\\\/#\\\/schema\\\/logo\\\/image\\\/\"},\"sameAs\":[\"https:\\\/\\\/www.facebook.com\\\/Lexing.ch\",\"https:\\\/\\\/x.com\\\/sebastienfanti\"]}]}<\/script>\n<!-- \/ Yoast SEO Premium plugin. -->","yoast_head_json":{"title":"Werte - Lexing Switzerland","robots":{"index":"index","follow":"follow","max-snippet":"max-snippet:-1","max-image-preview":"max-image-preview:large","max-video-preview":"max-video-preview:-1"},"canonical":"https:\/\/lexing.ch\/de\/verein\/werte\/","og_locale":"de_DE","og_type":"article","og_title":"Werte","og_description":"Was ist unser Bestreben? Vier Werte sind unser Antrieb: Innovation Innovation um ihrer selbst willen, aber auch Innovation durch das Verst\u00e4ndnis von Innovation in der Industrie ist zweifellos unser markantester Wert, der am deutlichsten zeigt, was die Kanzlei ausmacht. Innovation ist ihr sichtbarstes Markenzeichen. Die Geschichte von Lexing, die Vision des Rechts, die sie antreibt, [&hellip;]","og_url":"https:\/\/lexing.ch\/de\/verein\/werte\/","og_site_name":"Lexing Switzerland","article_publisher":"https:\/\/www.facebook.com\/Lexing.ch","article_modified_time":"2024-01-05T16:04:04+00:00","twitter_card":"summary_large_image","twitter_site":"@sebastienfanti","twitter_misc":{"Gesch\u00e4tzte Lesezeit":"4\u00a0Minuten"},"schema":{"@context":"https:\/\/schema.org","@graph":[{"@type":"WebPage","@id":"https:\/\/lexing.ch\/de\/verein\/werte\/","url":"https:\/\/lexing.ch\/de\/verein\/werte\/","name":"Werte - Lexing Switzerland","isPartOf":{"@id":"https:\/\/lexing.ch\/#website"},"datePublished":"2016-01-08T14:40:33+00:00","dateModified":"2024-01-05T16:04:04+00:00","breadcrumb":{"@id":"https:\/\/lexing.ch\/de\/verein\/werte\/#breadcrumb"},"inLanguage":"de","potentialAction":[{"@type":"ReadAction","target":["https:\/\/lexing.ch\/de\/verein\/werte\/"]}]},{"@type":"BreadcrumbList","@id":"https:\/\/lexing.ch\/de\/verein\/werte\/#breadcrumb","itemListElement":[{"@type":"ListItem","position":1,"name":"Accueil","item":"https:\/\/lexing.ch\/de\/"},{"@type":"ListItem","position":2,"name":"Verein","item":"https:\/\/lexing.ch\/association\/"},{"@type":"ListItem","position":3,"name":"Werte"}]},{"@type":"WebSite","@id":"https:\/\/lexing.ch\/#website","url":"https:\/\/lexing.ch\/","name":"Lexing Switzerland","description":"Common sense. Innovative solutions.","publisher":{"@id":"https:\/\/lexing.ch\/#organization"},"potentialAction":[{"@type":"SearchAction","target":{"@type":"EntryPoint","urlTemplate":"https:\/\/lexing.ch\/?s={search_term_string}"},"query-input":{"@type":"PropertyValueSpecification","valueRequired":true,"valueName":"search_term_string"}}],"inLanguage":"de"},{"@type":"Organization","@id":"https:\/\/lexing.ch\/#organization","name":"Lexing.ch","url":"https:\/\/lexing.ch\/","logo":{"@type":"ImageObject","inLanguage":"de","@id":"https:\/\/lexing.ch\/#\/schema\/logo\/image\/","url":"https:\/\/lexing.ch\/wp-content\/uploads\/2018\/02\/logo-lexing-ch.png","contentUrl":"https:\/\/lexing.ch\/wp-content\/uploads\/2018\/02\/logo-lexing-ch.png","width":"500","height":"174","caption":"Lexing.ch"},"image":{"@id":"https:\/\/lexing.ch\/#\/schema\/logo\/image\/"},"sameAs":["https:\/\/www.facebook.com\/Lexing.ch","https:\/\/x.com\/sebastienfanti"]}]}},"acf":[],"_links":{"self":[{"href":"https:\/\/lexing.ch\/de\/wp-json\/wp\/v2\/pages\/10228","targetHints":{"allow":["GET"]}}],"collection":[{"href":"https:\/\/lexing.ch\/de\/wp-json\/wp\/v2\/pages"}],"about":[{"href":"https:\/\/lexing.ch\/de\/wp-json\/wp\/v2\/types\/page"}],"author":[{"embeddable":true,"href":"https:\/\/lexing.ch\/de\/wp-json\/wp\/v2\/users\/1"}],"replies":[{"embeddable":true,"href":"https:\/\/lexing.ch\/de\/wp-json\/wp\/v2\/comments?post=10228"}],"version-history":[{"count":3,"href":"https:\/\/lexing.ch\/de\/wp-json\/wp\/v2\/pages\/10228\/revisions"}],"predecessor-version":[{"id":51190,"href":"https:\/\/lexing.ch\/de\/wp-json\/wp\/v2\/pages\/10228\/revisions\/51190"}],"up":[{"embeddable":true,"href":"https:\/\/lexing.ch\/de\/wp-json\/wp\/v2\/pages\/10233"}],"wp:attachment":[{"href":"https:\/\/lexing.ch\/de\/wp-json\/wp\/v2\/media?parent=10228"}],"curies":[{"name":"wp","href":"https:\/\/api.w.org\/{rel}","templated":true}]}}