{"id":10226,"date":"2016-01-08T15:43:35","date_gmt":"2016-01-08T14:43:35","guid":{"rendered":"http:\/\/lexing.ch\/de\/modeles-en-ligne\/"},"modified":"2017-01-25T20:04:38","modified_gmt":"2017-01-25T19:04:38","slug":"models-online","status":"publish","type":"page","link":"https:\/\/lexing.ch\/de\/models-online\/","title":{"rendered":"Modell Dokumente"},"content":{"rendered":"<p>Wir bieten Vertragsmodelle und Packs.<\/p>\n<p>Unsere Modelle werden Ihnen in zwei bearbeitungsf\u00e4higen Formaten angeboten: <strong>.doc<\/strong> und <strong>.odt<\/strong>. Das Programm LibreOffice Writer erm\u00f6glicht es Ihnen, die Dateien .odt zu lesen und zu bearbeiten. kann auf der Seite kostenlos heruntergeladen werden\u00a0<a href=\"http:\/\/de.libreoffice.org\" target=\"_blank\">http:\/\/de.libreoffice.org<\/a><\/p>\n<p>Lexing\u00a0steht Ihnen selbstverst\u00e4ndlich zur Verf\u00fcgung, um diesen Vertrag zu <strong>individualisieren<\/strong> oder diese Modellakte dank unseres Moduls der individualisierten Konsultation.<\/p>\n<p><em>Sie verf\u00fcgen nicht \u00fcber das Recht auf Verzicht, um es Ihnen zu erm\u00f6glichen, die gew\u00e4hlten Akten oder Modelle sofort herunterzuladen.<\/em><\/p>\n","protected":false},"excerpt":{"rendered":"<p>Wir bieten Vertragsmodelle und Packs. Unsere Modelle werden Ihnen in zwei bearbeitungsf\u00e4higen Formaten angeboten: .doc und .odt. Das Programm LibreOffice Writer erm\u00f6glicht es Ihnen, die Dateien .odt zu lesen und zu bearbeiten. kann auf der Seite kostenlos heruntergeladen werden\u00a0http:\/\/de.libreoffice.org Lexing\u00a0steht Ihnen selbstverst\u00e4ndlich zur Verf\u00fcgung, um diesen Vertrag zu individualisieren oder diese Modellakte dank unseres Moduls [&hellip;]<\/p>\n","protected":false},"author":1,"featured_media":0,"parent":0,"menu_order":107,"comment_status":"closed","ping_status":"closed","template":"template\/model.php","meta":{"_acf_changed":false,"footnotes":""},"class_list":["post-10226","page","type-page","status-publish","hentry"],"yoast_head":"<!-- This site is optimized with the Yoast SEO Premium plugin v20.11 (Yoast SEO v27.3) - https:\/\/yoast.com\/product\/yoast-seo-premium-wordpress\/ -->\n<title>Modell Dokumente - Lexing Switzerland<\/title>\n<meta name=\"robots\" content=\"index, follow, max-snippet:-1, max-image-preview:large, max-video-preview:-1\" \/>\n<link rel=\"canonical\" href=\"https:\/\/lexing.ch\/modeles-en-ligne\/\" \/>\n<meta property=\"og:locale\" content=\"de_DE\" \/>\n<meta property=\"og:type\" content=\"article\" \/>\n<meta property=\"og:title\" content=\"Modell Dokumente\" \/>\n<meta property=\"og:description\" content=\"Wir bieten Vertragsmodelle und Packs. Unsere Modelle werden Ihnen in zwei bearbeitungsf\u00e4higen Formaten angeboten: .doc und .odt. Das Programm LibreOffice Writer erm\u00f6glicht es Ihnen, die Dateien .odt zu lesen und zu bearbeiten. kann auf der Seite kostenlos heruntergeladen werden\u00a0http:\/\/de.libreoffice.org Lexing\u00a0steht Ihnen selbstverst\u00e4ndlich zur Verf\u00fcgung, um diesen Vertrag zu individualisieren oder diese Modellakte dank unseres Moduls [&hellip;]\" \/>\n<meta property=\"og:url\" content=\"https:\/\/lexing.ch\/modeles-en-ligne\/\" \/>\n<meta property=\"og:site_name\" content=\"Lexing Switzerland\" \/>\n<meta property=\"article:publisher\" content=\"https:\/\/www.facebook.com\/Lexing.ch\" \/>\n<meta property=\"article:modified_time\" content=\"2017-01-25T19:04:38+00:00\" \/>\n<meta name=\"twitter:card\" content=\"summary_large_image\" \/>\n<meta name=\"twitter:image\" content=\"http:\/\/lexing.ch\/wp-content\/uploads\/2016\/10\/tools.jpg\" \/>\n<meta name=\"twitter:site\" content=\"@sebastienfanti\" \/>\n<script type=\"application\/ld+json\" class=\"yoast-schema-graph\">{\"@context\":\"https:\\\/\\\/schema.org\",\"@graph\":[{\"@type\":\"WebPage\",\"@id\":\"https:\\\/\\\/lexing.ch\\\/modeles-en-ligne\\\/\",\"url\":\"https:\\\/\\\/lexing.ch\\\/modeles-en-ligne\\\/\",\"name\":\"Modell Dokumente - Lexing Switzerland\",\"isPartOf\":{\"@id\":\"https:\\\/\\\/lexing.ch\\\/#website\"},\"datePublished\":\"2016-01-08T14:43:35+00:00\",\"dateModified\":\"2017-01-25T19:04:38+00:00\",\"breadcrumb\":{\"@id\":\"https:\\\/\\\/lexing.ch\\\/modeles-en-ligne\\\/#breadcrumb\"},\"inLanguage\":\"de\",\"potentialAction\":[{\"@type\":\"ReadAction\",\"target\":[\"https:\\\/\\\/lexing.ch\\\/modeles-en-ligne\\\/\"]}]},{\"@type\":\"BreadcrumbList\",\"@id\":\"https:\\\/\\\/lexing.ch\\\/modeles-en-ligne\\\/#breadcrumb\",\"itemListElement\":[{\"@type\":\"ListItem\",\"position\":1,\"name\":\"Accueil\",\"item\":\"https:\\\/\\\/lexing.ch\\\/de\\\/\"},{\"@type\":\"ListItem\",\"position\":2,\"name\":\"Modell Dokumente\"}]},{\"@type\":\"WebSite\",\"@id\":\"https:\\\/\\\/lexing.ch\\\/#website\",\"url\":\"https:\\\/\\\/lexing.ch\\\/\",\"name\":\"Lexing Switzerland\",\"description\":\"Common sense. Innovative solutions.\",\"publisher\":{\"@id\":\"https:\\\/\\\/lexing.ch\\\/#organization\"},\"potentialAction\":[{\"@type\":\"SearchAction\",\"target\":{\"@type\":\"EntryPoint\",\"urlTemplate\":\"https:\\\/\\\/lexing.ch\\\/?s={search_term_string}\"},\"query-input\":{\"@type\":\"PropertyValueSpecification\",\"valueRequired\":true,\"valueName\":\"search_term_string\"}}],\"inLanguage\":\"de\"},{\"@type\":\"Organization\",\"@id\":\"https:\\\/\\\/lexing.ch\\\/#organization\",\"name\":\"Lexing.ch\",\"url\":\"https:\\\/\\\/lexing.ch\\\/\",\"logo\":{\"@type\":\"ImageObject\",\"inLanguage\":\"de\",\"@id\":\"https:\\\/\\\/lexing.ch\\\/#\\\/schema\\\/logo\\\/image\\\/\",\"url\":\"https:\\\/\\\/lexing.ch\\\/wp-content\\\/uploads\\\/2018\\\/02\\\/logo-lexing-ch.png\",\"contentUrl\":\"https:\\\/\\\/lexing.ch\\\/wp-content\\\/uploads\\\/2018\\\/02\\\/logo-lexing-ch.png\",\"width\":\"500\",\"height\":\"174\",\"caption\":\"Lexing.ch\"},\"image\":{\"@id\":\"https:\\\/\\\/lexing.ch\\\/#\\\/schema\\\/logo\\\/image\\\/\"},\"sameAs\":[\"https:\\\/\\\/www.facebook.com\\\/Lexing.ch\",\"https:\\\/\\\/x.com\\\/sebastienfanti\"]}]}<\/script>\n<!-- \/ Yoast SEO Premium plugin. -->","yoast_head_json":{"title":"Modell Dokumente - Lexing Switzerland","robots":{"index":"index","follow":"follow","max-snippet":"max-snippet:-1","max-image-preview":"max-image-preview:large","max-video-preview":"max-video-preview:-1"},"canonical":"https:\/\/lexing.ch\/modeles-en-ligne\/","og_locale":"de_DE","og_type":"article","og_title":"Modell Dokumente","og_description":"Wir bieten Vertragsmodelle und Packs. Unsere Modelle werden Ihnen in zwei bearbeitungsf\u00e4higen Formaten angeboten: .doc und .odt. Das Programm LibreOffice Writer erm\u00f6glicht es Ihnen, die Dateien .odt zu lesen und zu bearbeiten. kann auf der Seite kostenlos heruntergeladen werden\u00a0http:\/\/de.libreoffice.org Lexing\u00a0steht Ihnen selbstverst\u00e4ndlich zur Verf\u00fcgung, um diesen Vertrag zu individualisieren oder diese Modellakte dank unseres Moduls [&hellip;]","og_url":"https:\/\/lexing.ch\/modeles-en-ligne\/","og_site_name":"Lexing Switzerland","article_publisher":"https:\/\/www.facebook.com\/Lexing.ch","article_modified_time":"2017-01-25T19:04:38+00:00","twitter_card":"summary_large_image","twitter_image":"http:\/\/lexing.ch\/wp-content\/uploads\/2016\/10\/tools.jpg","twitter_site":"@sebastienfanti","schema":{"@context":"https:\/\/schema.org","@graph":[{"@type":"WebPage","@id":"https:\/\/lexing.ch\/modeles-en-ligne\/","url":"https:\/\/lexing.ch\/modeles-en-ligne\/","name":"Modell Dokumente - Lexing Switzerland","isPartOf":{"@id":"https:\/\/lexing.ch\/#website"},"datePublished":"2016-01-08T14:43:35+00:00","dateModified":"2017-01-25T19:04:38+00:00","breadcrumb":{"@id":"https:\/\/lexing.ch\/modeles-en-ligne\/#breadcrumb"},"inLanguage":"de","potentialAction":[{"@type":"ReadAction","target":["https:\/\/lexing.ch\/modeles-en-ligne\/"]}]},{"@type":"BreadcrumbList","@id":"https:\/\/lexing.ch\/modeles-en-ligne\/#breadcrumb","itemListElement":[{"@type":"ListItem","position":1,"name":"Accueil","item":"https:\/\/lexing.ch\/de\/"},{"@type":"ListItem","position":2,"name":"Modell Dokumente"}]},{"@type":"WebSite","@id":"https:\/\/lexing.ch\/#website","url":"https:\/\/lexing.ch\/","name":"Lexing Switzerland","description":"Common sense. Innovative solutions.","publisher":{"@id":"https:\/\/lexing.ch\/#organization"},"potentialAction":[{"@type":"SearchAction","target":{"@type":"EntryPoint","urlTemplate":"https:\/\/lexing.ch\/?s={search_term_string}"},"query-input":{"@type":"PropertyValueSpecification","valueRequired":true,"valueName":"search_term_string"}}],"inLanguage":"de"},{"@type":"Organization","@id":"https:\/\/lexing.ch\/#organization","name":"Lexing.ch","url":"https:\/\/lexing.ch\/","logo":{"@type":"ImageObject","inLanguage":"de","@id":"https:\/\/lexing.ch\/#\/schema\/logo\/image\/","url":"https:\/\/lexing.ch\/wp-content\/uploads\/2018\/02\/logo-lexing-ch.png","contentUrl":"https:\/\/lexing.ch\/wp-content\/uploads\/2018\/02\/logo-lexing-ch.png","width":"500","height":"174","caption":"Lexing.ch"},"image":{"@id":"https:\/\/lexing.ch\/#\/schema\/logo\/image\/"},"sameAs":["https:\/\/www.facebook.com\/Lexing.ch","https:\/\/x.com\/sebastienfanti"]}]}},"acf":[],"_links":{"self":[{"href":"https:\/\/lexing.ch\/de\/wp-json\/wp\/v2\/pages\/10226","targetHints":{"allow":["GET"]}}],"collection":[{"href":"https:\/\/lexing.ch\/de\/wp-json\/wp\/v2\/pages"}],"about":[{"href":"https:\/\/lexing.ch\/de\/wp-json\/wp\/v2\/types\/page"}],"author":[{"embeddable":true,"href":"https:\/\/lexing.ch\/de\/wp-json\/wp\/v2\/users\/1"}],"replies":[{"embeddable":true,"href":"https:\/\/lexing.ch\/de\/wp-json\/wp\/v2\/comments?post=10226"}],"version-history":[{"count":0,"href":"https:\/\/lexing.ch\/de\/wp-json\/wp\/v2\/pages\/10226\/revisions"}],"wp:attachment":[{"href":"https:\/\/lexing.ch\/de\/wp-json\/wp\/v2\/media?parent=10226"}],"curies":[{"name":"wp","href":"https:\/\/api.w.org\/{rel}","templated":true}]}}