{"id":10215,"date":"2016-01-08T15:44:07","date_gmt":"2016-01-08T14:44:07","guid":{"rendered":"http:\/\/lexing.ch\/de\/pays\/"},"modified":"2025-01-18T15:03:31","modified_gmt":"2025-01-18T14:03:31","slug":"land","status":"publish","type":"page","link":"https:\/\/lexing.ch\/de\/land\/","title":{"rendered":"L\u00e4nder"},"content":{"rendered":"<h2>Die Assoziation bietet internationale Dienstleistungen an<\/h2>\n<p>Dank Lexing k\u00f6nnen internationale Unternehmen von Anw\u00e4lten profitieren, die in ihren jeweiligen L\u00e4ndern f\u00fcr ihre Sachkenntnis auf dem Gebiet der Zukunftstechnologien anerkannt sind.<\/p>\n<p>Die Anw\u00e4lte dieses Netzwerks sind untereinander eng verbunden und verfolgen einen einheitlichen Ansatz mit dem Ziel, \u00fcber einen zentralen Ansprechpartner eine umfassende technisch-juristische L\u00f6sung zu finden, die die Rechtsvorschriften in s\u00e4mtlichen L\u00e4ndern einh\u00e4lt.<\/p>\n<p>Dank des Netzwerks Lexing k\u00f6nnen Mandanten in etwa 40 L\u00e4ndern in den Genuss derselben Dienstleistungen kommen, die sie aus ihrem Heimatland gewohnt sind:<\/p>\n","protected":false},"excerpt":{"rendered":"<p>Die Assoziation bietet internationale Dienstleistungen an Dank Lexing k\u00f6nnen internationale Unternehmen von Anw\u00e4lten profitieren, die in ihren jeweiligen L\u00e4ndern f\u00fcr ihre Sachkenntnis auf dem Gebiet der Zukunftstechnologien anerkannt sind. Die Anw\u00e4lte dieses Netzwerks sind untereinander eng verbunden und verfolgen einen einheitlichen Ansatz mit dem Ziel, \u00fcber einen zentralen Ansprechpartner eine umfassende technisch-juristische L\u00f6sung zu finden, [&hellip;]<\/p>\n","protected":false},"author":1,"featured_media":0,"parent":0,"menu_order":118,"comment_status":"closed","ping_status":"closed","template":"template\/country.php","meta":{"_acf_changed":false,"footnotes":""},"class_list":["post-10215","page","type-page","status-publish","hentry"],"yoast_head":"<!-- This site is optimized with the Yoast SEO Premium plugin v20.11 (Yoast SEO v27.5) - https:\/\/yoast.com\/product\/yoast-seo-premium-wordpress\/ -->\n<title>L\u00e4nder - Lexing Switzerland<\/title>\n<meta name=\"robots\" content=\"index, follow, max-snippet:-1, max-image-preview:large, max-video-preview:-1\" \/>\n<link rel=\"canonical\" href=\"https:\/\/lexing.ch\/de\/land\/\" \/>\n<meta property=\"og:locale\" content=\"de_DE\" \/>\n<meta property=\"og:type\" content=\"article\" \/>\n<meta property=\"og:title\" content=\"L\u00e4nder\" \/>\n<meta property=\"og:description\" content=\"Die Assoziation bietet internationale Dienstleistungen an Dank Lexing k\u00f6nnen internationale Unternehmen von Anw\u00e4lten profitieren, die in ihren jeweiligen L\u00e4ndern f\u00fcr ihre Sachkenntnis auf dem Gebiet der Zukunftstechnologien anerkannt sind. Die Anw\u00e4lte dieses Netzwerks sind untereinander eng verbunden und verfolgen einen einheitlichen Ansatz mit dem Ziel, \u00fcber einen zentralen Ansprechpartner eine umfassende technisch-juristische L\u00f6sung zu finden, [&hellip;]\" \/>\n<meta property=\"og:url\" content=\"https:\/\/lexing.ch\/de\/land\/\" \/>\n<meta property=\"og:site_name\" content=\"Lexing Switzerland\" \/>\n<meta property=\"article:publisher\" content=\"https:\/\/www.facebook.com\/Lexing.ch\" \/>\n<meta property=\"article:modified_time\" content=\"2025-01-18T14:03:31+00:00\" \/>\n<meta name=\"twitter:card\" content=\"summary_large_image\" \/>\n<meta name=\"twitter:site\" content=\"@sebastienfanti\" \/>\n<meta name=\"twitter:label1\" content=\"Gesch\u00e4tzte Lesezeit\" \/>\n\t<meta name=\"twitter:data1\" content=\"1\u00a0Minute\" \/>\n<script type=\"application\/ld+json\" class=\"yoast-schema-graph\">{\"@context\":\"https:\\\/\\\/schema.org\",\"@graph\":[{\"@type\":\"WebPage\",\"@id\":\"https:\\\/\\\/lexing.ch\\\/de\\\/land\\\/\",\"url\":\"https:\\\/\\\/lexing.ch\\\/de\\\/land\\\/\",\"name\":\"L\u00e4nder - Lexing Switzerland\",\"isPartOf\":{\"@id\":\"https:\\\/\\\/lexing.ch\\\/#website\"},\"datePublished\":\"2016-01-08T14:44:07+00:00\",\"dateModified\":\"2025-01-18T14:03:31+00:00\",\"breadcrumb\":{\"@id\":\"https:\\\/\\\/lexing.ch\\\/de\\\/land\\\/#breadcrumb\"},\"inLanguage\":\"de\",\"potentialAction\":[{\"@type\":\"ReadAction\",\"target\":[\"https:\\\/\\\/lexing.ch\\\/de\\\/land\\\/\"]}]},{\"@type\":\"BreadcrumbList\",\"@id\":\"https:\\\/\\\/lexing.ch\\\/de\\\/land\\\/#breadcrumb\",\"itemListElement\":[{\"@type\":\"ListItem\",\"position\":1,\"name\":\"Accueil\",\"item\":\"https:\\\/\\\/lexing.ch\\\/de\\\/\"},{\"@type\":\"ListItem\",\"position\":2,\"name\":\"L\u00e4nder\"}]},{\"@type\":\"WebSite\",\"@id\":\"https:\\\/\\\/lexing.ch\\\/#website\",\"url\":\"https:\\\/\\\/lexing.ch\\\/\",\"name\":\"Lexing Switzerland\",\"description\":\"Common sense. Innovative solutions.\",\"publisher\":{\"@id\":\"https:\\\/\\\/lexing.ch\\\/#organization\"},\"potentialAction\":[{\"@type\":\"SearchAction\",\"target\":{\"@type\":\"EntryPoint\",\"urlTemplate\":\"https:\\\/\\\/lexing.ch\\\/?s={search_term_string}\"},\"query-input\":{\"@type\":\"PropertyValueSpecification\",\"valueRequired\":true,\"valueName\":\"search_term_string\"}}],\"inLanguage\":\"de\"},{\"@type\":\"Organization\",\"@id\":\"https:\\\/\\\/lexing.ch\\\/#organization\",\"name\":\"Lexing.ch\",\"url\":\"https:\\\/\\\/lexing.ch\\\/\",\"logo\":{\"@type\":\"ImageObject\",\"inLanguage\":\"de\",\"@id\":\"https:\\\/\\\/lexing.ch\\\/#\\\/schema\\\/logo\\\/image\\\/\",\"url\":\"https:\\\/\\\/lexing.ch\\\/wp-content\\\/uploads\\\/2018\\\/02\\\/logo-lexing-ch.png\",\"contentUrl\":\"https:\\\/\\\/lexing.ch\\\/wp-content\\\/uploads\\\/2018\\\/02\\\/logo-lexing-ch.png\",\"width\":\"500\",\"height\":\"174\",\"caption\":\"Lexing.ch\"},\"image\":{\"@id\":\"https:\\\/\\\/lexing.ch\\\/#\\\/schema\\\/logo\\\/image\\\/\"},\"sameAs\":[\"https:\\\/\\\/www.facebook.com\\\/Lexing.ch\",\"https:\\\/\\\/x.com\\\/sebastienfanti\"]}]}<\/script>\n<!-- \/ Yoast SEO Premium plugin. -->","yoast_head_json":{"title":"L\u00e4nder - Lexing Switzerland","robots":{"index":"index","follow":"follow","max-snippet":"max-snippet:-1","max-image-preview":"max-image-preview:large","max-video-preview":"max-video-preview:-1"},"canonical":"https:\/\/lexing.ch\/de\/land\/","og_locale":"de_DE","og_type":"article","og_title":"L\u00e4nder","og_description":"Die Assoziation bietet internationale Dienstleistungen an Dank Lexing k\u00f6nnen internationale Unternehmen von Anw\u00e4lten profitieren, die in ihren jeweiligen L\u00e4ndern f\u00fcr ihre Sachkenntnis auf dem Gebiet der Zukunftstechnologien anerkannt sind. Die Anw\u00e4lte dieses Netzwerks sind untereinander eng verbunden und verfolgen einen einheitlichen Ansatz mit dem Ziel, \u00fcber einen zentralen Ansprechpartner eine umfassende technisch-juristische L\u00f6sung zu finden, [&hellip;]","og_url":"https:\/\/lexing.ch\/de\/land\/","og_site_name":"Lexing Switzerland","article_publisher":"https:\/\/www.facebook.com\/Lexing.ch","article_modified_time":"2025-01-18T14:03:31+00:00","twitter_card":"summary_large_image","twitter_site":"@sebastienfanti","twitter_misc":{"Gesch\u00e4tzte Lesezeit":"1\u00a0Minute"},"schema":{"@context":"https:\/\/schema.org","@graph":[{"@type":"WebPage","@id":"https:\/\/lexing.ch\/de\/land\/","url":"https:\/\/lexing.ch\/de\/land\/","name":"L\u00e4nder - Lexing Switzerland","isPartOf":{"@id":"https:\/\/lexing.ch\/#website"},"datePublished":"2016-01-08T14:44:07+00:00","dateModified":"2025-01-18T14:03:31+00:00","breadcrumb":{"@id":"https:\/\/lexing.ch\/de\/land\/#breadcrumb"},"inLanguage":"de","potentialAction":[{"@type":"ReadAction","target":["https:\/\/lexing.ch\/de\/land\/"]}]},{"@type":"BreadcrumbList","@id":"https:\/\/lexing.ch\/de\/land\/#breadcrumb","itemListElement":[{"@type":"ListItem","position":1,"name":"Accueil","item":"https:\/\/lexing.ch\/de\/"},{"@type":"ListItem","position":2,"name":"L\u00e4nder"}]},{"@type":"WebSite","@id":"https:\/\/lexing.ch\/#website","url":"https:\/\/lexing.ch\/","name":"Lexing Switzerland","description":"Common sense. Innovative solutions.","publisher":{"@id":"https:\/\/lexing.ch\/#organization"},"potentialAction":[{"@type":"SearchAction","target":{"@type":"EntryPoint","urlTemplate":"https:\/\/lexing.ch\/?s={search_term_string}"},"query-input":{"@type":"PropertyValueSpecification","valueRequired":true,"valueName":"search_term_string"}}],"inLanguage":"de"},{"@type":"Organization","@id":"https:\/\/lexing.ch\/#organization","name":"Lexing.ch","url":"https:\/\/lexing.ch\/","logo":{"@type":"ImageObject","inLanguage":"de","@id":"https:\/\/lexing.ch\/#\/schema\/logo\/image\/","url":"https:\/\/lexing.ch\/wp-content\/uploads\/2018\/02\/logo-lexing-ch.png","contentUrl":"https:\/\/lexing.ch\/wp-content\/uploads\/2018\/02\/logo-lexing-ch.png","width":"500","height":"174","caption":"Lexing.ch"},"image":{"@id":"https:\/\/lexing.ch\/#\/schema\/logo\/image\/"},"sameAs":["https:\/\/www.facebook.com\/Lexing.ch","https:\/\/x.com\/sebastienfanti"]}]}},"acf":[],"_links":{"self":[{"href":"https:\/\/lexing.ch\/de\/wp-json\/wp\/v2\/pages\/10215","targetHints":{"allow":["GET"]}}],"collection":[{"href":"https:\/\/lexing.ch\/de\/wp-json\/wp\/v2\/pages"}],"about":[{"href":"https:\/\/lexing.ch\/de\/wp-json\/wp\/v2\/types\/page"}],"author":[{"embeddable":true,"href":"https:\/\/lexing.ch\/de\/wp-json\/wp\/v2\/users\/1"}],"replies":[{"embeddable":true,"href":"https:\/\/lexing.ch\/de\/wp-json\/wp\/v2\/comments?post=10215"}],"version-history":[{"count":2,"href":"https:\/\/lexing.ch\/de\/wp-json\/wp\/v2\/pages\/10215\/revisions"}],"predecessor-version":[{"id":51369,"href":"https:\/\/lexing.ch\/de\/wp-json\/wp\/v2\/pages\/10215\/revisions\/51369"}],"wp:attachment":[{"href":"https:\/\/lexing.ch\/de\/wp-json\/wp\/v2\/media?parent=10215"}],"curies":[{"name":"wp","href":"https:\/\/api.w.org\/{rel}","templated":true}]}}