{"id":10205,"date":"2016-01-18T09:49:30","date_gmt":"2016-01-18T08:49:30","guid":{"rendered":"http:\/\/lexing.ch\/de\/conditions-dutilisation-de-ce-site\/"},"modified":"2017-10-21T14:05:58","modified_gmt":"2017-10-21T12:05:58","slug":"conditions-dutilisation","status":"publish","type":"page","link":"https:\/\/lexing.ch\/de\/conditions-dutilisation\/","title":{"rendered":"Impressum"},"content":{"rendered":"<h4>Exploitant<\/h4>\n<p>La pr\u00e9sente plateforme Internet est exploit\u00e9e par\u00a0:<\/p>\n<p style=\"text-align: center;\">Lexing \u2013 Switzerland<br \/>\nEtude S\u00e9bastien Fanti<br \/>\nRue du Pr\u00e9-Fleuri 8B<br \/>\nCP 497<br \/>\n1951 Sion<br \/>\n(ci-apr\u00e8s\u00a0: Lexing)<\/p>\n<h4>Absence d\u2019offre et de responsabilit\u00e9<\/h4>\n<p>Le fait de consulter et de lire la pr\u00e9sente plateforme Internet ne cr\u00e9e aucun rapport contractuel entre l\u2019utilisateur et le fournisseur pour une prestation de service de Lexing.<\/p>\n<p>Lexing n\u2019assume aucune garantie pour l\u2019exactitude, l\u2019exhaustivit\u00e9 et l\u2019actualit\u00e9 des informations publi\u00e9es sur la pr\u00e9sente plateforme Internet.<\/p>\n<p>En revanche, le fait d\u2019\u00e9mettre une demande de service par le biais de la pr\u00e9sente plateforme Internet constitue une offre juridiquement contraignante soumise aux Conditions g\u00e9n\u00e9rales de Lexing. Contrairement \u00e0 la simple consultation de la pr\u00e9sente plateforme Internet, les autres services fournis par Lexing sont payants.<\/p>\n<h4>Liens<\/h4>\n<p>Les renvois et liens vers d\u2019autres sites ou plateformes Internet ne rel\u00e8vent pas de la responsabilit\u00e9 de Lexing. L\u2019acc\u00e8s \u00e0 ces sites et leur utilisation se font aux risques des utilisateurs. Lexing d\u00e9clare express\u00e9ment qu\u2019elle n\u2019a aucune influence sur la forme, le contenu et les offres des sites auxquels elle renvoie. Les informations et services offerts par ces sites ou plateformes rel\u00e8vent exclusivement de la responsabilit\u00e9 de leurs auteurs.<\/p>\n<h4>Droit d\u2019auteur<\/h4>\n<p>Les droits d&#8217;auteur et tous les autres droits li\u00e9s aux textes, illustrations, photographies et autres donn\u00e9es plac\u00e9s sur la pr\u00e9sente plateforme Internet sont la propri\u00e9t\u00e9 exclusive de Lexing ou celle des d\u00e9tenteurs express\u00e9ment cit\u00e9s. Toute reproduction est subordonn\u00e9e \u00e0 l&#8217;autorisation \u00e9crite pr\u00e9alable du d\u00e9tenteur des droits.<\/p>\n<p>Les informations que rec\u00e8le la pr\u00e9sente plateforme Internet sont mises \u00e0 la disposition des utilisateurs. Le t\u00e9l\u00e9chargement ou la copie de textes, d&#8217;illustrations, de photographies ou d&#8217;autres donn\u00e9es n&#8217;entra\u00eene aucun transfert de droits sur les contenus.<\/p>\n","protected":false},"excerpt":{"rendered":"<p>Exploitant La pr\u00e9sente plateforme Internet est exploit\u00e9e par\u00a0: Lexing \u2013 Switzerland Etude S\u00e9bastien Fanti Rue du Pr\u00e9-Fleuri 8B CP 497 1951 Sion (ci-apr\u00e8s\u00a0: Lexing) Absence d\u2019offre et de responsabilit\u00e9 Le fait de consulter et de lire la pr\u00e9sente plateforme Internet ne cr\u00e9e aucun rapport contractuel entre l\u2019utilisateur et le fournisseur pour une prestation de service [&hellip;]<\/p>\n","protected":false},"author":1,"featured_media":0,"parent":0,"menu_order":90,"comment_status":"closed","ping_status":"closed","template":"template\/conditions.php","meta":{"_acf_changed":false,"footnotes":""},"class_list":["post-10205","page","type-page","status-publish","hentry"],"yoast_head":"<!-- This site is optimized with the Yoast SEO Premium plugin v20.11 (Yoast SEO v27.3) - https:\/\/yoast.com\/product\/yoast-seo-premium-wordpress\/ -->\n<title>Impressum - Lexing Switzerland<\/title>\n<meta name=\"robots\" content=\"index, follow, max-snippet:-1, max-image-preview:large, max-video-preview:-1\" \/>\n<link rel=\"canonical\" href=\"https:\/\/lexing.ch\/conditions-dutilisation\/\" \/>\n<meta property=\"og:locale\" content=\"de_DE\" \/>\n<meta property=\"og:type\" content=\"article\" \/>\n<meta property=\"og:title\" content=\"Impressum\" \/>\n<meta property=\"og:description\" content=\"Exploitant La pr\u00e9sente plateforme Internet est exploit\u00e9e par\u00a0: Lexing \u2013 Switzerland Etude S\u00e9bastien Fanti Rue du Pr\u00e9-Fleuri 8B CP 497 1951 Sion (ci-apr\u00e8s\u00a0: Lexing) Absence d\u2019offre et de responsabilit\u00e9 Le fait de consulter et de lire la pr\u00e9sente plateforme Internet ne cr\u00e9e aucun rapport contractuel entre l\u2019utilisateur et le fournisseur pour une prestation de service [&hellip;]\" \/>\n<meta property=\"og:url\" content=\"https:\/\/lexing.ch\/conditions-dutilisation\/\" \/>\n<meta property=\"og:site_name\" content=\"Lexing Switzerland\" \/>\n<meta property=\"article:publisher\" content=\"https:\/\/www.facebook.com\/Lexing.ch\" \/>\n<meta property=\"article:modified_time\" content=\"2017-10-21T12:05:58+00:00\" \/>\n<meta name=\"twitter:card\" content=\"summary_large_image\" \/>\n<meta name=\"twitter:site\" content=\"@sebastienfanti\" \/>\n<meta name=\"twitter:label1\" content=\"Gesch\u00e4tzte Lesezeit\" \/>\n\t<meta name=\"twitter:data1\" content=\"2\u00a0Minuten\" \/>\n<script type=\"application\/ld+json\" class=\"yoast-schema-graph\">{\"@context\":\"https:\\\/\\\/schema.org\",\"@graph\":[{\"@type\":\"WebPage\",\"@id\":\"https:\\\/\\\/lexing.ch\\\/conditions-dutilisation\\\/\",\"url\":\"https:\\\/\\\/lexing.ch\\\/conditions-dutilisation\\\/\",\"name\":\"Impressum - Lexing Switzerland\",\"isPartOf\":{\"@id\":\"https:\\\/\\\/lexing.ch\\\/#website\"},\"datePublished\":\"2016-01-18T08:49:30+00:00\",\"dateModified\":\"2017-10-21T12:05:58+00:00\",\"breadcrumb\":{\"@id\":\"https:\\\/\\\/lexing.ch\\\/conditions-dutilisation\\\/#breadcrumb\"},\"inLanguage\":\"de\",\"potentialAction\":[{\"@type\":\"ReadAction\",\"target\":[\"https:\\\/\\\/lexing.ch\\\/conditions-dutilisation\\\/\"]}]},{\"@type\":\"BreadcrumbList\",\"@id\":\"https:\\\/\\\/lexing.ch\\\/conditions-dutilisation\\\/#breadcrumb\",\"itemListElement\":[{\"@type\":\"ListItem\",\"position\":1,\"name\":\"Accueil\",\"item\":\"https:\\\/\\\/lexing.ch\\\/de\\\/\"},{\"@type\":\"ListItem\",\"position\":2,\"name\":\"Impressum\"}]},{\"@type\":\"WebSite\",\"@id\":\"https:\\\/\\\/lexing.ch\\\/#website\",\"url\":\"https:\\\/\\\/lexing.ch\\\/\",\"name\":\"Lexing Switzerland\",\"description\":\"Common sense. Innovative solutions.\",\"publisher\":{\"@id\":\"https:\\\/\\\/lexing.ch\\\/#organization\"},\"potentialAction\":[{\"@type\":\"SearchAction\",\"target\":{\"@type\":\"EntryPoint\",\"urlTemplate\":\"https:\\\/\\\/lexing.ch\\\/?s={search_term_string}\"},\"query-input\":{\"@type\":\"PropertyValueSpecification\",\"valueRequired\":true,\"valueName\":\"search_term_string\"}}],\"inLanguage\":\"de\"},{\"@type\":\"Organization\",\"@id\":\"https:\\\/\\\/lexing.ch\\\/#organization\",\"name\":\"Lexing.ch\",\"url\":\"https:\\\/\\\/lexing.ch\\\/\",\"logo\":{\"@type\":\"ImageObject\",\"inLanguage\":\"de\",\"@id\":\"https:\\\/\\\/lexing.ch\\\/#\\\/schema\\\/logo\\\/image\\\/\",\"url\":\"https:\\\/\\\/lexing.ch\\\/wp-content\\\/uploads\\\/2018\\\/02\\\/logo-lexing-ch.png\",\"contentUrl\":\"https:\\\/\\\/lexing.ch\\\/wp-content\\\/uploads\\\/2018\\\/02\\\/logo-lexing-ch.png\",\"width\":\"500\",\"height\":\"174\",\"caption\":\"Lexing.ch\"},\"image\":{\"@id\":\"https:\\\/\\\/lexing.ch\\\/#\\\/schema\\\/logo\\\/image\\\/\"},\"sameAs\":[\"https:\\\/\\\/www.facebook.com\\\/Lexing.ch\",\"https:\\\/\\\/x.com\\\/sebastienfanti\"]}]}<\/script>\n<!-- \/ Yoast SEO Premium plugin. -->","yoast_head_json":{"title":"Impressum - Lexing Switzerland","robots":{"index":"index","follow":"follow","max-snippet":"max-snippet:-1","max-image-preview":"max-image-preview:large","max-video-preview":"max-video-preview:-1"},"canonical":"https:\/\/lexing.ch\/conditions-dutilisation\/","og_locale":"de_DE","og_type":"article","og_title":"Impressum","og_description":"Exploitant La pr\u00e9sente plateforme Internet est exploit\u00e9e par\u00a0: Lexing \u2013 Switzerland Etude S\u00e9bastien Fanti Rue du Pr\u00e9-Fleuri 8B CP 497 1951 Sion (ci-apr\u00e8s\u00a0: Lexing) Absence d\u2019offre et de responsabilit\u00e9 Le fait de consulter et de lire la pr\u00e9sente plateforme Internet ne cr\u00e9e aucun rapport contractuel entre l\u2019utilisateur et le fournisseur pour une prestation de service [&hellip;]","og_url":"https:\/\/lexing.ch\/conditions-dutilisation\/","og_site_name":"Lexing Switzerland","article_publisher":"https:\/\/www.facebook.com\/Lexing.ch","article_modified_time":"2017-10-21T12:05:58+00:00","twitter_card":"summary_large_image","twitter_site":"@sebastienfanti","twitter_misc":{"Gesch\u00e4tzte Lesezeit":"2\u00a0Minuten"},"schema":{"@context":"https:\/\/schema.org","@graph":[{"@type":"WebPage","@id":"https:\/\/lexing.ch\/conditions-dutilisation\/","url":"https:\/\/lexing.ch\/conditions-dutilisation\/","name":"Impressum - Lexing Switzerland","isPartOf":{"@id":"https:\/\/lexing.ch\/#website"},"datePublished":"2016-01-18T08:49:30+00:00","dateModified":"2017-10-21T12:05:58+00:00","breadcrumb":{"@id":"https:\/\/lexing.ch\/conditions-dutilisation\/#breadcrumb"},"inLanguage":"de","potentialAction":[{"@type":"ReadAction","target":["https:\/\/lexing.ch\/conditions-dutilisation\/"]}]},{"@type":"BreadcrumbList","@id":"https:\/\/lexing.ch\/conditions-dutilisation\/#breadcrumb","itemListElement":[{"@type":"ListItem","position":1,"name":"Accueil","item":"https:\/\/lexing.ch\/de\/"},{"@type":"ListItem","position":2,"name":"Impressum"}]},{"@type":"WebSite","@id":"https:\/\/lexing.ch\/#website","url":"https:\/\/lexing.ch\/","name":"Lexing Switzerland","description":"Common sense. Innovative solutions.","publisher":{"@id":"https:\/\/lexing.ch\/#organization"},"potentialAction":[{"@type":"SearchAction","target":{"@type":"EntryPoint","urlTemplate":"https:\/\/lexing.ch\/?s={search_term_string}"},"query-input":{"@type":"PropertyValueSpecification","valueRequired":true,"valueName":"search_term_string"}}],"inLanguage":"de"},{"@type":"Organization","@id":"https:\/\/lexing.ch\/#organization","name":"Lexing.ch","url":"https:\/\/lexing.ch\/","logo":{"@type":"ImageObject","inLanguage":"de","@id":"https:\/\/lexing.ch\/#\/schema\/logo\/image\/","url":"https:\/\/lexing.ch\/wp-content\/uploads\/2018\/02\/logo-lexing-ch.png","contentUrl":"https:\/\/lexing.ch\/wp-content\/uploads\/2018\/02\/logo-lexing-ch.png","width":"500","height":"174","caption":"Lexing.ch"},"image":{"@id":"https:\/\/lexing.ch\/#\/schema\/logo\/image\/"},"sameAs":["https:\/\/www.facebook.com\/Lexing.ch","https:\/\/x.com\/sebastienfanti"]}]}},"acf":[],"_links":{"self":[{"href":"https:\/\/lexing.ch\/de\/wp-json\/wp\/v2\/pages\/10205","targetHints":{"allow":["GET"]}}],"collection":[{"href":"https:\/\/lexing.ch\/de\/wp-json\/wp\/v2\/pages"}],"about":[{"href":"https:\/\/lexing.ch\/de\/wp-json\/wp\/v2\/types\/page"}],"author":[{"embeddable":true,"href":"https:\/\/lexing.ch\/de\/wp-json\/wp\/v2\/users\/1"}],"replies":[{"embeddable":true,"href":"https:\/\/lexing.ch\/de\/wp-json\/wp\/v2\/comments?post=10205"}],"version-history":[{"count":5,"href":"https:\/\/lexing.ch\/de\/wp-json\/wp\/v2\/pages\/10205\/revisions"}],"predecessor-version":[{"id":36858,"href":"https:\/\/lexing.ch\/de\/wp-json\/wp\/v2\/pages\/10205\/revisions\/36858"}],"wp:attachment":[{"href":"https:\/\/lexing.ch\/de\/wp-json\/wp\/v2\/media?parent=10205"}],"curies":[{"name":"wp","href":"https:\/\/api.w.org\/{rel}","templated":true}]}}