{"id":10197,"date":"2016-02-03T09:33:00","date_gmt":"2016-02-03T08:33:00","guid":{"rendered":"http:\/\/lexing.ch\/de\/communaute\/"},"modified":"2022-10-04T10:43:21","modified_gmt":"2022-10-04T08:43:21","slug":"umwelt","status":"publish","type":"page","link":"https:\/\/lexing.ch\/de\/verein\/umwelt\/","title":{"rendered":"Gesellschaftsverantwortung"},"content":{"rendered":"<div>Jede Wirtschaftst\u00e4tigkeit hat Auswirkungen auf die Umwelt.<\/div>\n<div>Lexing ist sich dessen bewusst und hat sich dazu verpflichtet, diese Auswirkung zu minimieren:<\/div>\n<div>\n<h3>Partnerschaft mit Reforest\u2019action<\/h3>\n<p>Die Kanzlei und ihre Mitglieder sind eine Partnerschaft mit Reforest\u2019action eingegangen und haben die Pflanzung von 2.000 B\u00e4umen unterst\u00fctzt, um etwas f\u00fcr die W\u00e4lder zu tun und ihren \u00f6kologischen Fu\u00dfabdruck weiter zu verringern.<\/p>\n<p>Diese Partnerschaft ist langfristig angelegt und die Kanzlei wird auch in Zukunft die Pflanzung von B\u00e4umen finanzieren.<\/p>\n<p>Wenn Sie m\u00f6chten, k\u00f6nnen Sie auf\u00a0<a href=\"https:\/\/www.reforestaction.com\/en\/lexing\" target=\"_blank\" rel=\"noopener\">dieser Seite<\/a>\u00a0dazu beitragen.<\/p>\n<\/div>\n<h3>Minimierung des GEBRAUCHS VON Papier<\/h3>\n<p>auf wei\u00dfem Papier gedruckte Texte standardm\u00e4\u00dfig recto\/verso drucken (Entw\u00fcrfe, Kopien\u2026) ;<\/p>\n<ul>\n<li>das automatische Drucken aller E-Mails zu Gunsten eines \u00fcberlegten Druckens und einer elektronischen Archivierung abschaffen;<\/li>\n<li>eine elektronische Kopie der Unterlagen der Verfahrensakten behalten, um so \u00fcberfl\u00fcssiges Drucken einzugrenzen.<\/li>\n<\/ul>\n<h3>\u00d6ffentliche VerkehrSMITTEL oder FahrgemeinschaftEN<\/h3>\n<div>\n<p>Wir ermutigen unsere Mitglieder und unsere Kunden, die \u00f6ffentlichen Verkehrsmittel zu benutzen. Diese werden auf einem jeden der\u00a0Zufahrtspl\u00e4ne zu unseren B\u00fcros angegeben. Die Mitglieder der Vereinigung werden aufgefordert, Fahrgemeinschaften zu bilden, um sich zum B\u00fcro und zu gemeinsamen Sitzungen zu begeben.<\/p>\n<\/div>\n<h3>Telearbeit<\/h3>\n<p>Die Vereinigung ermutigt seit langem die Nutzung der Informations- und Kommunikationstechnologien. Jedes Mitglied der Kanzlei verf\u00fcgt \u00fcber einen gesicherten Zugang zum Datennetz der Kanzlei, der es ihm erlaubt, zu Hause zu arbeiten.<\/p>\n<h3>Nutzung von energiesparenden lampen<\/h3>\n<p>\u00dcberall, wo es m\u00f6glich ist, ersetzen wir die bestehenden Gl\u00fchbirnen und R\u00f6hren durch ein sparsameres \u00c4quivalent oder durch LEDs. Bei der Konzeption neuer B\u00fcros bevorzugen wir ebenfalls diese Technologien, sofern eine eventuelle Erhaltung der R\u00e4umlichkeiten dies erlaubt.<\/p>\n<h3>Beschr\u00e4nkung des Wasserverbrauchs<\/h3>\n<p>\u00dcberpr\u00fcfung auf Lecks, Einbau von Material, das den Verbrauch begrenzt\u2026<\/p>\n<h3>\u00b4GR\u00dcNE\u00b4 Informatik<\/h3>\n<p>Progressiver Ersatz der elektronischen Ausr\u00fcstung (PCs, Drucker und Kopierer, Bildschirme\u2026) durch Material mit weniger giftigen und Energie sparenden Bestandteilen.\u00a0<strong>Recycling <\/strong>von Batterien, Toner, Elektroger\u00e4ten.<\/p>\n<p>&nbsp;<\/p>\n<h3>Regelm\u00e4\u00dfiges Erinnern an die verantwortungsbewussten Gesten des Alltags, die ebenfalls f\u00fcr das B\u00fcro gelten<\/h3>\n<div class=\"content\">\n<div class=\"contentCMS\">\n<div>Wasser, Heizung, Beleuchtung, Selektives Sortieren der Abf\u00e4lle\u2026<\/div>\n<\/div>\n<\/div>\n","protected":false},"excerpt":{"rendered":"<p>Jede Wirtschaftst\u00e4tigkeit hat Auswirkungen auf die Umwelt. Lexing ist sich dessen bewusst und hat sich dazu verpflichtet, diese Auswirkung zu minimieren: Partnerschaft mit Reforest\u2019action Die Kanzlei und ihre Mitglieder sind eine Partnerschaft mit Reforest\u2019action eingegangen und haben die Pflanzung von 2.000 B\u00e4umen unterst\u00fctzt, um etwas f\u00fcr die W\u00e4lder zu tun und ihren \u00f6kologischen Fu\u00dfabdruck weiter [&hellip;]<\/p>\n","protected":false},"author":2,"featured_media":0,"parent":10233,"menu_order":81,"comment_status":"closed","ping_status":"closed","template":"template\/community.php","meta":{"_acf_changed":false,"footnotes":""},"class_list":["post-10197","page","type-page","status-publish","hentry"],"yoast_head":"<!-- This site is optimized with the Yoast SEO Premium plugin v20.11 (Yoast SEO v27.3) - https:\/\/yoast.com\/product\/yoast-seo-premium-wordpress\/ -->\n<title>Gesellschaftsverantwortung - Lexing Switzerland<\/title>\n<meta name=\"robots\" content=\"index, follow, max-snippet:-1, max-image-preview:large, max-video-preview:-1\" \/>\n<link rel=\"canonical\" href=\"https:\/\/lexing.ch\/association\/communaute\/\" \/>\n<meta property=\"og:locale\" content=\"de_DE\" \/>\n<meta property=\"og:type\" content=\"article\" \/>\n<meta property=\"og:title\" content=\"Gesellschaftsverantwortung\" \/>\n<meta property=\"og:description\" content=\"Jede Wirtschaftst\u00e4tigkeit hat Auswirkungen auf die Umwelt. Lexing ist sich dessen bewusst und hat sich dazu verpflichtet, diese Auswirkung zu minimieren: Partnerschaft mit Reforest\u2019action Die Kanzlei und ihre Mitglieder sind eine Partnerschaft mit Reforest\u2019action eingegangen und haben die Pflanzung von 2.000 B\u00e4umen unterst\u00fctzt, um etwas f\u00fcr die W\u00e4lder zu tun und ihren \u00f6kologischen Fu\u00dfabdruck weiter [&hellip;]\" \/>\n<meta property=\"og:url\" content=\"https:\/\/lexing.ch\/association\/communaute\/\" \/>\n<meta property=\"og:site_name\" content=\"Lexing Switzerland\" \/>\n<meta property=\"article:publisher\" content=\"https:\/\/www.facebook.com\/Lexing.ch\" \/>\n<meta property=\"article:modified_time\" content=\"2022-10-04T08:43:21+00:00\" \/>\n<meta name=\"twitter:card\" content=\"summary_large_image\" \/>\n<meta name=\"twitter:site\" content=\"@sebastienfanti\" \/>\n<meta name=\"twitter:label1\" content=\"Gesch\u00e4tzte Lesezeit\" \/>\n\t<meta name=\"twitter:data1\" content=\"2\u00a0Minuten\" \/>\n<script type=\"application\/ld+json\" class=\"yoast-schema-graph\">{\"@context\":\"https:\\\/\\\/schema.org\",\"@graph\":[{\"@type\":\"WebPage\",\"@id\":\"https:\\\/\\\/lexing.ch\\\/association\\\/communaute\\\/\",\"url\":\"https:\\\/\\\/lexing.ch\\\/association\\\/communaute\\\/\",\"name\":\"Gesellschaftsverantwortung - Lexing Switzerland\",\"isPartOf\":{\"@id\":\"https:\\\/\\\/lexing.ch\\\/#website\"},\"datePublished\":\"2016-02-03T08:33:00+00:00\",\"dateModified\":\"2022-10-04T08:43:21+00:00\",\"breadcrumb\":{\"@id\":\"https:\\\/\\\/lexing.ch\\\/association\\\/communaute\\\/#breadcrumb\"},\"inLanguage\":\"de\",\"potentialAction\":[{\"@type\":\"ReadAction\",\"target\":[\"https:\\\/\\\/lexing.ch\\\/association\\\/communaute\\\/\"]}]},{\"@type\":\"BreadcrumbList\",\"@id\":\"https:\\\/\\\/lexing.ch\\\/association\\\/communaute\\\/#breadcrumb\",\"itemListElement\":[{\"@type\":\"ListItem\",\"position\":1,\"name\":\"Accueil\",\"item\":\"https:\\\/\\\/lexing.ch\\\/de\\\/\"},{\"@type\":\"ListItem\",\"position\":2,\"name\":\"Verein\",\"item\":\"https:\\\/\\\/lexing.ch\\\/association\\\/\"},{\"@type\":\"ListItem\",\"position\":3,\"name\":\"Gesellschaftsverantwortung\"}]},{\"@type\":\"WebSite\",\"@id\":\"https:\\\/\\\/lexing.ch\\\/#website\",\"url\":\"https:\\\/\\\/lexing.ch\\\/\",\"name\":\"Lexing Switzerland\",\"description\":\"Common sense. Innovative solutions.\",\"publisher\":{\"@id\":\"https:\\\/\\\/lexing.ch\\\/#organization\"},\"potentialAction\":[{\"@type\":\"SearchAction\",\"target\":{\"@type\":\"EntryPoint\",\"urlTemplate\":\"https:\\\/\\\/lexing.ch\\\/?s={search_term_string}\"},\"query-input\":{\"@type\":\"PropertyValueSpecification\",\"valueRequired\":true,\"valueName\":\"search_term_string\"}}],\"inLanguage\":\"de\"},{\"@type\":\"Organization\",\"@id\":\"https:\\\/\\\/lexing.ch\\\/#organization\",\"name\":\"Lexing.ch\",\"url\":\"https:\\\/\\\/lexing.ch\\\/\",\"logo\":{\"@type\":\"ImageObject\",\"inLanguage\":\"de\",\"@id\":\"https:\\\/\\\/lexing.ch\\\/#\\\/schema\\\/logo\\\/image\\\/\",\"url\":\"https:\\\/\\\/lexing.ch\\\/wp-content\\\/uploads\\\/2018\\\/02\\\/logo-lexing-ch.png\",\"contentUrl\":\"https:\\\/\\\/lexing.ch\\\/wp-content\\\/uploads\\\/2018\\\/02\\\/logo-lexing-ch.png\",\"width\":\"500\",\"height\":\"174\",\"caption\":\"Lexing.ch\"},\"image\":{\"@id\":\"https:\\\/\\\/lexing.ch\\\/#\\\/schema\\\/logo\\\/image\\\/\"},\"sameAs\":[\"https:\\\/\\\/www.facebook.com\\\/Lexing.ch\",\"https:\\\/\\\/x.com\\\/sebastienfanti\"]}]}<\/script>\n<!-- \/ Yoast SEO Premium plugin. -->","yoast_head_json":{"title":"Gesellschaftsverantwortung - Lexing Switzerland","robots":{"index":"index","follow":"follow","max-snippet":"max-snippet:-1","max-image-preview":"max-image-preview:large","max-video-preview":"max-video-preview:-1"},"canonical":"https:\/\/lexing.ch\/association\/communaute\/","og_locale":"de_DE","og_type":"article","og_title":"Gesellschaftsverantwortung","og_description":"Jede Wirtschaftst\u00e4tigkeit hat Auswirkungen auf die Umwelt. Lexing ist sich dessen bewusst und hat sich dazu verpflichtet, diese Auswirkung zu minimieren: Partnerschaft mit Reforest\u2019action Die Kanzlei und ihre Mitglieder sind eine Partnerschaft mit Reforest\u2019action eingegangen und haben die Pflanzung von 2.000 B\u00e4umen unterst\u00fctzt, um etwas f\u00fcr die W\u00e4lder zu tun und ihren \u00f6kologischen Fu\u00dfabdruck weiter [&hellip;]","og_url":"https:\/\/lexing.ch\/association\/communaute\/","og_site_name":"Lexing Switzerland","article_publisher":"https:\/\/www.facebook.com\/Lexing.ch","article_modified_time":"2022-10-04T08:43:21+00:00","twitter_card":"summary_large_image","twitter_site":"@sebastienfanti","twitter_misc":{"Gesch\u00e4tzte Lesezeit":"2\u00a0Minuten"},"schema":{"@context":"https:\/\/schema.org","@graph":[{"@type":"WebPage","@id":"https:\/\/lexing.ch\/association\/communaute\/","url":"https:\/\/lexing.ch\/association\/communaute\/","name":"Gesellschaftsverantwortung - Lexing Switzerland","isPartOf":{"@id":"https:\/\/lexing.ch\/#website"},"datePublished":"2016-02-03T08:33:00+00:00","dateModified":"2022-10-04T08:43:21+00:00","breadcrumb":{"@id":"https:\/\/lexing.ch\/association\/communaute\/#breadcrumb"},"inLanguage":"de","potentialAction":[{"@type":"ReadAction","target":["https:\/\/lexing.ch\/association\/communaute\/"]}]},{"@type":"BreadcrumbList","@id":"https:\/\/lexing.ch\/association\/communaute\/#breadcrumb","itemListElement":[{"@type":"ListItem","position":1,"name":"Accueil","item":"https:\/\/lexing.ch\/de\/"},{"@type":"ListItem","position":2,"name":"Verein","item":"https:\/\/lexing.ch\/association\/"},{"@type":"ListItem","position":3,"name":"Gesellschaftsverantwortung"}]},{"@type":"WebSite","@id":"https:\/\/lexing.ch\/#website","url":"https:\/\/lexing.ch\/","name":"Lexing Switzerland","description":"Common sense. Innovative solutions.","publisher":{"@id":"https:\/\/lexing.ch\/#organization"},"potentialAction":[{"@type":"SearchAction","target":{"@type":"EntryPoint","urlTemplate":"https:\/\/lexing.ch\/?s={search_term_string}"},"query-input":{"@type":"PropertyValueSpecification","valueRequired":true,"valueName":"search_term_string"}}],"inLanguage":"de"},{"@type":"Organization","@id":"https:\/\/lexing.ch\/#organization","name":"Lexing.ch","url":"https:\/\/lexing.ch\/","logo":{"@type":"ImageObject","inLanguage":"de","@id":"https:\/\/lexing.ch\/#\/schema\/logo\/image\/","url":"https:\/\/lexing.ch\/wp-content\/uploads\/2018\/02\/logo-lexing-ch.png","contentUrl":"https:\/\/lexing.ch\/wp-content\/uploads\/2018\/02\/logo-lexing-ch.png","width":"500","height":"174","caption":"Lexing.ch"},"image":{"@id":"https:\/\/lexing.ch\/#\/schema\/logo\/image\/"},"sameAs":["https:\/\/www.facebook.com\/Lexing.ch","https:\/\/x.com\/sebastienfanti"]}]}},"acf":[],"_links":{"self":[{"href":"https:\/\/lexing.ch\/de\/wp-json\/wp\/v2\/pages\/10197","targetHints":{"allow":["GET"]}}],"collection":[{"href":"https:\/\/lexing.ch\/de\/wp-json\/wp\/v2\/pages"}],"about":[{"href":"https:\/\/lexing.ch\/de\/wp-json\/wp\/v2\/types\/page"}],"author":[{"embeddable":true,"href":"https:\/\/lexing.ch\/de\/wp-json\/wp\/v2\/users\/2"}],"replies":[{"embeddable":true,"href":"https:\/\/lexing.ch\/de\/wp-json\/wp\/v2\/comments?post=10197"}],"version-history":[{"count":3,"href":"https:\/\/lexing.ch\/de\/wp-json\/wp\/v2\/pages\/10197\/revisions"}],"predecessor-version":[{"id":48484,"href":"https:\/\/lexing.ch\/de\/wp-json\/wp\/v2\/pages\/10197\/revisions\/48484"}],"up":[{"embeddable":true,"href":"https:\/\/lexing.ch\/de\/wp-json\/wp\/v2\/pages\/10233"}],"wp:attachment":[{"href":"https:\/\/lexing.ch\/de\/wp-json\/wp\/v2\/media?parent=10197"}],"curies":[{"name":"wp","href":"https:\/\/api.w.org\/{rel}","templated":true}]}}