{"id":10196,"date":"2016-02-03T09:34:29","date_gmt":"2016-02-03T08:34:29","guid":{"rendered":"http:\/\/lexing.ch\/de\/earlegal\/"},"modified":"2017-09-19T14:28:21","modified_gmt":"2017-09-19T12:28:21","slug":"video","status":"publish","type":"page","link":"https:\/\/lexing.ch\/de\/akademie\/video\/","title":{"rendered":"Videos"},"content":{"rendered":"<h3>Ort und Zeit<\/h3>\n<p>8B, Rue de Pr\u00e9-Fleuri\u00a0-1951 Sion<\/p>\n<h3>Teilnahme kostenlos<\/h3>\n<p>Wenn Sie teilnehmen m\u00f6chten, m\u00fcssen Sie sich vorher anmelden, doch die Teilnahme selbst ist kostenlos (sofern freie Pl\u00e4tze zur Verf\u00fcgung stehen).<\/p>\n<h3>Zielgruppe<\/h3>\n<p>Unternehmensjuristen<\/p>\n<h3>Sie k\u00f6nnen nicht an unseren Fr\u00fchst\u00fccksrunden teilnehmen?<\/h3>\n<p>Schauen Sie sich in den Tagen danach das Video auf unserer Webseite an.<\/p>\n","protected":false},"excerpt":{"rendered":"<p>Ort und Zeit 8B, Rue de Pr\u00e9-Fleuri\u00a0-1951 Sion Teilnahme kostenlos Wenn Sie teilnehmen m\u00f6chten, m\u00fcssen Sie sich vorher anmelden, doch die Teilnahme selbst ist kostenlos (sofern freie Pl\u00e4tze zur Verf\u00fcgung stehen). Zielgruppe Unternehmensjuristen Sie k\u00f6nnen nicht an unseren Fr\u00fchst\u00fccksrunden teilnehmen? Schauen Sie sich in den Tagen danach das Video auf unserer Webseite an.<\/p>\n","protected":false},"author":2,"featured_media":0,"parent":10202,"menu_order":58,"comment_status":"closed","ping_status":"closed","template":"template\/earlegal.php","meta":{"_acf_changed":false,"footnotes":""},"class_list":["post-10196","page","type-page","status-publish","hentry"],"yoast_head":"<!-- This site is optimized with the Yoast SEO Premium plugin v20.11 (Yoast SEO v27.5) - https:\/\/yoast.com\/product\/yoast-seo-premium-wordpress\/ -->\n<title>Videos - Lexing Switzerland<\/title>\n<meta name=\"description\" content=\"Videos unserer fr\u00fchst\u00fcckskonferenzen !\" \/>\n<meta name=\"robots\" content=\"index, follow, max-snippet:-1, max-image-preview:large, max-video-preview:-1\" \/>\n<link rel=\"canonical\" href=\"https:\/\/lexing.ch\/de\/akademie\/video\/\" \/>\n<meta property=\"og:locale\" content=\"de_DE\" \/>\n<meta property=\"og:type\" content=\"article\" \/>\n<meta property=\"og:title\" content=\"Videos\" \/>\n<meta property=\"og:description\" content=\"Videos unserer fr\u00fchst\u00fcckskonferenzen !\" \/>\n<meta property=\"og:url\" content=\"https:\/\/lexing.ch\/de\/akademie\/video\/\" \/>\n<meta property=\"og:site_name\" content=\"Lexing Switzerland\" \/>\n<meta property=\"article:publisher\" content=\"https:\/\/www.facebook.com\/Lexing.ch\" \/>\n<meta property=\"article:modified_time\" content=\"2017-09-19T12:28:21+00:00\" \/>\n<meta name=\"twitter:card\" content=\"summary_large_image\" \/>\n<meta name=\"twitter:image\" content=\"http:\/\/lexing.ch\/wp-content\/uploads\/2016\/10\/earlegal-cam.jpg\" \/>\n<meta name=\"twitter:site\" content=\"@sebastienfanti\" \/>\n<script type=\"application\/ld+json\" class=\"yoast-schema-graph\">{\"@context\":\"https:\\\/\\\/schema.org\",\"@graph\":[{\"@type\":\"WebPage\",\"@id\":\"https:\\\/\\\/lexing.ch\\\/de\\\/akademie\\\/video\\\/\",\"url\":\"https:\\\/\\\/lexing.ch\\\/de\\\/akademie\\\/video\\\/\",\"name\":\"Videos - Lexing Switzerland\",\"isPartOf\":{\"@id\":\"https:\\\/\\\/lexing.ch\\\/#website\"},\"datePublished\":\"2016-02-03T08:34:29+00:00\",\"dateModified\":\"2017-09-19T12:28:21+00:00\",\"description\":\"Videos unserer fr\u00fchst\u00fcckskonferenzen !\",\"breadcrumb\":{\"@id\":\"https:\\\/\\\/lexing.ch\\\/de\\\/akademie\\\/video\\\/#breadcrumb\"},\"inLanguage\":\"de\",\"potentialAction\":[{\"@type\":\"ReadAction\",\"target\":[\"https:\\\/\\\/lexing.ch\\\/de\\\/akademie\\\/video\\\/\"]}]},{\"@type\":\"BreadcrumbList\",\"@id\":\"https:\\\/\\\/lexing.ch\\\/de\\\/akademie\\\/video\\\/#breadcrumb\",\"itemListElement\":[{\"@type\":\"ListItem\",\"position\":1,\"name\":\"Accueil\",\"item\":\"https:\\\/\\\/lexing.ch\\\/de\\\/\"},{\"@type\":\"ListItem\",\"position\":2,\"name\":\"Akademie\",\"item\":\"https:\\\/\\\/lexing.ch\\\/de\\\/akademie\\\/\"},{\"@type\":\"ListItem\",\"position\":3,\"name\":\"Videos\"}]},{\"@type\":\"WebSite\",\"@id\":\"https:\\\/\\\/lexing.ch\\\/#website\",\"url\":\"https:\\\/\\\/lexing.ch\\\/\",\"name\":\"Lexing Switzerland\",\"description\":\"Common sense. Innovative solutions.\",\"publisher\":{\"@id\":\"https:\\\/\\\/lexing.ch\\\/#organization\"},\"potentialAction\":[{\"@type\":\"SearchAction\",\"target\":{\"@type\":\"EntryPoint\",\"urlTemplate\":\"https:\\\/\\\/lexing.ch\\\/?s={search_term_string}\"},\"query-input\":{\"@type\":\"PropertyValueSpecification\",\"valueRequired\":true,\"valueName\":\"search_term_string\"}}],\"inLanguage\":\"de\"},{\"@type\":\"Organization\",\"@id\":\"https:\\\/\\\/lexing.ch\\\/#organization\",\"name\":\"Lexing.ch\",\"url\":\"https:\\\/\\\/lexing.ch\\\/\",\"logo\":{\"@type\":\"ImageObject\",\"inLanguage\":\"de\",\"@id\":\"https:\\\/\\\/lexing.ch\\\/#\\\/schema\\\/logo\\\/image\\\/\",\"url\":\"https:\\\/\\\/lexing.ch\\\/wp-content\\\/uploads\\\/2018\\\/02\\\/logo-lexing-ch.png\",\"contentUrl\":\"https:\\\/\\\/lexing.ch\\\/wp-content\\\/uploads\\\/2018\\\/02\\\/logo-lexing-ch.png\",\"width\":\"500\",\"height\":\"174\",\"caption\":\"Lexing.ch\"},\"image\":{\"@id\":\"https:\\\/\\\/lexing.ch\\\/#\\\/schema\\\/logo\\\/image\\\/\"},\"sameAs\":[\"https:\\\/\\\/www.facebook.com\\\/Lexing.ch\",\"https:\\\/\\\/x.com\\\/sebastienfanti\"]}]}<\/script>\n<!-- \/ Yoast SEO Premium plugin. -->","yoast_head_json":{"title":"Videos - Lexing Switzerland","description":"Videos unserer fr\u00fchst\u00fcckskonferenzen !","robots":{"index":"index","follow":"follow","max-snippet":"max-snippet:-1","max-image-preview":"max-image-preview:large","max-video-preview":"max-video-preview:-1"},"canonical":"https:\/\/lexing.ch\/de\/akademie\/video\/","og_locale":"de_DE","og_type":"article","og_title":"Videos","og_description":"Videos unserer fr\u00fchst\u00fcckskonferenzen !","og_url":"https:\/\/lexing.ch\/de\/akademie\/video\/","og_site_name":"Lexing Switzerland","article_publisher":"https:\/\/www.facebook.com\/Lexing.ch","article_modified_time":"2017-09-19T12:28:21+00:00","twitter_card":"summary_large_image","twitter_image":"http:\/\/lexing.ch\/wp-content\/uploads\/2016\/10\/earlegal-cam.jpg","twitter_site":"@sebastienfanti","schema":{"@context":"https:\/\/schema.org","@graph":[{"@type":"WebPage","@id":"https:\/\/lexing.ch\/de\/akademie\/video\/","url":"https:\/\/lexing.ch\/de\/akademie\/video\/","name":"Videos - Lexing Switzerland","isPartOf":{"@id":"https:\/\/lexing.ch\/#website"},"datePublished":"2016-02-03T08:34:29+00:00","dateModified":"2017-09-19T12:28:21+00:00","description":"Videos unserer fr\u00fchst\u00fcckskonferenzen !","breadcrumb":{"@id":"https:\/\/lexing.ch\/de\/akademie\/video\/#breadcrumb"},"inLanguage":"de","potentialAction":[{"@type":"ReadAction","target":["https:\/\/lexing.ch\/de\/akademie\/video\/"]}]},{"@type":"BreadcrumbList","@id":"https:\/\/lexing.ch\/de\/akademie\/video\/#breadcrumb","itemListElement":[{"@type":"ListItem","position":1,"name":"Accueil","item":"https:\/\/lexing.ch\/de\/"},{"@type":"ListItem","position":2,"name":"Akademie","item":"https:\/\/lexing.ch\/de\/akademie\/"},{"@type":"ListItem","position":3,"name":"Videos"}]},{"@type":"WebSite","@id":"https:\/\/lexing.ch\/#website","url":"https:\/\/lexing.ch\/","name":"Lexing Switzerland","description":"Common sense. Innovative solutions.","publisher":{"@id":"https:\/\/lexing.ch\/#organization"},"potentialAction":[{"@type":"SearchAction","target":{"@type":"EntryPoint","urlTemplate":"https:\/\/lexing.ch\/?s={search_term_string}"},"query-input":{"@type":"PropertyValueSpecification","valueRequired":true,"valueName":"search_term_string"}}],"inLanguage":"de"},{"@type":"Organization","@id":"https:\/\/lexing.ch\/#organization","name":"Lexing.ch","url":"https:\/\/lexing.ch\/","logo":{"@type":"ImageObject","inLanguage":"de","@id":"https:\/\/lexing.ch\/#\/schema\/logo\/image\/","url":"https:\/\/lexing.ch\/wp-content\/uploads\/2018\/02\/logo-lexing-ch.png","contentUrl":"https:\/\/lexing.ch\/wp-content\/uploads\/2018\/02\/logo-lexing-ch.png","width":"500","height":"174","caption":"Lexing.ch"},"image":{"@id":"https:\/\/lexing.ch\/#\/schema\/logo\/image\/"},"sameAs":["https:\/\/www.facebook.com\/Lexing.ch","https:\/\/x.com\/sebastienfanti"]}]}},"acf":[],"_links":{"self":[{"href":"https:\/\/lexing.ch\/de\/wp-json\/wp\/v2\/pages\/10196","targetHints":{"allow":["GET"]}}],"collection":[{"href":"https:\/\/lexing.ch\/de\/wp-json\/wp\/v2\/pages"}],"about":[{"href":"https:\/\/lexing.ch\/de\/wp-json\/wp\/v2\/types\/page"}],"author":[{"embeddable":true,"href":"https:\/\/lexing.ch\/de\/wp-json\/wp\/v2\/users\/2"}],"replies":[{"embeddable":true,"href":"https:\/\/lexing.ch\/de\/wp-json\/wp\/v2\/comments?post=10196"}],"version-history":[{"count":5,"href":"https:\/\/lexing.ch\/de\/wp-json\/wp\/v2\/pages\/10196\/revisions"}],"predecessor-version":[{"id":36629,"href":"https:\/\/lexing.ch\/de\/wp-json\/wp\/v2\/pages\/10196\/revisions\/36629"}],"up":[{"embeddable":true,"href":"https:\/\/lexing.ch\/de\/wp-json\/wp\/v2\/pages\/10202"}],"wp:attachment":[{"href":"https:\/\/lexing.ch\/de\/wp-json\/wp\/v2\/media?parent=10196"}],"curies":[{"name":"wp","href":"https:\/\/api.w.org\/{rel}","templated":true}]}}